{"id":13,"date":"2020-09-23T09:33:43","date_gmt":"2020-09-23T07:33:43","guid":{"rendered":"https:\/\/aimm.tutoriale.pro\/?page_id=13"},"modified":"2021-05-10T10:36:46","modified_gmt":"2021-05-10T08:36:46","slug":"reglementari-privind-calatoria","status":"publish","type":"page","link":"https:\/\/arhiva.aimm.eu\/en\/informatii-pasageri\/informatii-utile\/reglementari-privind-calatoria\/","title":{"rendered":"Reglement\u0103ri privind c\u0103l\u0103toria"},"content":{"rendered":"<h3 style=\"text-align: center\"><\/h3>\n<h3 style=\"text-align: center\"><span style=\"color: #0000ff\"><a href=\"https:\/\/www.sri.ro\/controlul-de-securitate\" target=\"_blank\" rel=\"noopener\">Control \u0219i securitate<\/a><\/span><span style=\"color: #0000ff\"><strong>\u00a0<\/strong><\/span><\/h3>\n<h3 style=\"text-align: center\"><a href=\"https:\/\/www.sri.ro\/articole-interzise-in-avion\" target=\"_blank\" rel=\"noopener\"><span style=\"color: #0000ff\">\u00a0 Articole interzise<\/span><\/a><\/h3>\n<h3 style=\"text-align: center\"><span style=\"color: #0000ff\">\u00a0 <a href=\"https:\/\/www.sri.ro\/lichide-in-avion\" target=\"_blank\" rel=\"noopener\">Restric\u021bii lichide<\/a><\/span><\/h3>\n<h3 style=\"text-align: center\"><a href=\"https:\/\/www.sri.ro\/inainte-de-a-ajunge-la-aeroport\" target=\"_blank\" rel=\"noopener\"><span style=\"color: #0000ff\">\u00a0 Informa\u021bii utile<\/span><\/a><\/h3>\n<h3 style=\"text-align: center\"><a href=\"https:\/\/www.sri.ro\/insotitorii-inarmati\" target=\"_blank\" rel=\"noopener\"><span style=\"color: #0000ff\">\u00a0\u00censo\u021bitorii \u00eenarma\u021bi<\/span><\/a><\/h3>","protected":false},"excerpt":{"rendered":"<p>Control \u0219i securitate\u00a0 \u00a0 Articole interzise \u00a0 Restric\u021bii lichide \u00a0 Informa\u021bii utile \u00a0\u00censo\u021bitorii \u00eenarma\u021bi<\/p>","protected":false},"author":1,"featured_media":0,"parent":11,"menu_order":0,"comment_status":"closed","ping_status":"closed","template":"","meta":[],"acf":[],"yoast_head":"<!-- This site is optimized with the Yoast SEO plugin v17.5 - https:\/\/yoast.com\/wordpress\/plugins\/seo\/ -->\n<meta name=\"robots\" content=\"noindex, follow, max-snippet:-1, max-image-preview:large, max-video-preview:-1\" \/>\n<meta property=\"og:locale\" content=\"en_GB\" \/>\n<meta property=\"og:type\" content=\"article\" \/>\n<meta property=\"og:title\" content=\"Reglement\u0103ri privind c\u0103l\u0103toria - AIMM\" \/>\n<meta property=\"og:description\" content=\"Control \u0219i securitate\u00a0 \u00a0 Articole interzise \u00a0 Restric\u021bii lichide \u00a0 Informa\u021bii utile \u00a0\u00censo\u021bitorii \u00eenarma\u021bi\" \/>\n<meta property=\"og:url\" content=\"https:\/\/arhiva.aimm.eu\/en\/informatii-pasageri\/informatii-utile\/reglementari-privind-calatoria\/\" \/>\n<meta property=\"og:site_name\" content=\"AIMM\" \/>\n<meta property=\"article:modified_time\" content=\"2021-05-10T08:36:46+00:00\" \/>\n<meta name=\"twitter:card\" content=\"summary_large_image\" \/>\n<meta name=\"twitter:label1\" content=\"Estimated reading time\" \/>\n\t<meta name=\"twitter:data1\" content=\"1 minute\" \/>\n<script type=\"application\/ld+json\" class=\"yoast-schema-graph\">{\"@context\":\"https:\/\/schema.org\",\"@graph\":[{\"@type\":\"WebSite\",\"@id\":\"https:\/\/arhiva.aimm.eu\/#website\",\"url\":\"https:\/\/arhiva.aimm.eu\/\",\"name\":\"AIMM\",\"description\":\"Aeroportul Interna\\u021bional Maramure\\u0219\",\"potentialAction\":[{\"@type\":\"SearchAction\",\"target\":{\"@type\":\"EntryPoint\",\"urlTemplate\":\"https:\/\/arhiva.aimm.eu\/?s={search_term_string}\"},\"query-input\":\"required name=search_term_string\"}],\"inLanguage\":\"en-GB\"},{\"@type\":\"WebPage\",\"@id\":\"https:\/\/arhiva.aimm.eu\/informatii-pasageri\/informatii-utile\/reglementari-privind-calatoria\/#webpage\",\"url\":\"https:\/\/arhiva.aimm.eu\/informatii-pasageri\/informatii-utile\/reglementari-privind-calatoria\/\",\"name\":\"Reglement\\u0103ri privind c\\u0103l\\u0103toria - AIMM\",\"isPartOf\":{\"@id\":\"https:\/\/arhiva.aimm.eu\/#website\"},\"datePublished\":\"2020-09-23T07:33:43+00:00\",\"dateModified\":\"2021-05-10T08:36:46+00:00\",\"breadcrumb\":{\"@id\":\"https:\/\/arhiva.aimm.eu\/informatii-pasageri\/informatii-utile\/reglementari-privind-calatoria\/#breadcrumb\"},\"inLanguage\":\"en-GB\",\"potentialAction\":[{\"@type\":\"ReadAction\",\"target\":[\"https:\/\/arhiva.aimm.eu\/informatii-pasageri\/informatii-utile\/reglementari-privind-calatoria\/\"]}]},{\"@type\":\"BreadcrumbList\",\"@id\":\"https:\/\/arhiva.aimm.eu\/informatii-pasageri\/informatii-utile\/reglementari-privind-calatoria\/#breadcrumb\",\"itemListElement\":[{\"@type\":\"ListItem\",\"position\":1,\"name\":\"Home\",\"item\":\"https:\/\/arhiva.aimm.eu\/\"},{\"@type\":\"ListItem\",\"position\":2,\"name\":\"Informa\\u021bii pasageri\",\"item\":\"https:\/\/arhiva.aimm.eu\/informatii-pasageri\/\"},{\"@type\":\"ListItem\",\"position\":3,\"name\":\"Informa\\u021bii utile\",\"item\":\"https:\/\/arhiva.aimm.eu\/informatii-pasageri\/informatii-utile\/\"},{\"@type\":\"ListItem\",\"position\":4,\"name\":\"Reglement\\u0103ri privind c\\u0103l\\u0103toria\"}]}]}<\/script>\n<!-- \/ Yoast SEO plugin. -->","yoast_head_json":{"robots":{"index":"noindex","follow":"follow","max-snippet":"max-snippet:-1","max-image-preview":"max-image-preview:large","max-video-preview":"max-video-preview:-1"},"og_locale":"en_GB","og_type":"article","og_title":"Reglement\u0103ri privind c\u0103l\u0103toria - AIMM","og_description":"Control \u0219i securitate\u00a0 \u00a0 Articole interzise \u00a0 Restric\u021bii lichide \u00a0 Informa\u021bii utile \u00a0\u00censo\u021bitorii \u00eenarma\u021bi","og_url":"https:\/\/arhiva.aimm.eu\/en\/informatii-pasageri\/informatii-utile\/reglementari-privind-calatoria\/","og_site_name":"AIMM","article_modified_time":"2021-05-10T08:36:46+00:00","twitter_card":"summary_large_image","twitter_misc":{"Estimated reading time":"1 minute"},"schema":{"@context":"https:\/\/schema.org","@graph":[{"@type":"WebSite","@id":"https:\/\/arhiva.aimm.eu\/#website","url":"https:\/\/arhiva.aimm.eu\/","name":"AIMM","description":"Aeroportul Interna\u021bional Maramure\u0219","potentialAction":[{"@type":"SearchAction","target":{"@type":"EntryPoint","urlTemplate":"https:\/\/arhiva.aimm.eu\/?s={search_term_string}"},"query-input":"required name=search_term_string"}],"inLanguage":"en-GB"},{"@type":"WebPage","@id":"https:\/\/arhiva.aimm.eu\/informatii-pasageri\/informatii-utile\/reglementari-privind-calatoria\/#webpage","url":"https:\/\/arhiva.aimm.eu\/informatii-pasageri\/informatii-utile\/reglementari-privind-calatoria\/","name":"Reglement\u0103ri privind c\u0103l\u0103toria - AIMM","isPartOf":{"@id":"https:\/\/arhiva.aimm.eu\/#website"},"datePublished":"2020-09-23T07:33:43+00:00","dateModified":"2021-05-10T08:36:46+00:00","breadcrumb":{"@id":"https:\/\/arhiva.aimm.eu\/informatii-pasageri\/informatii-utile\/reglementari-privind-calatoria\/#breadcrumb"},"inLanguage":"en-GB","potentialAction":[{"@type":"ReadAction","target":["https:\/\/arhiva.aimm.eu\/informatii-pasageri\/informatii-utile\/reglementari-privind-calatoria\/"]}]},{"@type":"BreadcrumbList","@id":"https:\/\/arhiva.aimm.eu\/informatii-pasageri\/informatii-utile\/reglementari-privind-calatoria\/#breadcrumb","itemListElement":[{"@type":"ListItem","position":1,"name":"Home","item":"https:\/\/arhiva.aimm.eu\/"},{"@type":"ListItem","position":2,"name":"Informa\u021bii pasageri","item":"https:\/\/arhiva.aimm.eu\/informatii-pasageri\/"},{"@type":"ListItem","position":3,"name":"Informa\u021bii utile","item":"https:\/\/arhiva.aimm.eu\/informatii-pasageri\/informatii-utile\/"},{"@type":"ListItem","position":4,"name":"Reglement\u0103ri privind c\u0103l\u0103toria"}]}]}},"_links":{"self":[{"href":"https:\/\/arhiva.aimm.eu\/en\/wp-json\/wp\/v2\/pages\/13"}],"collection":[{"href":"https:\/\/arhiva.aimm.eu\/en\/wp-json\/wp\/v2\/pages"}],"about":[{"href":"https:\/\/arhiva.aimm.eu\/en\/wp-json\/wp\/v2\/types\/page"}],"author":[{"embeddable":true,"href":"https:\/\/arhiva.aimm.eu\/en\/wp-json\/wp\/v2\/users\/1"}],"replies":[{"embeddable":true,"href":"https:\/\/arhiva.aimm.eu\/en\/wp-json\/wp\/v2\/comments?post=13"}],"version-history":[{"count":22,"href":"https:\/\/arhiva.aimm.eu\/en\/wp-json\/wp\/v2\/pages\/13\/revisions"}],"predecessor-version":[{"id":1462,"href":"https:\/\/arhiva.aimm.eu\/en\/wp-json\/wp\/v2\/pages\/13\/revisions\/1462"}],"up":[{"embeddable":true,"href":"https:\/\/arhiva.aimm.eu\/en\/wp-json\/wp\/v2\/pages\/11"}],"wp:attachment":[{"href":"https:\/\/arhiva.aimm.eu\/en\/wp-json\/wp\/v2\/media?parent=13"}],"curies":[{"name":"wp","href":"https:\/\/api.w.org\/{rel}","templated":true}]}}