{"id":15,"date":"2020-09-23T09:34:01","date_gmt":"2020-09-23T09:34:01","guid":{"rendered":"https:\/\/aimm.tutoriale.pro\/?page_id=15"},"modified":"2020-12-21T14:08:16","modified_gmt":"2020-12-21T12:08:16","slug":"reguli-privind-bagajele","status":"publish","type":"page","link":"https:\/\/arhiva.aimm.eu\/en\/informatii-pasageri\/informatii-utile\/reguli-privind-bagajele\/","title":{"rendered":"Reguli privind bagajele"},"content":{"rendered":"<p>Pasagerii sunt ruga\u021bi s\u0103 verifice politica companiei aeriene cu care opereaz\u0103 zborul.<\/p>\n<p>Informa\u021biile referitoare la bagajele de cal\u0103 \u0219i de m\u00e2n\u0103 se gasesc acces\u00e2nd link-urile de mai jos:<\/p>\n<ul>\n<li><a href=\"https:\/\/www.tarom.ro\/informatii-pasageri\/bagaje\/bagaje-de-mana.html\">TAROM Bagaj de m\u00e2n\u0103 <\/a><\/li>\n<li><a href=\"https:\/\/www.flyblueair.com\/ro\/ro\/bagajul\/\">Blue Air Bagaj de m\u00e2n\u0103 <\/a><\/li>\n<\/ul>\n<p>&nbsp;<\/p>\n<ul>\n<li><a href=\"https:\/\/www.tarom.ro\/bagaje-de-cala\">TAROM Bagaj de cal\u0103 <\/a><\/li>\n<li><a href=\"https:\/\/www.flyblueair.com\/ro\/ro\/bagajul\/\">Blue Air Bagaj de cal\u0103<\/a><\/li>\n<\/ul>\n<p>&nbsp;<\/p>\n<h3><span class=\"fontstyle0\">CONTROLUL DE SECURITATE AL BAGAJELOR DE M\u00c2N\u0102<\/span>\u00a0conform R<span class=\"fontstyle0\">EGULAMENTULUI DE PUNERE \u00ceN APLICARE (UE) 2015\/1998 AL COMISIEI<\/span><\/h3>\n<p><span class=\"fontstyle0\">Atunci c\u00e2nd lichidele, aerosolii \u0219i gelurile au fost scoase din bagajul de m\u00e2n\u0103, pasagerul trebuie s\u0103 prezinte:<br \/>\n(a) toate lichidele, aerosolii \u0219i gelurile ambalate \u00een recipiente individuale cu o capacitate de maximum 100 de mililitri sau echivalent, \u00eentr-o pung\u0103 de plastic transparent\u0103 resigilabil\u0103 cu capacitatea de maximum 1 litru, \u00een care articolele con\u0163inute \u00eencap confortabil \u0219i care este complet \u00eenchis\u0103; \u0219i<\/span><\/p>\n<p><span class=\"fontstyle0\">(b) toate celelalte lichide, aerosoli \u0219i geluri, inclusiv pungile STEB con\u0163in\u00e2nd lichide, aerosoli \u0219i geluri.<br \/>\nAutorit\u0103\u0163ile competente, companiile aeriene \u0219i aeroporturile trebuie s\u0103<br \/>\nfurnizeze pasagerilor informa\u0163ii adecvate \u00een ceea ce prive\u0219te controlul<br \/>\nde securitate al lichidelor, aerosolilor \u0219i gelurilor practicat la aeroporturile lor.<\/span><\/p>\n<p><strong><span class=\"fontstyle2\">Controlul de securitate al lichidelor, aerosolilor \u0219i gelurilor<br \/>\n<\/span><\/strong><span class=\"fontstyle0\">Lichidele, aerosolii \u0219i gelurile transportate de pasageri pot fi exceptate de la controlul de securitate cu echipamente LEDS la intrarea \u00eentr-o zon\u0103 de securitate cu acces restric\u0163ionat numai dac\u0103 sunt ambalate \u00een recipiente individuale cu capacitatea de maximum 100 de mililitri sau echivalent \u0219i se afl\u0103 \u00eentr-o singur\u0103 pung\u0103 de plastic transparent\u0103 resigilabil\u0103 cu capacitatea de maximum 1 litru, \u00een care articolele con\u0163inute \u00eencap confortabil \u0219i care este complet \u00eenchis\u0103.<br \/>\n<\/span><span class=\"fontstyle0\">__________<br \/>\n<\/span><span class=\"fontstyle0\">Autoritatea competent\u0103 poate stabili categorii de lichide, aerosoli \u0219i geluri care, din motive obiective, trebuie supuse unor proceduri speciale de control de securitate sau pot fi exceptate de la acest control. Comisia trebuie informat\u0103 cu privire la categoriile stabilite.<br \/>\nControlul de securitate al lichidelor, aerosolilor \u0219i gelurilor face de asemenea obiectul dispozi\u0163iilor suplimentare prev\u0103zute \u00een Decizia de punere \u00een aplicare C(2015) 8005 a Comisiei.<br \/>\n<\/span><\/p>\n<p><strong>ARTICOLE INTERZISE<\/strong><\/p>\n<ol>\n<li><span class=\"fontstyle0\">Pasagerilor li se interzice introducerea \u00een zonele de securitate cu acces restric\u0163ionat sau la bordul unei aeronave a articolelor enumerate \u00een &#8216;LISTA ARTICOLELOR INTERZISE&#8217; de mai jos.<\/span><\/li>\n<li><span class=\"fontstyle0\">O exceptare de la punctul 1 poate fi acordat\u0103 \u00een urm\u0103toarele<br \/>\ncondi\u0163ii:<br \/>\n(a) autoritatea competent\u0103 \u0219i-a dat acordul pentru transportul articolului<br \/>\nrespectiv; \u0219i<br \/>\n(b) transportatorul aerian a fost informat \u00een leg\u0103tur\u0103 cu pasagerul \u0219i articolul pe care acesta \u00eel transport\u0103 \u00eenainte de \u00eembarcarea pasagerilor \u00een aeronav\u0103; \u0219i<br \/>\n(c) regulile de siguran\u0163\u0103 aplicabile sunt respectate.<br \/>\nAceste articole trebuie apoi plasate \u00een condi\u0163ii de securitate la bordul<br \/>\naeronavei.<\/span><\/li>\n<\/ol>\n<p><strong><span class=\"fontstyle3\">LISTA ARTICOLELOR INTERZISE PENTRU BAGAJUL DE M\u00c2N\u0102<br \/>\n<\/span><\/strong><span class=\"fontstyle1\">F\u0103r\u0103 a aduce atingere normelor de siguran\u0163\u0103 aplicabile, pasagerilor le este interzis s\u0103 introduc\u0103 urm\u0103toarele articole \u00een zona de securitate cu acces restric\u0163ionat \u0219i la bordul unei aeronave:<br \/>\n(a) <\/span><span class=\"fontstyle3\">pistoale, arme de foc \u0219i alte dispozitive care lanseaz\u0103 proiectile \u2013 <\/span><span class=\"fontstyle1\">dispozitive care pot fi sau par a putea fi utilizate pentru a cauza v\u0103t\u0103m\u0103ri grave prin lansarea de proiectile, inclusiv:<br \/>\n\u2014 toate tipurile de arme de foc, cum ar fi pistoale, revolvere, carabine, pu\u0219ti;<br \/>\n\u2014 pistoale de juc\u0103rie, copii \u0219i imita\u0163ii ale armelor de foc care pot fi confundate cu arme adev\u0103rate;<br \/>\n<\/span><span class=\"fontstyle1\">\u2014 p\u0103r\u0163i componente ale armelor de foc, cu excep\u0163ia lunetelor telescopice;<br \/>\n\u2014 arme cu aer comprimat \u0219i cu CO<\/span><span class=\"fontstyle1\">2<\/span><span class=\"fontstyle1\">, cum ar fi pistoale, pu\u0219ti cu alice, carabine, precum \u0219i pu\u0219ti \u0219i pistoale cu bile;<br \/>\n\u2014 pistoale lansatoare de rachete de semnalizare \u0219i pistoale starter;<br \/>\n\u2014 arcuri, arbalete \u0219i s\u0103ge\u0163i;<br \/>\n\u2014 harpoane \u0219i lansatoare de harpoane;<br \/>\n\u2014 pra\u0219tii \u0219i catapulte;<br \/>\n(b) <\/span><span class=\"fontstyle3\">dispozitive paralizante \u2013 <\/span><span class=\"fontstyle1\">dispozitive concepute special pentru a paraliza sau a imobiliza, inclusiv:<br \/>\n\u2014 dispozitive cu electro\u0219ocuri, cum ar fi pistoale cu electro\u0219ocuri, pistoale paralizante (taser) \u0219i bastoane cu electro\u0219ocuri;<br \/>\n\u2014 dispozitive de asomare \u0219i dispozitive de ucidere a animalelor;<br \/>\n\u2014 substan\u0163e chimice, gaze \u0219i sprayuri neutralizante \u0219i incapacitante, cum ar fi sprayuri cu substan\u0163e iritant-lacrimogene, sprayuri cu piper, sprayuri cu ardei iute, gaze lacrimogene, sprayuri cu acid \u0219i sprayuri cu substan\u0163e repulsive pentru animale;<br \/>\n(c) <\/span><span class=\"fontstyle3\">obiecte cu v\u00e2rf ascu\u0163it sau cu muchie ascu\u0163it\u0103 \u2013 <\/span><span class=\"fontstyle1\">obiecte cu v\u00e2rful ascu\u0163it sau cu muchia ascu\u0163it\u0103 care pot fi utilizate pentru a cauza v\u0103t\u0103m\u0103ri grave, inclusiv:<br \/>\n\u2014 obiecte concepute pentru a toca, cum ar fi topoare, securi \u0219i sat\u00e2re;<br \/>\n\u2014 topoare \u0219i d\u0103l\u0163i de spart ghea\u0163a;<br \/>\n\u2014 lame de ras;<br \/>\n\u2014 cuttere;<br \/>\n\u2014 cu\u0163ite cu lame cu lungimea mai mare de 6 cm;<br \/>\n\u2014 foarfece cu lame cu lungimea mai mare de 6 cm, m\u0103surat\u0103 de la ax;<br \/>\n\u2014 echipamente de arte mar\u0163iale, cu v\u00e2rf ascu\u0163it sau cu lam\u0103 ascu\u0163it\u0103;<br \/>\n\u2014 s\u0103bii \u0219i spade;<br \/>\n(d) <\/span><span class=\"fontstyle3\">unelte de lucru \u2013 <\/span><span class=\"fontstyle1\">unelte care pot fi utilizate at\u00e2t pentru a cauza v\u0103t\u0103m\u0103ri grave, c\u00e2t \u0219i pentru a pune \u00een pericol siguran\u0163a aeronavei, inclusiv:<br \/>\n\u2014 r\u0103ngi;<br \/>\n\u2014 burghie \u0219i v\u00e2rfuri de burghie, inclusiv ma\u0219ini de g\u0103urit electrice portabile f\u0103r\u0103 fir;<br \/>\n\u2014 unelte cu lam\u0103 sau tij\u0103 cu o lungime mai mare de 6 cm, care pot fi utilizate ca arme, cum ar fi \u0219urubelni\u0163e \u0219i d\u0103l\u0163i;<br \/>\n\u2014 fier\u0103straie, inclusiv fier\u0103straie electrice portabile f\u0103r\u0103 fir;<br \/>\n\u2014 arz\u0103toare de sudur\u0103;<br \/>\n\u2014 pistoale de \u00eempu\u0219cat bol\u0163uri \u0219i pistoale de b\u0103tut cuie;<br \/>\n(e) <\/span><span class=\"fontstyle3\">instrumente contondente \u2013 <\/span><span class=\"fontstyle1\">obiecte care pot fi utilizate pentru a cauza v\u0103t\u0103m\u0103ri grave atunci c\u00e2nd sunt folosite pentru a lovi, inclusiv:<br \/>\n\u2014 b\u00e2te de baseball \u0219i softball;<br \/>\n\u2014 ciomege \u0219i bastoane, cum ar fi bastoanele de poli\u0163ie;<br \/>\n\u2014 echipamente specifice artelor mar\u0163iale;<\/span><span class=\"fontstyle1\"><br \/>\n<\/span><span class=\"fontstyle1\">(f) <\/span><span class=\"fontstyle3\">substan\u0163e \u0219i dispozitive explozive \u0219i incendiare \u2013 <\/span><span class=\"fontstyle1\">substan\u0163e \u0219i dispozitive explozive \u0219i incendiare care pot sau par a putea fi utilizate pentru a cauza v\u0103t\u0103m\u0103ri grave sau a pune \u00een pericol siguran\u0163a aeronavei, inclusiv:<br \/>\n\u2014 muni\u0163ie;<br \/>\n\u2014 capse detonante;<br \/>\n\u2014 detonatoare \u0219i fitiluri;<br \/>\n\u2014 copii sau imita\u0163ii ale dispozitivelor explozibile;<br \/>\n\u2014 mine, grenade \u0219i alte dispozitive explozibile militare;<br \/>\n\u2014 artificii \u0219i alte articole pirotehnice;<br \/>\n\u2014 bombe fumigene \u0219i cartu\u0219e fumigene;<br \/>\n\u2014 dinamit\u0103, praf de pu\u0219c\u0103 \u0219i explozibili plastici<\/span><\/p>\n<p>&nbsp;<\/p>\n<h3><span class=\"fontstyle0\">CONTROLUL DE SECURITATE AL BAGAJELOR DE CAL\u0102 <\/span>conform R<span class=\"fontstyle0\">EGULAMENTULUI DE PUNERE \u00ceN APLICARE (UE) 2015\/1998 AL COMISIEI<\/span><\/h3>\n<ol>\n<li><span class=\"fontstyle0\">Pasagerilor trebuie s\u0103 li se interzic\u0103 s\u0103 transporte \u00een bagajele de cal\u0103<br \/>\narticolele enumerate \u00een &#8216;LISTA ARTICOLELOR INTERZISE&#8217;, de mai jos.<\/span><\/li>\n<li><span class=\"fontstyle0\">O exceptare de la punctul 1. poate fi acordat\u0103 \u00een urm\u0103toarele condi\u0163ii:<br \/>\n(a) autoritatea competent\u0103 dispune de norme na\u0163ionale care permit transportul articolului respectiv; \u0219i<br \/>\n(b) regulile de siguran\u0163\u0103 aplicabile sunt respectate<\/span><\/li>\n<\/ol>\n<p>&nbsp;<\/p>\n<p><strong><span class=\"fontstyle3\">LISTA ARTICOLELOR INTERZISE<br \/>\n<\/span><\/strong><span class=\"fontstyle1\">Pasagerilor le este interzis s\u0103 transporte \u00een bagajele de cal\u0103 urm\u0103toarele articole:<br \/>\n<\/span><span class=\"fontstyle3\">substan\u0163e \u0219i dispozitive explozive \u0219i incendiare \u2013 <\/span><span class=\"fontstyle1\">substan\u0163e \u0219i dispozitive explozive \u0219i incendiare care pot fi utilizate pentru a cauza v\u0103t\u0103m\u0103ri grave sau care pot pune \u00een pericol siguran\u0163a aeronavei, inclusiv:<br \/>\n\u2014 muni\u0163ie;<br \/>\n\u2014 capse detonante;<br \/>\n\u2014 detonatoare \u0219i fitiluri;<\/span><span class=\"fontstyle1\"><br \/>\n<\/span><span class=\"fontstyle1\">\u2014 mine, grenade \u0219i alte dispozitive explozibile militare;<br \/>\n\u2014 artificii \u0219i alte articole pirotehnice;<br \/>\n\u2014 bombe fumigene \u0219i cartu\u0219e fumigene;<br \/>\n\u2014 dinamit\u0103, praf de pu\u0219c\u0103 \u0219i explozibili plastici.<\/span><\/p>\n<p>&nbsp;<\/p>\n<p>&nbsp;<\/p>\n<p>&nbsp;<\/p>","protected":false},"excerpt":{"rendered":"<p>Pasagerii sunt ruga\u021bi s\u0103 verifice politica companiei aeriene cu care opereaz\u0103 zborul. Informa\u021biile referitoare la bagajele de cal\u0103 \u0219i de m\u00e2n\u0103 se gasesc acces\u00e2nd link-urile de mai jos: TAROM Bagaj de m\u00e2n\u0103 Blue Air Bagaj de m\u00e2n\u0103 &nbsp; TAROM Bagaj de cal\u0103 Blue Air Bagaj de cal\u0103 &nbsp; CONTROLUL DE SECURITATE AL BAGAJELOR DE M\u00c2N\u0102\u00a0conform [&hellip;]<\/p>","protected":false},"author":1,"featured_media":0,"parent":11,"menu_order":0,"comment_status":"closed","ping_status":"closed","template":"","meta":[],"acf":[],"yoast_head":"<!-- This site is optimized with the Yoast SEO plugin v17.5 - https:\/\/yoast.com\/wordpress\/plugins\/seo\/ -->\n<meta name=\"robots\" content=\"noindex, follow, max-snippet:-1, max-image-preview:large, max-video-preview:-1\" \/>\n<meta property=\"og:locale\" content=\"en_GB\" \/>\n<meta property=\"og:type\" content=\"article\" \/>\n<meta property=\"og:title\" content=\"Reguli privind bagajele - AIMM\" \/>\n<meta property=\"og:description\" content=\"Pasagerii sunt ruga\u021bi s\u0103 verifice politica companiei aeriene cu care opereaz\u0103 zborul. Informa\u021biile referitoare la bagajele de cal\u0103 \u0219i de m\u00e2n\u0103 se gasesc acces\u00e2nd link-urile de mai jos: TAROM Bagaj de m\u00e2n\u0103 Blue Air Bagaj de m\u00e2n\u0103 &nbsp; TAROM Bagaj de cal\u0103 Blue Air Bagaj de cal\u0103 &nbsp; CONTROLUL DE SECURITATE AL BAGAJELOR DE M\u00c2N\u0102\u00a0conform [&hellip;]\" \/>\n<meta property=\"og:url\" content=\"https:\/\/arhiva.aimm.eu\/en\/informatii-pasageri\/informatii-utile\/reguli-privind-bagajele\/\" \/>\n<meta property=\"og:site_name\" content=\"AIMM\" \/>\n<meta property=\"article:modified_time\" content=\"2020-12-21T12:08:16+00:00\" \/>\n<meta name=\"twitter:card\" content=\"summary_large_image\" \/>\n<meta name=\"twitter:label1\" content=\"Estimated reading time\" \/>\n\t<meta name=\"twitter:data1\" content=\"6 minutes\" \/>\n<script type=\"application\/ld+json\" class=\"yoast-schema-graph\">{\"@context\":\"https:\/\/schema.org\",\"@graph\":[{\"@type\":\"WebSite\",\"@id\":\"https:\/\/arhiva.aimm.eu\/#website\",\"url\":\"https:\/\/arhiva.aimm.eu\/\",\"name\":\"AIMM\",\"description\":\"Aeroportul Interna\\u021bional Maramure\\u0219\",\"potentialAction\":[{\"@type\":\"SearchAction\",\"target\":{\"@type\":\"EntryPoint\",\"urlTemplate\":\"https:\/\/arhiva.aimm.eu\/?s={search_term_string}\"},\"query-input\":\"required name=search_term_string\"}],\"inLanguage\":\"en-GB\"},{\"@type\":\"WebPage\",\"@id\":\"https:\/\/arhiva.aimm.eu\/informatii-pasageri\/informatii-utile\/reguli-privind-bagajele\/#webpage\",\"url\":\"https:\/\/arhiva.aimm.eu\/informatii-pasageri\/informatii-utile\/reguli-privind-bagajele\/\",\"name\":\"Reguli privind bagajele - AIMM\",\"isPartOf\":{\"@id\":\"https:\/\/arhiva.aimm.eu\/#website\"},\"datePublished\":\"2020-09-23T09:34:01+00:00\",\"dateModified\":\"2020-12-21T12:08:16+00:00\",\"breadcrumb\":{\"@id\":\"https:\/\/arhiva.aimm.eu\/informatii-pasageri\/informatii-utile\/reguli-privind-bagajele\/#breadcrumb\"},\"inLanguage\":\"en-GB\",\"potentialAction\":[{\"@type\":\"ReadAction\",\"target\":[\"https:\/\/arhiva.aimm.eu\/informatii-pasageri\/informatii-utile\/reguli-privind-bagajele\/\"]}]},{\"@type\":\"BreadcrumbList\",\"@id\":\"https:\/\/arhiva.aimm.eu\/informatii-pasageri\/informatii-utile\/reguli-privind-bagajele\/#breadcrumb\",\"itemListElement\":[{\"@type\":\"ListItem\",\"position\":1,\"name\":\"Home\",\"item\":\"https:\/\/arhiva.aimm.eu\/\"},{\"@type\":\"ListItem\",\"position\":2,\"name\":\"Informa\\u021bii pasageri\",\"item\":\"https:\/\/arhiva.aimm.eu\/informatii-pasageri\/\"},{\"@type\":\"ListItem\",\"position\":3,\"name\":\"Informa\\u021bii utile\",\"item\":\"https:\/\/arhiva.aimm.eu\/informatii-pasageri\/informatii-utile\/\"},{\"@type\":\"ListItem\",\"position\":4,\"name\":\"Reguli privind bagajele\"}]}]}<\/script>\n<!-- \/ Yoast SEO plugin. -->","yoast_head_json":{"robots":{"index":"noindex","follow":"follow","max-snippet":"max-snippet:-1","max-image-preview":"max-image-preview:large","max-video-preview":"max-video-preview:-1"},"og_locale":"en_GB","og_type":"article","og_title":"Reguli privind bagajele - AIMM","og_description":"Pasagerii sunt ruga\u021bi s\u0103 verifice politica companiei aeriene cu care opereaz\u0103 zborul. Informa\u021biile referitoare la bagajele de cal\u0103 \u0219i de m\u00e2n\u0103 se gasesc acces\u00e2nd link-urile de mai jos: TAROM Bagaj de m\u00e2n\u0103 Blue Air Bagaj de m\u00e2n\u0103 &nbsp; TAROM Bagaj de cal\u0103 Blue Air Bagaj de cal\u0103 &nbsp; CONTROLUL DE SECURITATE AL BAGAJELOR DE M\u00c2N\u0102\u00a0conform [&hellip;]","og_url":"https:\/\/arhiva.aimm.eu\/en\/informatii-pasageri\/informatii-utile\/reguli-privind-bagajele\/","og_site_name":"AIMM","article_modified_time":"2020-12-21T12:08:16+00:00","twitter_card":"summary_large_image","twitter_misc":{"Estimated reading time":"6 minutes"},"schema":{"@context":"https:\/\/schema.org","@graph":[{"@type":"WebSite","@id":"https:\/\/arhiva.aimm.eu\/#website","url":"https:\/\/arhiva.aimm.eu\/","name":"AIMM","description":"Aeroportul Interna\u021bional Maramure\u0219","potentialAction":[{"@type":"SearchAction","target":{"@type":"EntryPoint","urlTemplate":"https:\/\/arhiva.aimm.eu\/?s={search_term_string}"},"query-input":"required name=search_term_string"}],"inLanguage":"en-GB"},{"@type":"WebPage","@id":"https:\/\/arhiva.aimm.eu\/informatii-pasageri\/informatii-utile\/reguli-privind-bagajele\/#webpage","url":"https:\/\/arhiva.aimm.eu\/informatii-pasageri\/informatii-utile\/reguli-privind-bagajele\/","name":"Reguli privind bagajele - AIMM","isPartOf":{"@id":"https:\/\/arhiva.aimm.eu\/#website"},"datePublished":"2020-09-23T09:34:01+00:00","dateModified":"2020-12-21T12:08:16+00:00","breadcrumb":{"@id":"https:\/\/arhiva.aimm.eu\/informatii-pasageri\/informatii-utile\/reguli-privind-bagajele\/#breadcrumb"},"inLanguage":"en-GB","potentialAction":[{"@type":"ReadAction","target":["https:\/\/arhiva.aimm.eu\/informatii-pasageri\/informatii-utile\/reguli-privind-bagajele\/"]}]},{"@type":"BreadcrumbList","@id":"https:\/\/arhiva.aimm.eu\/informatii-pasageri\/informatii-utile\/reguli-privind-bagajele\/#breadcrumb","itemListElement":[{"@type":"ListItem","position":1,"name":"Home","item":"https:\/\/arhiva.aimm.eu\/"},{"@type":"ListItem","position":2,"name":"Informa\u021bii pasageri","item":"https:\/\/arhiva.aimm.eu\/informatii-pasageri\/"},{"@type":"ListItem","position":3,"name":"Informa\u021bii utile","item":"https:\/\/arhiva.aimm.eu\/informatii-pasageri\/informatii-utile\/"},{"@type":"ListItem","position":4,"name":"Reguli privind bagajele"}]}]}},"_links":{"self":[{"href":"https:\/\/arhiva.aimm.eu\/en\/wp-json\/wp\/v2\/pages\/15"}],"collection":[{"href":"https:\/\/arhiva.aimm.eu\/en\/wp-json\/wp\/v2\/pages"}],"about":[{"href":"https:\/\/arhiva.aimm.eu\/en\/wp-json\/wp\/v2\/types\/page"}],"author":[{"embeddable":true,"href":"https:\/\/arhiva.aimm.eu\/en\/wp-json\/wp\/v2\/users\/1"}],"replies":[{"embeddable":true,"href":"https:\/\/arhiva.aimm.eu\/en\/wp-json\/wp\/v2\/comments?post=15"}],"version-history":[{"count":6,"href":"https:\/\/arhiva.aimm.eu\/en\/wp-json\/wp\/v2\/pages\/15\/revisions"}],"predecessor-version":[{"id":1291,"href":"https:\/\/arhiva.aimm.eu\/en\/wp-json\/wp\/v2\/pages\/15\/revisions\/1291"}],"up":[{"embeddable":true,"href":"https:\/\/arhiva.aimm.eu\/en\/wp-json\/wp\/v2\/pages\/11"}],"wp:attachment":[{"href":"https:\/\/arhiva.aimm.eu\/en\/wp-json\/wp\/v2\/media?parent=15"}],"curies":[{"name":"wp","href":"https:\/\/api.w.org\/{rel}","templated":true}]}}