{"id":17,"date":"2020-09-23T09:34:18","date_gmt":"2020-09-23T09:34:18","guid":{"rendered":"https:\/\/aimm.tutoriale.pro\/?page_id=17"},"modified":"2020-11-12T15:40:43","modified_gmt":"2020-11-12T13:40:43","slug":"drepturile-pasagerilor","status":"publish","type":"page","link":"https:\/\/arhiva.aimm.eu\/en\/informatii-pasageri\/informatii-utile\/drepturile-pasagerilor\/","title":{"rendered":"Drepturile pasagerilor"},"content":{"rendered":"<h2>Drepturile pasagerilor transportului aerian, prev\u0103zute de UE, se aplic\u0103:<\/h2>\n<ul>\n<li>Dac\u0103 zbura\u021bi pe\u00a0<strong>teritoriul UE<\/strong>\u00a0(indiferent dac\u0103 zborul este operat de\u00a0<strong>o companie din UE sau din afara UE<\/strong>)<\/li>\n<li>Dac\u0103\u00a0<strong>ateriza\u021bi pe un aeroport din UE<\/strong>\u00a0venind din afara Uniunii, iar cursa este operat\u0103 de o\u00a0<strong>companie din UE<\/strong><\/li>\n<li>Dac\u0103\u00a0<strong>decola\u021bi de pe un aeroport din UE<\/strong>\u00a0c\u0103tre o \u021bar\u0103 din afara Uniunii, indiferent dac\u0103 zborul este operat de o\u00a0<strong>companie din UE sau din afara UE<\/strong><\/li>\n<li>Dac\u0103\u00a0<strong>nu a\u021bi primit deja anumite compensa\u021bii<\/strong>\u00a0(desp\u0103gubiri, redirec\u021bionare, asisten\u021b\u0103 din partea companiei aeriene) pentru probleme legate de zbor \u00een baza legisla\u021biei relevante a unei \u021b\u0103ri din afara UE<\/li>\n<\/ul>\n<p><strong>Pentru mai multe informa\u021bii accesa\u021bi pagina\u00a0<a href=\"https:\/\/europa.eu\/youreurope\/citizens\/travel\/passenger-rights\/air\/index_ro.htm\" target=\"_blank\" rel=\"noopener noreferrer\">Drepturile Pasagerilor \u00een Uniunea European\u0103<\/a>.<\/strong><\/p>\n<p>&nbsp;<\/p>\n<p><strong>NB!<\/strong> Zborul de plecare \u0219i zborul de \u00eentoarcere sunt \u00eentotdeauna considerate zboruri separate, chiar dac\u0103 sunt p\u0103r\u021bi ale aceleia\u0219i rezerv\u0103ri. \u00cen unele cazuri, compania care opereaz\u0103 zborul (operatorul aerian) s-ar putea s\u0103 nu fie cea de la care achizi\u021biona\u021bi biletul. \u00cen caz de probleme, doar compania care opereaz\u0103 zborul poate fi tras\u0103 la r\u0103spundere.<\/p>\n<p>&nbsp;<\/p>","protected":false},"excerpt":{"rendered":"<p>Drepturile pasagerilor transportului aerian, prev\u0103zute de UE, se aplic\u0103: Dac\u0103 zbura\u021bi pe\u00a0teritoriul UE\u00a0(indiferent dac\u0103 zborul este operat de\u00a0o companie din UE sau din afara UE) Dac\u0103\u00a0ateriza\u021bi pe un aeroport din UE\u00a0venind din afara Uniunii, iar cursa este operat\u0103 de o\u00a0companie din UE Dac\u0103\u00a0decola\u021bi de pe un aeroport din UE\u00a0c\u0103tre o \u021bar\u0103 din afara Uniunii, indiferent [&hellip;]<\/p>","protected":false},"author":1,"featured_media":0,"parent":11,"menu_order":0,"comment_status":"closed","ping_status":"closed","template":"","meta":[],"acf":[],"yoast_head":"<!-- This site is optimized with the Yoast SEO plugin v17.5 - https:\/\/yoast.com\/wordpress\/plugins\/seo\/ -->\n<meta name=\"robots\" content=\"noindex, follow, max-snippet:-1, max-image-preview:large, max-video-preview:-1\" \/>\n<meta property=\"og:locale\" content=\"en_GB\" \/>\n<meta property=\"og:type\" content=\"article\" \/>\n<meta property=\"og:title\" content=\"Drepturile pasagerilor - AIMM\" \/>\n<meta property=\"og:description\" content=\"Drepturile pasagerilor transportului aerian, prev\u0103zute de UE, se aplic\u0103: Dac\u0103 zbura\u021bi pe\u00a0teritoriul UE\u00a0(indiferent dac\u0103 zborul este operat de\u00a0o companie din UE sau din afara UE) Dac\u0103\u00a0ateriza\u021bi pe un aeroport din UE\u00a0venind din afara Uniunii, iar cursa este operat\u0103 de o\u00a0companie din UE Dac\u0103\u00a0decola\u021bi de pe un aeroport din UE\u00a0c\u0103tre o \u021bar\u0103 din afara Uniunii, indiferent [&hellip;]\" \/>\n<meta property=\"og:url\" content=\"https:\/\/arhiva.aimm.eu\/en\/informatii-pasageri\/informatii-utile\/drepturile-pasagerilor\/\" \/>\n<meta property=\"og:site_name\" content=\"AIMM\" \/>\n<meta property=\"article:modified_time\" content=\"2020-11-12T13:40:43+00:00\" \/>\n<meta name=\"twitter:card\" content=\"summary_large_image\" \/>\n<meta name=\"twitter:label1\" content=\"Estimated reading time\" \/>\n\t<meta name=\"twitter:data1\" content=\"1 minute\" \/>\n<script type=\"application\/ld+json\" class=\"yoast-schema-graph\">{\"@context\":\"https:\/\/schema.org\",\"@graph\":[{\"@type\":\"WebSite\",\"@id\":\"https:\/\/arhiva.aimm.eu\/#website\",\"url\":\"https:\/\/arhiva.aimm.eu\/\",\"name\":\"AIMM\",\"description\":\"Aeroportul Interna\\u021bional Maramure\\u0219\",\"potentialAction\":[{\"@type\":\"SearchAction\",\"target\":{\"@type\":\"EntryPoint\",\"urlTemplate\":\"https:\/\/arhiva.aimm.eu\/?s={search_term_string}\"},\"query-input\":\"required name=search_term_string\"}],\"inLanguage\":\"en-GB\"},{\"@type\":\"WebPage\",\"@id\":\"https:\/\/arhiva.aimm.eu\/informatii-pasageri\/informatii-utile\/drepturile-pasagerilor\/#webpage\",\"url\":\"https:\/\/arhiva.aimm.eu\/informatii-pasageri\/informatii-utile\/drepturile-pasagerilor\/\",\"name\":\"Drepturile pasagerilor - AIMM\",\"isPartOf\":{\"@id\":\"https:\/\/arhiva.aimm.eu\/#website\"},\"datePublished\":\"2020-09-23T09:34:18+00:00\",\"dateModified\":\"2020-11-12T13:40:43+00:00\",\"breadcrumb\":{\"@id\":\"https:\/\/arhiva.aimm.eu\/informatii-pasageri\/informatii-utile\/drepturile-pasagerilor\/#breadcrumb\"},\"inLanguage\":\"en-GB\",\"potentialAction\":[{\"@type\":\"ReadAction\",\"target\":[\"https:\/\/arhiva.aimm.eu\/informatii-pasageri\/informatii-utile\/drepturile-pasagerilor\/\"]}]},{\"@type\":\"BreadcrumbList\",\"@id\":\"https:\/\/arhiva.aimm.eu\/informatii-pasageri\/informatii-utile\/drepturile-pasagerilor\/#breadcrumb\",\"itemListElement\":[{\"@type\":\"ListItem\",\"position\":1,\"name\":\"Home\",\"item\":\"https:\/\/arhiva.aimm.eu\/\"},{\"@type\":\"ListItem\",\"position\":2,\"name\":\"Informa\\u021bii pasageri\",\"item\":\"https:\/\/arhiva.aimm.eu\/informatii-pasageri\/\"},{\"@type\":\"ListItem\",\"position\":3,\"name\":\"Informa\\u021bii utile\",\"item\":\"https:\/\/arhiva.aimm.eu\/informatii-pasageri\/informatii-utile\/\"},{\"@type\":\"ListItem\",\"position\":4,\"name\":\"Drepturile pasagerilor\"}]}]}<\/script>\n<!-- \/ Yoast SEO plugin. -->","yoast_head_json":{"robots":{"index":"noindex","follow":"follow","max-snippet":"max-snippet:-1","max-image-preview":"max-image-preview:large","max-video-preview":"max-video-preview:-1"},"og_locale":"en_GB","og_type":"article","og_title":"Drepturile pasagerilor - AIMM","og_description":"Drepturile pasagerilor transportului aerian, prev\u0103zute de UE, se aplic\u0103: Dac\u0103 zbura\u021bi pe\u00a0teritoriul UE\u00a0(indiferent dac\u0103 zborul este operat de\u00a0o companie din UE sau din afara UE) Dac\u0103\u00a0ateriza\u021bi pe un aeroport din UE\u00a0venind din afara Uniunii, iar cursa este operat\u0103 de o\u00a0companie din UE Dac\u0103\u00a0decola\u021bi de pe un aeroport din UE\u00a0c\u0103tre o \u021bar\u0103 din afara Uniunii, indiferent [&hellip;]","og_url":"https:\/\/arhiva.aimm.eu\/en\/informatii-pasageri\/informatii-utile\/drepturile-pasagerilor\/","og_site_name":"AIMM","article_modified_time":"2020-11-12T13:40:43+00:00","twitter_card":"summary_large_image","twitter_misc":{"Estimated reading time":"1 minute"},"schema":{"@context":"https:\/\/schema.org","@graph":[{"@type":"WebSite","@id":"https:\/\/arhiva.aimm.eu\/#website","url":"https:\/\/arhiva.aimm.eu\/","name":"AIMM","description":"Aeroportul Interna\u021bional Maramure\u0219","potentialAction":[{"@type":"SearchAction","target":{"@type":"EntryPoint","urlTemplate":"https:\/\/arhiva.aimm.eu\/?s={search_term_string}"},"query-input":"required name=search_term_string"}],"inLanguage":"en-GB"},{"@type":"WebPage","@id":"https:\/\/arhiva.aimm.eu\/informatii-pasageri\/informatii-utile\/drepturile-pasagerilor\/#webpage","url":"https:\/\/arhiva.aimm.eu\/informatii-pasageri\/informatii-utile\/drepturile-pasagerilor\/","name":"Drepturile pasagerilor - AIMM","isPartOf":{"@id":"https:\/\/arhiva.aimm.eu\/#website"},"datePublished":"2020-09-23T09:34:18+00:00","dateModified":"2020-11-12T13:40:43+00:00","breadcrumb":{"@id":"https:\/\/arhiva.aimm.eu\/informatii-pasageri\/informatii-utile\/drepturile-pasagerilor\/#breadcrumb"},"inLanguage":"en-GB","potentialAction":[{"@type":"ReadAction","target":["https:\/\/arhiva.aimm.eu\/informatii-pasageri\/informatii-utile\/drepturile-pasagerilor\/"]}]},{"@type":"BreadcrumbList","@id":"https:\/\/arhiva.aimm.eu\/informatii-pasageri\/informatii-utile\/drepturile-pasagerilor\/#breadcrumb","itemListElement":[{"@type":"ListItem","position":1,"name":"Home","item":"https:\/\/arhiva.aimm.eu\/"},{"@type":"ListItem","position":2,"name":"Informa\u021bii pasageri","item":"https:\/\/arhiva.aimm.eu\/informatii-pasageri\/"},{"@type":"ListItem","position":3,"name":"Informa\u021bii utile","item":"https:\/\/arhiva.aimm.eu\/informatii-pasageri\/informatii-utile\/"},{"@type":"ListItem","position":4,"name":"Drepturile pasagerilor"}]}]}},"_links":{"self":[{"href":"https:\/\/arhiva.aimm.eu\/en\/wp-json\/wp\/v2\/pages\/17"}],"collection":[{"href":"https:\/\/arhiva.aimm.eu\/en\/wp-json\/wp\/v2\/pages"}],"about":[{"href":"https:\/\/arhiva.aimm.eu\/en\/wp-json\/wp\/v2\/types\/page"}],"author":[{"embeddable":true,"href":"https:\/\/arhiva.aimm.eu\/en\/wp-json\/wp\/v2\/users\/1"}],"replies":[{"embeddable":true,"href":"https:\/\/arhiva.aimm.eu\/en\/wp-json\/wp\/v2\/comments?post=17"}],"version-history":[{"count":4,"href":"https:\/\/arhiva.aimm.eu\/en\/wp-json\/wp\/v2\/pages\/17\/revisions"}],"predecessor-version":[{"id":667,"href":"https:\/\/arhiva.aimm.eu\/en\/wp-json\/wp\/v2\/pages\/17\/revisions\/667"}],"up":[{"embeddable":true,"href":"https:\/\/arhiva.aimm.eu\/en\/wp-json\/wp\/v2\/pages\/11"}],"wp:attachment":[{"href":"https:\/\/arhiva.aimm.eu\/en\/wp-json\/wp\/v2\/media?parent=17"}],"curies":[{"name":"wp","href":"https:\/\/api.w.org\/{rel}","templated":true}]}}