{"id":25,"date":"2020-09-23T09:35:18","date_gmt":"2020-09-23T09:35:18","guid":{"rendered":"https:\/\/aimm.tutoriale.pro\/?page_id=25"},"modified":"2022-01-31T14:18:34","modified_gmt":"2022-01-31T12:18:34","slug":"contact-companii-aeriene-side-servicii-conexe","status":"publish","type":"page","link":"https:\/\/arhiva.aimm.eu\/en\/informatii-pasageri\/contact-companii-aeriene-side-servicii-conexe\/","title":{"rendered":"Contact companii aeriene"},"content":{"rendered":"<p><a href=\"https:\/\/www.tarom.ro\/\"><img loading=\"lazy\" class=\"alignnone wp-image-685\" src=\"https:\/\/aimm.tutoriale.pro\/wp-content\/uploads\/2020\/11\/tarom-romanian-air-transport-vector-logo-300x167.png\" alt=\"\" width=\"208\" height=\"116\" srcset=\"https:\/\/arhiva.aimm.eu\/wp-content\/uploads\/2020\/11\/tarom-romanian-air-transport-vector-logo-300x167.png 300w, https:\/\/arhiva.aimm.eu\/wp-content\/uploads\/2020\/11\/tarom-romanian-air-transport-vector-logo-768x427.png 768w, https:\/\/arhiva.aimm.eu\/wp-content\/uploads\/2020\/11\/tarom-romanian-air-transport-vector-logo.png 900w\" sizes=\"(max-width: 208px) 100vw, 208px\" \/><\/a><\/p>\n<p>Adresa: Blvd. Bucure\u015fti, nr. 5<br \/>\nTel: (+40262)221624<br \/>\nFax: (+40262)221624<br \/>\nE-mail:\u00a0<a href=\"mailto:agbaiamare@tarom.ro\">agbaiamare@tarom.ro<\/a><br \/>\nSITA: BAYTORO<\/p>\n<p>Program de lucru:<br \/>\nLuni &#8211; Vineri: 09.00-17.00<br \/>\nS\u00e2mb\u0103t\u0103: \u00cenchis<\/p>\n<p>Site: <a href=\"http:\/\/www.tarom.ro\" target=\"_blank\" rel=\"noopener\">www.tarom.ro<\/a><\/p>\n<p>&nbsp;<\/p>\n<p><img loading=\"lazy\" class=\"alignnone wp-image-1718\" src=\"https:\/\/arhiva.aimm.eu\/wp-content\/uploads\/2022\/01\/download-300x125.png\" alt=\"\" width=\"134\" height=\"56\" srcset=\"https:\/\/arhiva.aimm.eu\/wp-content\/uploads\/2022\/01\/download-300x125.png 300w, https:\/\/arhiva.aimm.eu\/wp-content\/uploads\/2022\/01\/download-18x8.png 18w, https:\/\/arhiva.aimm.eu\/wp-content\/uploads\/2022\/01\/download.png 347w\" sizes=\"(max-width: 134px) 100vw, 134px\" \/><\/p>\n<p>Adresa: Sectorul 1, \u0218os. OD\u0102I, nr. 207, et 1, Bucure\u0219ti, Rom\u00e2nia<br \/>\nTel: <a href=\"tel:+40374955955\">(+40) 374 955 955<\/a><br \/>\nFax: <a href=\"tel:+37322 95 55 95\">(+373) 22 95 55 95<\/a><br \/>\nE-mail:\u00a0<a href=\"\/en\/customer.service@hisky.aero\/\" target=\"_blank\" rel=\"noopener\">customer.service@hisky.aero<\/a><\/p>\n<p>Site: <a href=\"https:\/\/hisky.aero\/\" target=\"_blank\" rel=\"noopener\">https:\/\/hisky.aero\/<\/a><\/p>","protected":false},"excerpt":{"rendered":"<p>Adresa: Blvd. Bucure\u015fti, nr. 5 Tel: (+40262)221624 Fax: (+40262)221624 E-mail:\u00a0agbaiamare@tarom.ro SITA: BAYTORO Program de lucru: Luni &#8211; Vineri: 09.00-17.00 S\u00e2mb\u0103t\u0103: \u00cenchis Site: www.tarom.ro &nbsp; Adresa: Sectorul 1, \u0218os. OD\u0102I, nr. 207, et 1, Bucure\u0219ti, Rom\u00e2nia Tel: (+40) 374 955 955 Fax: (+373) 22 95 55 95 E-mail:\u00a0customer.service@hisky.aero Site: https:\/\/hisky.aero\/<\/p>","protected":false},"author":1,"featured_media":0,"parent":5,"menu_order":0,"comment_status":"closed","ping_status":"closed","template":"","meta":[],"acf":[],"yoast_head":"<!-- This site is optimized with the Yoast SEO plugin v17.5 - https:\/\/yoast.com\/wordpress\/plugins\/seo\/ -->\n<meta name=\"robots\" content=\"noindex, follow, max-snippet:-1, max-image-preview:large, max-video-preview:-1\" \/>\n<meta property=\"og:locale\" content=\"en_GB\" \/>\n<meta property=\"og:type\" content=\"article\" \/>\n<meta property=\"og:title\" content=\"Contact companii aeriene - AIMM\" \/>\n<meta property=\"og:description\" content=\"Adresa: Blvd. Bucure\u015fti, nr. 5 Tel: (+40262)221624 Fax: (+40262)221624 E-mail:\u00a0agbaiamare@tarom.ro SITA: BAYTORO Program de lucru: Luni &#8211; Vineri: 09.00-17.00 S\u00e2mb\u0103t\u0103: \u00cenchis Site: www.tarom.ro &nbsp; Adresa: Sectorul 1, \u0218os. OD\u0102I, nr. 207, et 1, Bucure\u0219ti, Rom\u00e2nia Tel: (+40) 374 955 955 Fax: (+373) 22 95 55 95 E-mail:\u00a0customer.service@hisky.aero Site: https:\/\/hisky.aero\/\" \/>\n<meta property=\"og:url\" content=\"https:\/\/arhiva.aimm.eu\/en\/informatii-pasageri\/contact-companii-aeriene-side-servicii-conexe\/\" \/>\n<meta property=\"og:site_name\" content=\"AIMM\" \/>\n<meta property=\"article:modified_time\" content=\"2022-01-31T12:18:34+00:00\" \/>\n<meta property=\"og:image\" content=\"https:\/\/aimm.tutoriale.pro\/wp-content\/uploads\/2020\/11\/tarom-romanian-air-transport-vector-logo-300x167.png\" \/>\n<meta name=\"twitter:card\" content=\"summary_large_image\" \/>\n<meta name=\"twitter:label1\" content=\"Estimated reading time\" \/>\n\t<meta name=\"twitter:data1\" content=\"1 minute\" \/>\n<script type=\"application\/ld+json\" class=\"yoast-schema-graph\">{\"@context\":\"https:\/\/schema.org\",\"@graph\":[{\"@type\":\"WebSite\",\"@id\":\"https:\/\/arhiva.aimm.eu\/#website\",\"url\":\"https:\/\/arhiva.aimm.eu\/\",\"name\":\"AIMM\",\"description\":\"Aeroportul Interna\\u021bional Maramure\\u0219\",\"potentialAction\":[{\"@type\":\"SearchAction\",\"target\":{\"@type\":\"EntryPoint\",\"urlTemplate\":\"https:\/\/arhiva.aimm.eu\/?s={search_term_string}\"},\"query-input\":\"required name=search_term_string\"}],\"inLanguage\":\"en-GB\"},{\"@type\":\"ImageObject\",\"@id\":\"https:\/\/arhiva.aimm.eu\/informatii-pasageri\/contact-companii-aeriene-side-servicii-conexe\/#primaryimage\",\"inLanguage\":\"en-GB\",\"url\":\"https:\/\/aimm.tutoriale.pro\/wp-content\/uploads\/2020\/11\/tarom-romanian-air-transport-vector-logo-300x167.png\",\"contentUrl\":\"https:\/\/aimm.tutoriale.pro\/wp-content\/uploads\/2020\/11\/tarom-romanian-air-transport-vector-logo-300x167.png\"},{\"@type\":\"WebPage\",\"@id\":\"https:\/\/arhiva.aimm.eu\/informatii-pasageri\/contact-companii-aeriene-side-servicii-conexe\/#webpage\",\"url\":\"https:\/\/arhiva.aimm.eu\/informatii-pasageri\/contact-companii-aeriene-side-servicii-conexe\/\",\"name\":\"Contact companii aeriene - AIMM\",\"isPartOf\":{\"@id\":\"https:\/\/arhiva.aimm.eu\/#website\"},\"primaryImageOfPage\":{\"@id\":\"https:\/\/arhiva.aimm.eu\/informatii-pasageri\/contact-companii-aeriene-side-servicii-conexe\/#primaryimage\"},\"datePublished\":\"2020-09-23T09:35:18+00:00\",\"dateModified\":\"2022-01-31T12:18:34+00:00\",\"breadcrumb\":{\"@id\":\"https:\/\/arhiva.aimm.eu\/informatii-pasageri\/contact-companii-aeriene-side-servicii-conexe\/#breadcrumb\"},\"inLanguage\":\"en-GB\",\"potentialAction\":[{\"@type\":\"ReadAction\",\"target\":[\"https:\/\/arhiva.aimm.eu\/informatii-pasageri\/contact-companii-aeriene-side-servicii-conexe\/\"]}]},{\"@type\":\"BreadcrumbList\",\"@id\":\"https:\/\/arhiva.aimm.eu\/informatii-pasageri\/contact-companii-aeriene-side-servicii-conexe\/#breadcrumb\",\"itemListElement\":[{\"@type\":\"ListItem\",\"position\":1,\"name\":\"Home\",\"item\":\"https:\/\/arhiva.aimm.eu\/\"},{\"@type\":\"ListItem\",\"position\":2,\"name\":\"Informa\\u021bii pasageri\",\"item\":\"https:\/\/arhiva.aimm.eu\/informatii-pasageri\/\"},{\"@type\":\"ListItem\",\"position\":3,\"name\":\"Contact companii aeriene\"}]}]}<\/script>\n<!-- \/ Yoast SEO plugin. -->","yoast_head_json":{"robots":{"index":"noindex","follow":"follow","max-snippet":"max-snippet:-1","max-image-preview":"max-image-preview:large","max-video-preview":"max-video-preview:-1"},"og_locale":"en_GB","og_type":"article","og_title":"Contact companii aeriene - AIMM","og_description":"Adresa: Blvd. Bucure\u015fti, nr. 5 Tel: (+40262)221624 Fax: (+40262)221624 E-mail:\u00a0agbaiamare@tarom.ro SITA: BAYTORO Program de lucru: Luni &#8211; Vineri: 09.00-17.00 S\u00e2mb\u0103t\u0103: \u00cenchis Site: www.tarom.ro &nbsp; Adresa: Sectorul 1, \u0218os. OD\u0102I, nr. 207, et 1, Bucure\u0219ti, Rom\u00e2nia Tel: (+40) 374 955 955 Fax: (+373) 22 95 55 95 E-mail:\u00a0customer.service@hisky.aero Site: https:\/\/hisky.aero\/","og_url":"https:\/\/arhiva.aimm.eu\/en\/informatii-pasageri\/contact-companii-aeriene-side-servicii-conexe\/","og_site_name":"AIMM","article_modified_time":"2022-01-31T12:18:34+00:00","og_image":[{"url":"https:\/\/aimm.tutoriale.pro\/wp-content\/uploads\/2020\/11\/tarom-romanian-air-transport-vector-logo-300x167.png"}],"twitter_card":"summary_large_image","twitter_misc":{"Estimated reading time":"1 minute"},"schema":{"@context":"https:\/\/schema.org","@graph":[{"@type":"WebSite","@id":"https:\/\/arhiva.aimm.eu\/#website","url":"https:\/\/arhiva.aimm.eu\/","name":"AIMM","description":"Aeroportul Interna\u021bional Maramure\u0219","potentialAction":[{"@type":"SearchAction","target":{"@type":"EntryPoint","urlTemplate":"https:\/\/arhiva.aimm.eu\/?s={search_term_string}"},"query-input":"required name=search_term_string"}],"inLanguage":"en-GB"},{"@type":"ImageObject","@id":"https:\/\/arhiva.aimm.eu\/informatii-pasageri\/contact-companii-aeriene-side-servicii-conexe\/#primaryimage","inLanguage":"en-GB","url":"https:\/\/aimm.tutoriale.pro\/wp-content\/uploads\/2020\/11\/tarom-romanian-air-transport-vector-logo-300x167.png","contentUrl":"https:\/\/aimm.tutoriale.pro\/wp-content\/uploads\/2020\/11\/tarom-romanian-air-transport-vector-logo-300x167.png"},{"@type":"WebPage","@id":"https:\/\/arhiva.aimm.eu\/informatii-pasageri\/contact-companii-aeriene-side-servicii-conexe\/#webpage","url":"https:\/\/arhiva.aimm.eu\/informatii-pasageri\/contact-companii-aeriene-side-servicii-conexe\/","name":"Contact companii aeriene - AIMM","isPartOf":{"@id":"https:\/\/arhiva.aimm.eu\/#website"},"primaryImageOfPage":{"@id":"https:\/\/arhiva.aimm.eu\/informatii-pasageri\/contact-companii-aeriene-side-servicii-conexe\/#primaryimage"},"datePublished":"2020-09-23T09:35:18+00:00","dateModified":"2022-01-31T12:18:34+00:00","breadcrumb":{"@id":"https:\/\/arhiva.aimm.eu\/informatii-pasageri\/contact-companii-aeriene-side-servicii-conexe\/#breadcrumb"},"inLanguage":"en-GB","potentialAction":[{"@type":"ReadAction","target":["https:\/\/arhiva.aimm.eu\/informatii-pasageri\/contact-companii-aeriene-side-servicii-conexe\/"]}]},{"@type":"BreadcrumbList","@id":"https:\/\/arhiva.aimm.eu\/informatii-pasageri\/contact-companii-aeriene-side-servicii-conexe\/#breadcrumb","itemListElement":[{"@type":"ListItem","position":1,"name":"Home","item":"https:\/\/arhiva.aimm.eu\/"},{"@type":"ListItem","position":2,"name":"Informa\u021bii pasageri","item":"https:\/\/arhiva.aimm.eu\/informatii-pasageri\/"},{"@type":"ListItem","position":3,"name":"Contact companii aeriene"}]}]}},"_links":{"self":[{"href":"https:\/\/arhiva.aimm.eu\/en\/wp-json\/wp\/v2\/pages\/25"}],"collection":[{"href":"https:\/\/arhiva.aimm.eu\/en\/wp-json\/wp\/v2\/pages"}],"about":[{"href":"https:\/\/arhiva.aimm.eu\/en\/wp-json\/wp\/v2\/types\/page"}],"author":[{"embeddable":true,"href":"https:\/\/arhiva.aimm.eu\/en\/wp-json\/wp\/v2\/users\/1"}],"replies":[{"embeddable":true,"href":"https:\/\/arhiva.aimm.eu\/en\/wp-json\/wp\/v2\/comments?post=25"}],"version-history":[{"count":18,"href":"https:\/\/arhiva.aimm.eu\/en\/wp-json\/wp\/v2\/pages\/25\/revisions"}],"predecessor-version":[{"id":1720,"href":"https:\/\/arhiva.aimm.eu\/en\/wp-json\/wp\/v2\/pages\/25\/revisions\/1720"}],"up":[{"embeddable":true,"href":"https:\/\/arhiva.aimm.eu\/en\/wp-json\/wp\/v2\/pages\/5"}],"wp:attachment":[{"href":"https:\/\/arhiva.aimm.eu\/en\/wp-json\/wp\/v2\/media?parent=25"}],"curies":[{"name":"wp","href":"https:\/\/api.w.org\/{rel}","templated":true}]}}