{"id":37,"date":"2020-09-23T09:37:43","date_gmt":"2020-09-23T07:37:43","guid":{"rendered":"https:\/\/aimm.tutoriale.pro\/?page_id=37"},"modified":"2020-12-10T14:17:38","modified_gmt":"2020-12-10T12:17:38","slug":"transport-in-comun","status":"publish","type":"page","link":"https:\/\/arhiva.aimm.eu\/en\/transport-la-si-de-la-aeroport\/transport-in-comun\/","title":{"rendered":"Transport \u00een comun"},"content":{"rendered":"<p>Companiile de transport auto c\u0103l\u0103tori nu asigur\u0103, deocamdat\u0103, acest serviciu.<\/p>","protected":false},"excerpt":{"rendered":"<p>Companiile de transport auto c\u0103l\u0103tori nu asigur\u0103, deocamdat\u0103, acest serviciu.<\/p>","protected":false},"author":1,"featured_media":0,"parent":29,"menu_order":0,"comment_status":"closed","ping_status":"closed","template":"","meta":[],"acf":[],"yoast_head":"<!-- This site is optimized with the Yoast SEO plugin v17.5 - https:\/\/yoast.com\/wordpress\/plugins\/seo\/ -->\n<meta name=\"robots\" content=\"noindex, follow, max-snippet:-1, max-image-preview:large, max-video-preview:-1\" \/>\n<meta property=\"og:locale\" content=\"en_GB\" \/>\n<meta property=\"og:type\" content=\"article\" \/>\n<meta property=\"og:title\" content=\"Transport \u00een comun - AIMM\" \/>\n<meta property=\"og:description\" content=\"Companiile de transport auto c\u0103l\u0103tori nu asigur\u0103, deocamdat\u0103, acest serviciu.\" \/>\n<meta property=\"og:url\" content=\"https:\/\/arhiva.aimm.eu\/en\/transport-la-si-de-la-aeroport\/transport-in-comun\/\" \/>\n<meta property=\"og:site_name\" content=\"AIMM\" \/>\n<meta property=\"article:modified_time\" content=\"2020-12-10T12:17:38+00:00\" \/>\n<meta name=\"twitter:card\" content=\"summary_large_image\" \/>\n<script type=\"application\/ld+json\" class=\"yoast-schema-graph\">{\"@context\":\"https:\/\/schema.org\",\"@graph\":[{\"@type\":\"WebSite\",\"@id\":\"https:\/\/arhiva.aimm.eu\/#website\",\"url\":\"https:\/\/arhiva.aimm.eu\/\",\"name\":\"AIMM\",\"description\":\"Aeroportul Interna\\u021bional Maramure\\u0219\",\"potentialAction\":[{\"@type\":\"SearchAction\",\"target\":{\"@type\":\"EntryPoint\",\"urlTemplate\":\"https:\/\/arhiva.aimm.eu\/?s={search_term_string}\"},\"query-input\":\"required name=search_term_string\"}],\"inLanguage\":\"en-GB\"},{\"@type\":\"WebPage\",\"@id\":\"https:\/\/arhiva.aimm.eu\/transport-la-si-de-la-aeroport\/transport-in-comun\/#webpage\",\"url\":\"https:\/\/arhiva.aimm.eu\/transport-la-si-de-la-aeroport\/transport-in-comun\/\",\"name\":\"Transport \\u00een comun - AIMM\",\"isPartOf\":{\"@id\":\"https:\/\/arhiva.aimm.eu\/#website\"},\"datePublished\":\"2020-09-23T07:37:43+00:00\",\"dateModified\":\"2020-12-10T12:17:38+00:00\",\"breadcrumb\":{\"@id\":\"https:\/\/arhiva.aimm.eu\/transport-la-si-de-la-aeroport\/transport-in-comun\/#breadcrumb\"},\"inLanguage\":\"en-GB\",\"potentialAction\":[{\"@type\":\"ReadAction\",\"target\":[\"https:\/\/arhiva.aimm.eu\/transport-la-si-de-la-aeroport\/transport-in-comun\/\"]}]},{\"@type\":\"BreadcrumbList\",\"@id\":\"https:\/\/arhiva.aimm.eu\/transport-la-si-de-la-aeroport\/transport-in-comun\/#breadcrumb\",\"itemListElement\":[{\"@type\":\"ListItem\",\"position\":1,\"name\":\"Home\",\"item\":\"https:\/\/arhiva.aimm.eu\/\"},{\"@type\":\"ListItem\",\"position\":2,\"name\":\"Transport la \\u0219i de la aeroport\",\"item\":\"https:\/\/arhiva.aimm.eu\/transport-la-si-de-la-aeroport\/\"},{\"@type\":\"ListItem\",\"position\":3,\"name\":\"Transport \\u00een comun\"}]}]}<\/script>\n<!-- \/ Yoast SEO plugin. -->","yoast_head_json":{"robots":{"index":"noindex","follow":"follow","max-snippet":"max-snippet:-1","max-image-preview":"max-image-preview:large","max-video-preview":"max-video-preview:-1"},"og_locale":"en_GB","og_type":"article","og_title":"Transport \u00een comun - AIMM","og_description":"Companiile de transport auto c\u0103l\u0103tori nu asigur\u0103, deocamdat\u0103, acest serviciu.","og_url":"https:\/\/arhiva.aimm.eu\/en\/transport-la-si-de-la-aeroport\/transport-in-comun\/","og_site_name":"AIMM","article_modified_time":"2020-12-10T12:17:38+00:00","twitter_card":"summary_large_image","schema":{"@context":"https:\/\/schema.org","@graph":[{"@type":"WebSite","@id":"https:\/\/arhiva.aimm.eu\/#website","url":"https:\/\/arhiva.aimm.eu\/","name":"AIMM","description":"Aeroportul Interna\u021bional Maramure\u0219","potentialAction":[{"@type":"SearchAction","target":{"@type":"EntryPoint","urlTemplate":"https:\/\/arhiva.aimm.eu\/?s={search_term_string}"},"query-input":"required name=search_term_string"}],"inLanguage":"en-GB"},{"@type":"WebPage","@id":"https:\/\/arhiva.aimm.eu\/transport-la-si-de-la-aeroport\/transport-in-comun\/#webpage","url":"https:\/\/arhiva.aimm.eu\/transport-la-si-de-la-aeroport\/transport-in-comun\/","name":"Transport \u00een comun - AIMM","isPartOf":{"@id":"https:\/\/arhiva.aimm.eu\/#website"},"datePublished":"2020-09-23T07:37:43+00:00","dateModified":"2020-12-10T12:17:38+00:00","breadcrumb":{"@id":"https:\/\/arhiva.aimm.eu\/transport-la-si-de-la-aeroport\/transport-in-comun\/#breadcrumb"},"inLanguage":"en-GB","potentialAction":[{"@type":"ReadAction","target":["https:\/\/arhiva.aimm.eu\/transport-la-si-de-la-aeroport\/transport-in-comun\/"]}]},{"@type":"BreadcrumbList","@id":"https:\/\/arhiva.aimm.eu\/transport-la-si-de-la-aeroport\/transport-in-comun\/#breadcrumb","itemListElement":[{"@type":"ListItem","position":1,"name":"Home","item":"https:\/\/arhiva.aimm.eu\/"},{"@type":"ListItem","position":2,"name":"Transport la \u0219i de la aeroport","item":"https:\/\/arhiva.aimm.eu\/transport-la-si-de-la-aeroport\/"},{"@type":"ListItem","position":3,"name":"Transport \u00een comun"}]}]}},"_links":{"self":[{"href":"https:\/\/arhiva.aimm.eu\/en\/wp-json\/wp\/v2\/pages\/37"}],"collection":[{"href":"https:\/\/arhiva.aimm.eu\/en\/wp-json\/wp\/v2\/pages"}],"about":[{"href":"https:\/\/arhiva.aimm.eu\/en\/wp-json\/wp\/v2\/types\/page"}],"author":[{"embeddable":true,"href":"https:\/\/arhiva.aimm.eu\/en\/wp-json\/wp\/v2\/users\/1"}],"replies":[{"embeddable":true,"href":"https:\/\/arhiva.aimm.eu\/en\/wp-json\/wp\/v2\/comments?post=37"}],"version-history":[{"count":8,"href":"https:\/\/arhiva.aimm.eu\/en\/wp-json\/wp\/v2\/pages\/37\/revisions"}],"predecessor-version":[{"id":1182,"href":"https:\/\/arhiva.aimm.eu\/en\/wp-json\/wp\/v2\/pages\/37\/revisions\/1182"}],"up":[{"embeddable":true,"href":"https:\/\/arhiva.aimm.eu\/en\/wp-json\/wp\/v2\/pages\/29"}],"wp:attachment":[{"href":"https:\/\/arhiva.aimm.eu\/en\/wp-json\/wp\/v2\/media?parent=37"}],"curies":[{"name":"wp","href":"https:\/\/api.w.org\/{rel}","templated":true}]}}