{"id":43,"date":"2020-09-23T09:39:12","date_gmt":"2020-09-23T09:39:12","guid":{"rendered":"https:\/\/aimm.tutoriale.pro\/?page_id=43"},"modified":"2020-12-10T14:37:10","modified_gmt":"2020-12-10T12:37:10","slug":"transfer","status":"publish","type":"page","link":"https:\/\/arhiva.aimm.eu\/en\/transport-la-si-de-la-aeroport\/transfer\/","title":{"rendered":"Transfer"},"content":{"rendered":"<p>Serviciul de transfer este asigurat de companii auto independente \u0219i const\u0103 \u00een transportul contra cost al pasagerilor ce urmeaz\u0103 s\u0103 c\u0103l\u0103toreasc\u0103 (plece\/soseasc\u0103) cu curse aeriene pe\/de pe Aeroportul Maramure\u0219. Prezent\u0103m mai jos companiile care asigur\u0103 acest tip de servicii pentru Aeroportul Maramure\u0219:<\/p>\n<h4 style=\"text-align: left;\">EXPERT TRAVEL<\/h4>\n<p style=\"text-align: left;\">Orar de transfer la\/de la Aeroportul Interna\u021bional Maramure\u0219:<br \/>\n\u00eencepand cu data de 2 Octombrie 2020, pentru cursele operate de c\u0103tre compania Blue Air, plecare din Satu Mare si Sighetu Marma\u021biei la ora 19:30 \u0219i retur din Baia Mare la ora 22:00, \u00een fiecare zi de luni, miercuri, vineri \u0219i duminica. Tarif: de 15 lei\/ persoan\u0103\/ sens.<\/p>\n<p style=\"text-align: left;\">Loca\u021bia de \u00eembarcare Satu Mare: Catedrala catolic\u0103 centru.<br \/>\nLoca\u021bia de \u00eembarcare Sighetu Marma\u021biei: parcare OMV-ie\u0219ire spre Baia Mare.<\/p>\n<p style=\"text-align: left;\"><strong>Rezerv\u0103rile pentru transfer se pot face direct pe site-ul agen\u021biei <a class=\"oajrlxb2 g5ia77u1 qu0x051f esr5mh6w e9989ue4 r7d6kgcz rq0escxv nhd2j8a9 nc684nl6 p7hjln8o kvgmc6g5 cxmmr5t8 oygrvhab hcukyx3x jb3vyjys rz4wbd8a qt6c0cv9 a8nywdso i1ao9s8h esuyzwwr f1sip0of lzcic4wl py34i1dx gpro0wi8\" role=\"link\" href=\"https:\/\/www.experttravel.ro\/contact\/\" target=\"_blank\" rel=\"nofollow noopener noreferrer\">www.experttravel.ro<\/a>\u00a0sau pe adresa de mail: rezervari@experttravel.ro.<\/strong><\/p>\n<p style=\"text-align: left;\">Pentru mai multe informa\u021bii \u0219i rezerv\u0103ri v\u0103 rug\u0103m s\u0103 contacta\u021bi compania EXPERT TRAVEL la numerele de telefon : 0362.404.606, 0740.141.194.<\/p>","protected":false},"excerpt":{"rendered":"<p>Serviciul de transfer este asigurat de companii auto independente \u0219i const\u0103 \u00een transportul contra cost al pasagerilor ce urmeaz\u0103 s\u0103 c\u0103l\u0103toreasc\u0103 (plece\/soseasc\u0103) cu curse aeriene pe\/de pe Aeroportul Maramure\u0219. Prezent\u0103m mai jos companiile care asigur\u0103 acest tip de servicii pentru Aeroportul Maramure\u0219: EXPERT TRAVEL Orar de transfer la\/de la Aeroportul Interna\u021bional Maramure\u0219: \u00eencepand cu data [&hellip;]<\/p>","protected":false},"author":1,"featured_media":0,"parent":29,"menu_order":0,"comment_status":"closed","ping_status":"closed","template":"","meta":[],"acf":[],"yoast_head":"<!-- This site is optimized with the Yoast SEO plugin v17.5 - https:\/\/yoast.com\/wordpress\/plugins\/seo\/ -->\n<meta name=\"robots\" content=\"noindex, follow, max-snippet:-1, max-image-preview:large, max-video-preview:-1\" \/>\n<meta property=\"og:locale\" content=\"en_GB\" \/>\n<meta property=\"og:type\" content=\"article\" \/>\n<meta property=\"og:title\" content=\"Transfer - AIMM\" \/>\n<meta property=\"og:description\" content=\"Serviciul de transfer este asigurat de companii auto independente \u0219i const\u0103 \u00een transportul contra cost al pasagerilor ce urmeaz\u0103 s\u0103 c\u0103l\u0103toreasc\u0103 (plece\/soseasc\u0103) cu curse aeriene pe\/de pe Aeroportul Maramure\u0219. Prezent\u0103m mai jos companiile care asigur\u0103 acest tip de servicii pentru Aeroportul Maramure\u0219: EXPERT TRAVEL Orar de transfer la\/de la Aeroportul Interna\u021bional Maramure\u0219: \u00eencepand cu data [&hellip;]\" \/>\n<meta property=\"og:url\" content=\"https:\/\/arhiva.aimm.eu\/en\/transport-la-si-de-la-aeroport\/transfer\/\" \/>\n<meta property=\"og:site_name\" content=\"AIMM\" \/>\n<meta property=\"article:modified_time\" content=\"2020-12-10T12:37:10+00:00\" \/>\n<meta name=\"twitter:card\" content=\"summary_large_image\" \/>\n<meta name=\"twitter:label1\" content=\"Estimated reading time\" \/>\n\t<meta name=\"twitter:data1\" content=\"1 minute\" \/>\n<script type=\"application\/ld+json\" class=\"yoast-schema-graph\">{\"@context\":\"https:\/\/schema.org\",\"@graph\":[{\"@type\":\"WebSite\",\"@id\":\"https:\/\/arhiva.aimm.eu\/#website\",\"url\":\"https:\/\/arhiva.aimm.eu\/\",\"name\":\"AIMM\",\"description\":\"Aeroportul Interna\\u021bional Maramure\\u0219\",\"potentialAction\":[{\"@type\":\"SearchAction\",\"target\":{\"@type\":\"EntryPoint\",\"urlTemplate\":\"https:\/\/arhiva.aimm.eu\/?s={search_term_string}\"},\"query-input\":\"required name=search_term_string\"}],\"inLanguage\":\"en-GB\"},{\"@type\":\"WebPage\",\"@id\":\"https:\/\/arhiva.aimm.eu\/transport-la-si-de-la-aeroport\/transfer\/#webpage\",\"url\":\"https:\/\/arhiva.aimm.eu\/transport-la-si-de-la-aeroport\/transfer\/\",\"name\":\"Transfer - AIMM\",\"isPartOf\":{\"@id\":\"https:\/\/arhiva.aimm.eu\/#website\"},\"datePublished\":\"2020-09-23T09:39:12+00:00\",\"dateModified\":\"2020-12-10T12:37:10+00:00\",\"breadcrumb\":{\"@id\":\"https:\/\/arhiva.aimm.eu\/transport-la-si-de-la-aeroport\/transfer\/#breadcrumb\"},\"inLanguage\":\"en-GB\",\"potentialAction\":[{\"@type\":\"ReadAction\",\"target\":[\"https:\/\/arhiva.aimm.eu\/transport-la-si-de-la-aeroport\/transfer\/\"]}]},{\"@type\":\"BreadcrumbList\",\"@id\":\"https:\/\/arhiva.aimm.eu\/transport-la-si-de-la-aeroport\/transfer\/#breadcrumb\",\"itemListElement\":[{\"@type\":\"ListItem\",\"position\":1,\"name\":\"Home\",\"item\":\"https:\/\/arhiva.aimm.eu\/\"},{\"@type\":\"ListItem\",\"position\":2,\"name\":\"Transport la \\u0219i de la aeroport\",\"item\":\"https:\/\/arhiva.aimm.eu\/transport-la-si-de-la-aeroport\/\"},{\"@type\":\"ListItem\",\"position\":3,\"name\":\"Transfer\"}]}]}<\/script>\n<!-- \/ Yoast SEO plugin. -->","yoast_head_json":{"robots":{"index":"noindex","follow":"follow","max-snippet":"max-snippet:-1","max-image-preview":"max-image-preview:large","max-video-preview":"max-video-preview:-1"},"og_locale":"en_GB","og_type":"article","og_title":"Transfer - AIMM","og_description":"Serviciul de transfer este asigurat de companii auto independente \u0219i const\u0103 \u00een transportul contra cost al pasagerilor ce urmeaz\u0103 s\u0103 c\u0103l\u0103toreasc\u0103 (plece\/soseasc\u0103) cu curse aeriene pe\/de pe Aeroportul Maramure\u0219. Prezent\u0103m mai jos companiile care asigur\u0103 acest tip de servicii pentru Aeroportul Maramure\u0219: EXPERT TRAVEL Orar de transfer la\/de la Aeroportul Interna\u021bional Maramure\u0219: \u00eencepand cu data [&hellip;]","og_url":"https:\/\/arhiva.aimm.eu\/en\/transport-la-si-de-la-aeroport\/transfer\/","og_site_name":"AIMM","article_modified_time":"2020-12-10T12:37:10+00:00","twitter_card":"summary_large_image","twitter_misc":{"Estimated reading time":"1 minute"},"schema":{"@context":"https:\/\/schema.org","@graph":[{"@type":"WebSite","@id":"https:\/\/arhiva.aimm.eu\/#website","url":"https:\/\/arhiva.aimm.eu\/","name":"AIMM","description":"Aeroportul Interna\u021bional Maramure\u0219","potentialAction":[{"@type":"SearchAction","target":{"@type":"EntryPoint","urlTemplate":"https:\/\/arhiva.aimm.eu\/?s={search_term_string}"},"query-input":"required name=search_term_string"}],"inLanguage":"en-GB"},{"@type":"WebPage","@id":"https:\/\/arhiva.aimm.eu\/transport-la-si-de-la-aeroport\/transfer\/#webpage","url":"https:\/\/arhiva.aimm.eu\/transport-la-si-de-la-aeroport\/transfer\/","name":"Transfer - AIMM","isPartOf":{"@id":"https:\/\/arhiva.aimm.eu\/#website"},"datePublished":"2020-09-23T09:39:12+00:00","dateModified":"2020-12-10T12:37:10+00:00","breadcrumb":{"@id":"https:\/\/arhiva.aimm.eu\/transport-la-si-de-la-aeroport\/transfer\/#breadcrumb"},"inLanguage":"en-GB","potentialAction":[{"@type":"ReadAction","target":["https:\/\/arhiva.aimm.eu\/transport-la-si-de-la-aeroport\/transfer\/"]}]},{"@type":"BreadcrumbList","@id":"https:\/\/arhiva.aimm.eu\/transport-la-si-de-la-aeroport\/transfer\/#breadcrumb","itemListElement":[{"@type":"ListItem","position":1,"name":"Home","item":"https:\/\/arhiva.aimm.eu\/"},{"@type":"ListItem","position":2,"name":"Transport la \u0219i de la aeroport","item":"https:\/\/arhiva.aimm.eu\/transport-la-si-de-la-aeroport\/"},{"@type":"ListItem","position":3,"name":"Transfer"}]}]}},"_links":{"self":[{"href":"https:\/\/arhiva.aimm.eu\/en\/wp-json\/wp\/v2\/pages\/43"}],"collection":[{"href":"https:\/\/arhiva.aimm.eu\/en\/wp-json\/wp\/v2\/pages"}],"about":[{"href":"https:\/\/arhiva.aimm.eu\/en\/wp-json\/wp\/v2\/types\/page"}],"author":[{"embeddable":true,"href":"https:\/\/arhiva.aimm.eu\/en\/wp-json\/wp\/v2\/users\/1"}],"replies":[{"embeddable":true,"href":"https:\/\/arhiva.aimm.eu\/en\/wp-json\/wp\/v2\/comments?post=43"}],"version-history":[{"count":16,"href":"https:\/\/arhiva.aimm.eu\/en\/wp-json\/wp\/v2\/pages\/43\/revisions"}],"predecessor-version":[{"id":1194,"href":"https:\/\/arhiva.aimm.eu\/en\/wp-json\/wp\/v2\/pages\/43\/revisions\/1194"}],"up":[{"embeddable":true,"href":"https:\/\/arhiva.aimm.eu\/en\/wp-json\/wp\/v2\/pages\/29"}],"wp:attachment":[{"href":"https:\/\/arhiva.aimm.eu\/en\/wp-json\/wp\/v2\/media?parent=43"}],"curies":[{"name":"wp","href":"https:\/\/api.w.org\/{rel}","templated":true}]}}