{"id":50,"date":"2020-09-23T09:44:16","date_gmt":"2020-09-23T07:44:16","guid":{"rendered":"https:\/\/aimm.tutoriale.pro\/?page_id=50"},"modified":"2020-12-04T12:42:44","modified_gmt":"2020-12-04T10:42:44","slug":"lista-magazine-si-alimentatie-publica","status":"publish","type":"page","link":"https:\/\/arhiva.aimm.eu\/en\/servicii-magazine-sialimentatie-publica\/lista-magazine-si-alimentatie-publica\/","title":{"rendered":"List\u0103 magazine \u0219i alimenta\u021bie public\u0103"},"content":{"rendered":"<p>\u00cen zona Terminal Plec\u0103ri se afl\u0103 un automat cu produse alimentare \u0219i un automat de cafea.<\/p>\n<p>\u00cen zona Terminal Sosiri se afl\u0103 un automat de cafea.<\/p>\n<p>&nbsp;<\/p>\n<p>&nbsp;<\/p>\n<p>&nbsp;<\/p>","protected":false},"excerpt":{"rendered":"<p>\u00cen zona Terminal Plec\u0103ri se afl\u0103 un automat cu produse alimentare \u0219i un automat de cafea. \u00cen zona Terminal Sosiri se afl\u0103 un automat de cafea. &nbsp; &nbsp; &nbsp;<\/p>","protected":false},"author":1,"featured_media":0,"parent":31,"menu_order":0,"comment_status":"closed","ping_status":"closed","template":"","meta":[],"acf":[],"yoast_head":"<!-- This site is optimized with the Yoast SEO plugin v17.5 - https:\/\/yoast.com\/wordpress\/plugins\/seo\/ -->\n<meta name=\"robots\" content=\"noindex, follow, max-snippet:-1, max-image-preview:large, max-video-preview:-1\" \/>\n<meta property=\"og:locale\" content=\"en_GB\" \/>\n<meta property=\"og:type\" content=\"article\" \/>\n<meta property=\"og:title\" content=\"List\u0103 magazine \u0219i alimenta\u021bie public\u0103 - AIMM\" \/>\n<meta property=\"og:description\" content=\"\u00cen zona Terminal Plec\u0103ri se afl\u0103 un automat cu produse alimentare \u0219i un automat de cafea. \u00cen zona Terminal Sosiri se afl\u0103 un automat de cafea. &nbsp; &nbsp; &nbsp;\" \/>\n<meta property=\"og:url\" content=\"https:\/\/arhiva.aimm.eu\/en\/servicii-magazine-sialimentatie-publica\/lista-magazine-si-alimentatie-publica\/\" \/>\n<meta property=\"og:site_name\" content=\"AIMM\" \/>\n<meta property=\"article:modified_time\" content=\"2020-12-04T10:42:44+00:00\" \/>\n<meta name=\"twitter:card\" content=\"summary_large_image\" \/>\n<script type=\"application\/ld+json\" class=\"yoast-schema-graph\">{\"@context\":\"https:\/\/schema.org\",\"@graph\":[{\"@type\":\"WebSite\",\"@id\":\"https:\/\/arhiva.aimm.eu\/#website\",\"url\":\"https:\/\/arhiva.aimm.eu\/\",\"name\":\"AIMM\",\"description\":\"Aeroportul Interna\\u021bional Maramure\\u0219\",\"potentialAction\":[{\"@type\":\"SearchAction\",\"target\":{\"@type\":\"EntryPoint\",\"urlTemplate\":\"https:\/\/arhiva.aimm.eu\/?s={search_term_string}\"},\"query-input\":\"required name=search_term_string\"}],\"inLanguage\":\"en-GB\"},{\"@type\":\"WebPage\",\"@id\":\"https:\/\/arhiva.aimm.eu\/servicii-magazine-sialimentatie-publica\/lista-magazine-si-alimentatie-publica\/#webpage\",\"url\":\"https:\/\/arhiva.aimm.eu\/servicii-magazine-sialimentatie-publica\/lista-magazine-si-alimentatie-publica\/\",\"name\":\"List\\u0103 magazine \\u0219i alimenta\\u021bie public\\u0103 - AIMM\",\"isPartOf\":{\"@id\":\"https:\/\/arhiva.aimm.eu\/#website\"},\"datePublished\":\"2020-09-23T07:44:16+00:00\",\"dateModified\":\"2020-12-04T10:42:44+00:00\",\"breadcrumb\":{\"@id\":\"https:\/\/arhiva.aimm.eu\/servicii-magazine-sialimentatie-publica\/lista-magazine-si-alimentatie-publica\/#breadcrumb\"},\"inLanguage\":\"en-GB\",\"potentialAction\":[{\"@type\":\"ReadAction\",\"target\":[\"https:\/\/arhiva.aimm.eu\/servicii-magazine-sialimentatie-publica\/lista-magazine-si-alimentatie-publica\/\"]}]},{\"@type\":\"BreadcrumbList\",\"@id\":\"https:\/\/arhiva.aimm.eu\/servicii-magazine-sialimentatie-publica\/lista-magazine-si-alimentatie-publica\/#breadcrumb\",\"itemListElement\":[{\"@type\":\"ListItem\",\"position\":1,\"name\":\"Home\",\"item\":\"https:\/\/arhiva.aimm.eu\/\"},{\"@type\":\"ListItem\",\"position\":2,\"name\":\"Servicii, magazine \\u0219i alimenta\\u021bie public\\u0103\",\"item\":\"https:\/\/arhiva.aimm.eu\/servicii-magazine-sialimentatie-publica\/\"},{\"@type\":\"ListItem\",\"position\":3,\"name\":\"List\\u0103 magazine \\u0219i alimenta\\u021bie public\\u0103\"}]}]}<\/script>\n<!-- \/ Yoast SEO plugin. -->","yoast_head_json":{"robots":{"index":"noindex","follow":"follow","max-snippet":"max-snippet:-1","max-image-preview":"max-image-preview:large","max-video-preview":"max-video-preview:-1"},"og_locale":"en_GB","og_type":"article","og_title":"List\u0103 magazine \u0219i alimenta\u021bie public\u0103 - AIMM","og_description":"\u00cen zona Terminal Plec\u0103ri se afl\u0103 un automat cu produse alimentare \u0219i un automat de cafea. \u00cen zona Terminal Sosiri se afl\u0103 un automat de cafea. &nbsp; &nbsp; &nbsp;","og_url":"https:\/\/arhiva.aimm.eu\/en\/servicii-magazine-sialimentatie-publica\/lista-magazine-si-alimentatie-publica\/","og_site_name":"AIMM","article_modified_time":"2020-12-04T10:42:44+00:00","twitter_card":"summary_large_image","schema":{"@context":"https:\/\/schema.org","@graph":[{"@type":"WebSite","@id":"https:\/\/arhiva.aimm.eu\/#website","url":"https:\/\/arhiva.aimm.eu\/","name":"AIMM","description":"Aeroportul Interna\u021bional Maramure\u0219","potentialAction":[{"@type":"SearchAction","target":{"@type":"EntryPoint","urlTemplate":"https:\/\/arhiva.aimm.eu\/?s={search_term_string}"},"query-input":"required name=search_term_string"}],"inLanguage":"en-GB"},{"@type":"WebPage","@id":"https:\/\/arhiva.aimm.eu\/servicii-magazine-sialimentatie-publica\/lista-magazine-si-alimentatie-publica\/#webpage","url":"https:\/\/arhiva.aimm.eu\/servicii-magazine-sialimentatie-publica\/lista-magazine-si-alimentatie-publica\/","name":"List\u0103 magazine \u0219i alimenta\u021bie public\u0103 - AIMM","isPartOf":{"@id":"https:\/\/arhiva.aimm.eu\/#website"},"datePublished":"2020-09-23T07:44:16+00:00","dateModified":"2020-12-04T10:42:44+00:00","breadcrumb":{"@id":"https:\/\/arhiva.aimm.eu\/servicii-magazine-sialimentatie-publica\/lista-magazine-si-alimentatie-publica\/#breadcrumb"},"inLanguage":"en-GB","potentialAction":[{"@type":"ReadAction","target":["https:\/\/arhiva.aimm.eu\/servicii-magazine-sialimentatie-publica\/lista-magazine-si-alimentatie-publica\/"]}]},{"@type":"BreadcrumbList","@id":"https:\/\/arhiva.aimm.eu\/servicii-magazine-sialimentatie-publica\/lista-magazine-si-alimentatie-publica\/#breadcrumb","itemListElement":[{"@type":"ListItem","position":1,"name":"Home","item":"https:\/\/arhiva.aimm.eu\/"},{"@type":"ListItem","position":2,"name":"Servicii, magazine \u0219i alimenta\u021bie public\u0103","item":"https:\/\/arhiva.aimm.eu\/servicii-magazine-sialimentatie-publica\/"},{"@type":"ListItem","position":3,"name":"List\u0103 magazine \u0219i alimenta\u021bie public\u0103"}]}]}},"_links":{"self":[{"href":"https:\/\/arhiva.aimm.eu\/en\/wp-json\/wp\/v2\/pages\/50"}],"collection":[{"href":"https:\/\/arhiva.aimm.eu\/en\/wp-json\/wp\/v2\/pages"}],"about":[{"href":"https:\/\/arhiva.aimm.eu\/en\/wp-json\/wp\/v2\/types\/page"}],"author":[{"embeddable":true,"href":"https:\/\/arhiva.aimm.eu\/en\/wp-json\/wp\/v2\/users\/1"}],"replies":[{"embeddable":true,"href":"https:\/\/arhiva.aimm.eu\/en\/wp-json\/wp\/v2\/comments?post=50"}],"version-history":[{"count":6,"href":"https:\/\/arhiva.aimm.eu\/en\/wp-json\/wp\/v2\/pages\/50\/revisions"}],"predecessor-version":[{"id":880,"href":"https:\/\/arhiva.aimm.eu\/en\/wp-json\/wp\/v2\/pages\/50\/revisions\/880"}],"up":[{"embeddable":true,"href":"https:\/\/arhiva.aimm.eu\/en\/wp-json\/wp\/v2\/pages\/31"}],"wp:attachment":[{"href":"https:\/\/arhiva.aimm.eu\/en\/wp-json\/wp\/v2\/media?parent=50"}],"curies":[{"name":"wp","href":"https:\/\/api.w.org\/{rel}","templated":true}]}}