{"id":56,"date":"2020-09-23T09:44:52","date_gmt":"2020-09-23T09:44:52","guid":{"rendered":"https:\/\/aimm.tutoriale.pro\/?page_id=56"},"modified":"2020-11-19T18:47:24","modified_gmt":"2020-11-19T16:47:24","slug":"acces-la-internet","status":"publish","type":"page","link":"https:\/\/arhiva.aimm.eu\/en\/servicii-magazine-sialimentatie-publica\/acces-la-internet\/","title":{"rendered":"Acces la internet"},"content":{"rendered":"<p><strong>Accesul Wi-Fi este gratuit.<\/strong><\/p>\n<p>Network: AIBM<\/p>\n<p>Password: f\u0103r\u0103 parol\u0103<\/p>","protected":false},"excerpt":{"rendered":"<p>Accesul Wi-Fi este gratuit. Network: AIBM Password: f\u0103r\u0103 parol\u0103<\/p>","protected":false},"author":1,"featured_media":0,"parent":31,"menu_order":0,"comment_status":"closed","ping_status":"closed","template":"","meta":[],"acf":[],"yoast_head":"<!-- This site is optimized with the Yoast SEO plugin v17.5 - https:\/\/yoast.com\/wordpress\/plugins\/seo\/ -->\n<meta name=\"robots\" content=\"noindex, follow, max-snippet:-1, max-image-preview:large, max-video-preview:-1\" \/>\n<meta property=\"og:locale\" content=\"en_GB\" \/>\n<meta property=\"og:type\" content=\"article\" \/>\n<meta property=\"og:title\" content=\"Acces la internet - AIMM\" \/>\n<meta property=\"og:description\" content=\"Accesul Wi-Fi este gratuit. Network: AIBM Password: f\u0103r\u0103 parol\u0103\" \/>\n<meta property=\"og:url\" content=\"https:\/\/arhiva.aimm.eu\/en\/servicii-magazine-sialimentatie-publica\/acces-la-internet\/\" \/>\n<meta property=\"og:site_name\" content=\"AIMM\" \/>\n<meta property=\"article:modified_time\" content=\"2020-11-19T16:47:24+00:00\" \/>\n<meta name=\"twitter:card\" content=\"summary_large_image\" \/>\n<script type=\"application\/ld+json\" class=\"yoast-schema-graph\">{\"@context\":\"https:\/\/schema.org\",\"@graph\":[{\"@type\":\"WebSite\",\"@id\":\"https:\/\/arhiva.aimm.eu\/#website\",\"url\":\"https:\/\/arhiva.aimm.eu\/\",\"name\":\"AIMM\",\"description\":\"Aeroportul Interna\\u021bional Maramure\\u0219\",\"potentialAction\":[{\"@type\":\"SearchAction\",\"target\":{\"@type\":\"EntryPoint\",\"urlTemplate\":\"https:\/\/arhiva.aimm.eu\/?s={search_term_string}\"},\"query-input\":\"required name=search_term_string\"}],\"inLanguage\":\"en-GB\"},{\"@type\":\"WebPage\",\"@id\":\"https:\/\/arhiva.aimm.eu\/servicii-magazine-sialimentatie-publica\/acces-la-internet\/#webpage\",\"url\":\"https:\/\/arhiva.aimm.eu\/servicii-magazine-sialimentatie-publica\/acces-la-internet\/\",\"name\":\"Acces la internet - AIMM\",\"isPartOf\":{\"@id\":\"https:\/\/arhiva.aimm.eu\/#website\"},\"datePublished\":\"2020-09-23T09:44:52+00:00\",\"dateModified\":\"2020-11-19T16:47:24+00:00\",\"breadcrumb\":{\"@id\":\"https:\/\/arhiva.aimm.eu\/servicii-magazine-sialimentatie-publica\/acces-la-internet\/#breadcrumb\"},\"inLanguage\":\"en-GB\",\"potentialAction\":[{\"@type\":\"ReadAction\",\"target\":[\"https:\/\/arhiva.aimm.eu\/servicii-magazine-sialimentatie-publica\/acces-la-internet\/\"]}]},{\"@type\":\"BreadcrumbList\",\"@id\":\"https:\/\/arhiva.aimm.eu\/servicii-magazine-sialimentatie-publica\/acces-la-internet\/#breadcrumb\",\"itemListElement\":[{\"@type\":\"ListItem\",\"position\":1,\"name\":\"Home\",\"item\":\"https:\/\/arhiva.aimm.eu\/\"},{\"@type\":\"ListItem\",\"position\":2,\"name\":\"Servicii, magazine \\u0219i alimenta\\u021bie public\\u0103\",\"item\":\"https:\/\/arhiva.aimm.eu\/servicii-magazine-sialimentatie-publica\/\"},{\"@type\":\"ListItem\",\"position\":3,\"name\":\"Acces la internet\"}]}]}<\/script>\n<!-- \/ Yoast SEO plugin. -->","yoast_head_json":{"robots":{"index":"noindex","follow":"follow","max-snippet":"max-snippet:-1","max-image-preview":"max-image-preview:large","max-video-preview":"max-video-preview:-1"},"og_locale":"en_GB","og_type":"article","og_title":"Acces la internet - AIMM","og_description":"Accesul Wi-Fi este gratuit. Network: AIBM Password: f\u0103r\u0103 parol\u0103","og_url":"https:\/\/arhiva.aimm.eu\/en\/servicii-magazine-sialimentatie-publica\/acces-la-internet\/","og_site_name":"AIMM","article_modified_time":"2020-11-19T16:47:24+00:00","twitter_card":"summary_large_image","schema":{"@context":"https:\/\/schema.org","@graph":[{"@type":"WebSite","@id":"https:\/\/arhiva.aimm.eu\/#website","url":"https:\/\/arhiva.aimm.eu\/","name":"AIMM","description":"Aeroportul Interna\u021bional Maramure\u0219","potentialAction":[{"@type":"SearchAction","target":{"@type":"EntryPoint","urlTemplate":"https:\/\/arhiva.aimm.eu\/?s={search_term_string}"},"query-input":"required name=search_term_string"}],"inLanguage":"en-GB"},{"@type":"WebPage","@id":"https:\/\/arhiva.aimm.eu\/servicii-magazine-sialimentatie-publica\/acces-la-internet\/#webpage","url":"https:\/\/arhiva.aimm.eu\/servicii-magazine-sialimentatie-publica\/acces-la-internet\/","name":"Acces la internet - AIMM","isPartOf":{"@id":"https:\/\/arhiva.aimm.eu\/#website"},"datePublished":"2020-09-23T09:44:52+00:00","dateModified":"2020-11-19T16:47:24+00:00","breadcrumb":{"@id":"https:\/\/arhiva.aimm.eu\/servicii-magazine-sialimentatie-publica\/acces-la-internet\/#breadcrumb"},"inLanguage":"en-GB","potentialAction":[{"@type":"ReadAction","target":["https:\/\/arhiva.aimm.eu\/servicii-magazine-sialimentatie-publica\/acces-la-internet\/"]}]},{"@type":"BreadcrumbList","@id":"https:\/\/arhiva.aimm.eu\/servicii-magazine-sialimentatie-publica\/acces-la-internet\/#breadcrumb","itemListElement":[{"@type":"ListItem","position":1,"name":"Home","item":"https:\/\/arhiva.aimm.eu\/"},{"@type":"ListItem","position":2,"name":"Servicii, magazine \u0219i alimenta\u021bie public\u0103","item":"https:\/\/arhiva.aimm.eu\/servicii-magazine-sialimentatie-publica\/"},{"@type":"ListItem","position":3,"name":"Acces la internet"}]}]}},"_links":{"self":[{"href":"https:\/\/arhiva.aimm.eu\/en\/wp-json\/wp\/v2\/pages\/56"}],"collection":[{"href":"https:\/\/arhiva.aimm.eu\/en\/wp-json\/wp\/v2\/pages"}],"about":[{"href":"https:\/\/arhiva.aimm.eu\/en\/wp-json\/wp\/v2\/types\/page"}],"author":[{"embeddable":true,"href":"https:\/\/arhiva.aimm.eu\/en\/wp-json\/wp\/v2\/users\/1"}],"replies":[{"embeddable":true,"href":"https:\/\/arhiva.aimm.eu\/en\/wp-json\/wp\/v2\/comments?post=56"}],"version-history":[{"count":4,"href":"https:\/\/arhiva.aimm.eu\/en\/wp-json\/wp\/v2\/pages\/56\/revisions"}],"predecessor-version":[{"id":783,"href":"https:\/\/arhiva.aimm.eu\/en\/wp-json\/wp\/v2\/pages\/56\/revisions\/783"}],"up":[{"embeddable":true,"href":"https:\/\/arhiva.aimm.eu\/en\/wp-json\/wp\/v2\/pages\/31"}],"wp:attachment":[{"href":"https:\/\/arhiva.aimm.eu\/en\/wp-json\/wp\/v2\/media?parent=56"}],"curies":[{"name":"wp","href":"https:\/\/api.w.org\/{rel}","templated":true}]}}