{"id":610,"date":"2020-11-09T12:34:23","date_gmt":"2020-11-09T10:34:23","guid":{"rendered":"https:\/\/aimm.tutoriale.pro\/?page_id=610"},"modified":"2020-11-19T20:14:12","modified_gmt":"2020-11-19T18:14:12","slug":"turism-in-maramures","status":"publish","type":"page","link":"https:\/\/arhiva.aimm.eu\/en\/turism-in-maramures\/","title":{"rendered":"Turism \u00een Maramures"},"content":{"rendered":"<h3 style=\"text-align: center\"><span style=\"font-family: Arial, sans-serif\"><span style=\"font-size: small\"><span lang=\"en-US\"><b>Tourist Information<\/b><\/span><\/span><\/span><\/h3>\n<p class=\"western\" style=\"text-align: center\"><span style=\"font-family: Arial, sans-serif\"><span style=\"font-size: small\"><span lang=\"en-US\"><b>Tourist Information Centre <\/b><\/span><\/span><\/span><span style=\"font-family: Arial, sans-serif\"><span style=\"font-size: small\"><span lang=\"en-US\"><b>MaramuresInfoTurism<\/b><\/span><\/span><\/span><\/p>\n<p class=\"western\" style=\"text-align: center\"><span style=\"font-family: Arial, sans-serif\"><span style=\"font-size: small\"><span lang=\"en-US\">Baia Mare, Gh. Sincai, No. 46, Room 20 <\/span><\/span><\/span><\/p>\n<p class=\"western\" lang=\"en-US\" style=\"text-align: center\"><span style=\"font-family: Arial, sans-serif\"><span style=\"font-size: small\">Tel: +40 262 206 113, Fax: +40 262 206 114<\/span><\/span><\/p>\n<p class=\"western\" style=\"text-align: center\"><span style=\"color: #0000ff\"><u><span style=\"font-family: Arial, sans-serif\"><span style=\"font-size: small\"><span lang=\"en-US\"><a href=\"http:\/\/www.chf.ro\/\">email: <\/a><a href=\"mailto:office@visitmaramures.ro\">office@visitmaramures.ro<\/a><\/span><\/span><\/span><\/u><\/span> <span style=\"color: #0000ff\"><u><a href=\"http:\/\/www.visitmaramures.ro\/\"><span style=\"font-family: Arial, sans-serif\"><span style=\"font-size: small\"><span lang=\"en-US\">www.visitmaramures.ro<\/span><\/span><\/span><\/a><\/u><\/span><\/p>\n<p class=\"western\" style=\"text-align: center\"><span style=\"font-family: Arial, sans-serif\"><span style=\"font-size: small\"><span lang=\"en-US\"><b>MTMM \u2013 Tourist Information Centre<\/b><\/span><\/span><\/span><\/p>\n<p class=\"western\" style=\"text-align: center\"><span style=\"font-family: Arial, sans-serif\"><span style=\"font-size: small\"><span lang=\"en-US\">Sighetu-Marma\u0163iei, Pia\u0163a Libert\u0103\u0163ii, No. 21, Tel: +40 262 312 552<\/span><\/span><\/span><\/p>\n<p class=\"western\" style=\"text-align: center\"><span style=\"font-family: Arial, sans-serif\"><span style=\"font-size: small\"><span lang=\"en-US\">e-mail: contact@mtmm.ro www.mtmm.ro<\/span><\/span><\/span><\/p>\n<p class=\"western\" style=\"text-align: center\"><span style=\"font-family: Arial, sans-serif\"><span style=\"font-size: small\"><span lang=\"en-US\"><b>Association for Rural Tourism Development and Promotion<\/b><\/span><\/span><\/span><\/p>\n<p class=\"western\" style=\"text-align: center\"><span style=\"font-family: Arial, sans-serif\"><span style=\"font-size: small\"><span lang=\"en-US\">T\u00e2rgu L\u0103pu\u015f, Pia\u0163a Eroilor, No. 21, Tel: +40 721 691 744<\/span><\/span><\/span><\/p>\n<p class=\"western\" style=\"text-align: center\"><span style=\"font-family: Arial, sans-serif\"><span style=\"font-size: small\"><span lang=\"en-US\">e-mail: viorel_coroian@yahoo.com<\/span><\/span><\/span><\/p>\n<p class=\"western\" style=\"text-align: center\"><span style=\"font-family: Arial, sans-serif\"><span style=\"font-size: small\"><span lang=\"en-US\"><b>OVR Agro-Tur-Art Vadu Izei Foundation<\/b><\/span><\/span><\/span><\/p>\n<p class=\"western\" style=\"text-align: center\"><span style=\"font-family: Arial, sans-serif\"><span style=\"font-size: small\"><span lang=\"en-US\">Vadu Izei, Main Street, No. 161, Tel: +40 262 330 171<\/span><\/span><\/span><\/p>\n<p class=\"western\" style=\"text-align: center\"><span style=\"font-family: Arial, sans-serif\"><span style=\"font-size: small\"><span lang=\"en-US\">e-mail: office@ovr.ro www.vaduizei.ovr.ro<\/span><\/span><\/span><\/p>\n<p class=\"western\" style=\"text-align: center\"><span style=\"font-family: Arial, sans-serif\"><span style=\"font-size: small\"><span lang=\"en-US\"><b>OVR Botiza Foundation<\/b><\/span><\/span><\/span><\/p>\n<p class=\"western\" style=\"text-align: center\"><span style=\"font-family: Arial, sans-serif\"><span style=\"font-size: small\"><span lang=\"en-US\">Botiza, Main Street, No. 742, Tel: +40 262 334 110<\/span><\/span><\/span><\/p>\n<p class=\"western\" style=\"text-align: center\"><span style=\"font-family: Arial, sans-serif\"><span style=\"font-size: small\"><span lang=\"en-US\">e-mail: valeaverde_mm@yahoo.com<\/span><\/span><\/span><\/p>\n<p class=\"western\" style=\"text-align: center\"><span style=\"font-family: Arial, sans-serif\"><span style=\"font-size: small\"><span lang=\"en-US\"><b>Pro Vi\u015feu Foundation<\/b><\/span><\/span><\/span><\/p>\n<p class=\"western\" style=\"text-align: center\"><span style=\"font-family: Arial, sans-serif\"><span style=\"font-size: small\"><span lang=\"en-US\">Vi\u015feu de Sus, Libert\u0103\u0163ii Street, No. 1, Tel: +40 262 352 285<\/span><\/span><\/span><\/p>\n<p class=\"western\" style=\"text-align: center\"><span style=\"font-family: Arial, sans-serif\"><span style=\"font-size: small\"><span lang=\"en-US\">e-mail: proviseu@baiamare.rdsnet.ro www.turismviseu.ro<\/span><\/span><\/span><\/p>\n<p class=\"western\" style=\"text-align: center\"><span style=\"font-family: Arial, sans-serif\"><span style=\"font-size: small\"><span lang=\"en-US\"><b>Iuga Foundation<\/b><\/span><\/span><\/span><\/p>\n<p class=\"western\" style=\"text-align: center\"><span style=\"font-family: Arial, sans-serif\"><span style=\"font-size: small\"><span lang=\"en-US\">Tel: +40 744 769 178<\/span><\/span><\/span><\/p>\n<p class=\"western\" style=\"text-align: center\"><span style=\"font-family: Arial, sans-serif\"><span style=\"font-size: small\"><span lang=\"en-US\">artizanat@rdslink.ro <\/span><\/span><\/span><span style=\"color: #0000ff\"><u><a href=\"http:\/\/www.artizanat.org\/\"><span style=\"font-family: Arial, sans-serif\"><span style=\"font-size: small\"><span lang=\"en-US\">www.artizanat.org<\/span><\/span><\/span><\/a><\/u><\/span><\/p>\n<p class=\"western\" style=\"text-align: center\"><span style=\"font-family: Arial, sans-serif\"><span style=\"font-size: small\"><span lang=\"en-US\"><b>MaramontSport <\/b><\/span><\/span><\/span><\/p>\n<p class=\"western\" style=\"text-align: center\"><span style=\"font-family: Arial, sans-serif\"><span style=\"font-size: small\"><span lang=\"en-US\">(outdoor equipment, maps, tourist information)<\/span><\/span><\/span><\/p>\n<p class=\"western\" style=\"text-align: center\"><span style=\"font-family: Arial, sans-serif\"><span style=\"font-size: small\"><span lang=\"en-US\">Baia Mare, Pia\u0163a P\u0103cii, No. 1, Tel: +40 758 089 455<\/span><\/span><\/span><\/p>\n<p class=\"western\" style=\"text-align: center\"><span style=\"font-family: Arial, sans-serif\"><span style=\"font-size: small\"><span lang=\"en-US\">email: <\/span><\/span><\/span><span style=\"color: #0000ff\"><u><a href=\"mailto:office@maramont.ro\"><span style=\"font-family: Arial, sans-serif\"><span style=\"font-size: small\"><span lang=\"en-US\">office@maramont.ro<\/span><\/span><\/span><\/a><\/u><\/span><span style=\"font-family: Arial, sans-serif\"><span style=\"font-size: small\"><span lang=\"en-US\">, <\/span><\/span><\/span><span style=\"color: #0000ff\"><u><a href=\"http:\/\/www.maramont.ro\/\"><span style=\"font-family: Arial, sans-serif\"><span style=\"font-size: small\"><span lang=\"en-US\">www.maramont.ro<\/span><\/span><\/span><\/a><\/u><\/span><\/p>","protected":false},"excerpt":{"rendered":"<p>Tourist Information Tourist Information Centre MaramuresInfoTurism Baia Mare, Gh. Sincai, No. 46, Room 20 Tel: +40 262 206 113, Fax: +40 262 206 114 email: office@visitmaramures.ro www.visitmaramures.ro MTMM \u2013 Tourist Information Centre Sighetu-Marma\u0163iei, Pia\u0163a Libert\u0103\u0163ii, No. 21, Tel: +40 262 312 552 e-mail: contact@mtmm.ro www.mtmm.ro Association for Rural Tourism Development and Promotion T\u00e2rgu L\u0103pu\u015f, Pia\u0163a [&hellip;]<\/p>","protected":false},"author":1,"featured_media":0,"parent":0,"menu_order":0,"comment_status":"closed","ping_status":"closed","template":"","meta":[],"acf":[],"yoast_head":"<!-- This site is optimized with the Yoast SEO plugin v17.5 - https:\/\/yoast.com\/wordpress\/plugins\/seo\/ -->\n<meta name=\"robots\" content=\"noindex, follow, max-snippet:-1, max-image-preview:large, max-video-preview:-1\" \/>\n<meta property=\"og:locale\" content=\"en_GB\" \/>\n<meta property=\"og:type\" content=\"article\" \/>\n<meta property=\"og:title\" content=\"Turism \u00een Maramures - AIMM\" \/>\n<meta property=\"og:description\" content=\"Tourist Information Tourist Information Centre MaramuresInfoTurism Baia Mare, Gh. Sincai, No. 46, Room 20 Tel: +40 262 206 113, Fax: +40 262 206 114 email: office@visitmaramures.ro www.visitmaramures.ro MTMM \u2013 Tourist Information Centre Sighetu-Marma\u0163iei, Pia\u0163a Libert\u0103\u0163ii, No. 21, Tel: +40 262 312 552 e-mail: contact@mtmm.ro www.mtmm.ro Association for Rural Tourism Development and Promotion T\u00e2rgu L\u0103pu\u015f, Pia\u0163a [&hellip;]\" \/>\n<meta property=\"og:url\" content=\"https:\/\/arhiva.aimm.eu\/en\/turism-in-maramures\/\" \/>\n<meta property=\"og:site_name\" content=\"AIMM\" \/>\n<meta property=\"article:modified_time\" content=\"2020-11-19T18:14:12+00:00\" \/>\n<meta name=\"twitter:card\" content=\"summary_large_image\" \/>\n<meta name=\"twitter:label1\" content=\"Estimated reading time\" \/>\n\t<meta name=\"twitter:data1\" content=\"1 minute\" \/>\n<script type=\"application\/ld+json\" class=\"yoast-schema-graph\">{\"@context\":\"https:\/\/schema.org\",\"@graph\":[{\"@type\":\"WebSite\",\"@id\":\"https:\/\/arhiva.aimm.eu\/#website\",\"url\":\"https:\/\/arhiva.aimm.eu\/\",\"name\":\"AIMM\",\"description\":\"Aeroportul Interna\\u021bional Maramure\\u0219\",\"potentialAction\":[{\"@type\":\"SearchAction\",\"target\":{\"@type\":\"EntryPoint\",\"urlTemplate\":\"https:\/\/arhiva.aimm.eu\/?s={search_term_string}\"},\"query-input\":\"required name=search_term_string\"}],\"inLanguage\":\"en-GB\"},{\"@type\":\"WebPage\",\"@id\":\"https:\/\/arhiva.aimm.eu\/turism-in-maramures\/#webpage\",\"url\":\"https:\/\/arhiva.aimm.eu\/turism-in-maramures\/\",\"name\":\"Turism \\u00een Maramures - AIMM\",\"isPartOf\":{\"@id\":\"https:\/\/arhiva.aimm.eu\/#website\"},\"datePublished\":\"2020-11-09T10:34:23+00:00\",\"dateModified\":\"2020-11-19T18:14:12+00:00\",\"breadcrumb\":{\"@id\":\"https:\/\/arhiva.aimm.eu\/turism-in-maramures\/#breadcrumb\"},\"inLanguage\":\"en-GB\",\"potentialAction\":[{\"@type\":\"ReadAction\",\"target\":[\"https:\/\/arhiva.aimm.eu\/turism-in-maramures\/\"]}]},{\"@type\":\"BreadcrumbList\",\"@id\":\"https:\/\/arhiva.aimm.eu\/turism-in-maramures\/#breadcrumb\",\"itemListElement\":[{\"@type\":\"ListItem\",\"position\":1,\"name\":\"Home\",\"item\":\"https:\/\/arhiva.aimm.eu\/\"},{\"@type\":\"ListItem\",\"position\":2,\"name\":\"Turism \\u00een Maramures\"}]}]}<\/script>\n<!-- \/ Yoast SEO plugin. -->","yoast_head_json":{"robots":{"index":"noindex","follow":"follow","max-snippet":"max-snippet:-1","max-image-preview":"max-image-preview:large","max-video-preview":"max-video-preview:-1"},"og_locale":"en_GB","og_type":"article","og_title":"Turism \u00een Maramures - AIMM","og_description":"Tourist Information Tourist Information Centre MaramuresInfoTurism Baia Mare, Gh. Sincai, No. 46, Room 20 Tel: +40 262 206 113, Fax: +40 262 206 114 email: office@visitmaramures.ro www.visitmaramures.ro MTMM \u2013 Tourist Information Centre Sighetu-Marma\u0163iei, Pia\u0163a Libert\u0103\u0163ii, No. 21, Tel: +40 262 312 552 e-mail: contact@mtmm.ro www.mtmm.ro Association for Rural Tourism Development and Promotion T\u00e2rgu L\u0103pu\u015f, Pia\u0163a [&hellip;]","og_url":"https:\/\/arhiva.aimm.eu\/en\/turism-in-maramures\/","og_site_name":"AIMM","article_modified_time":"2020-11-19T18:14:12+00:00","twitter_card":"summary_large_image","twitter_misc":{"Estimated reading time":"1 minute"},"schema":{"@context":"https:\/\/schema.org","@graph":[{"@type":"WebSite","@id":"https:\/\/arhiva.aimm.eu\/#website","url":"https:\/\/arhiva.aimm.eu\/","name":"AIMM","description":"Aeroportul Interna\u021bional Maramure\u0219","potentialAction":[{"@type":"SearchAction","target":{"@type":"EntryPoint","urlTemplate":"https:\/\/arhiva.aimm.eu\/?s={search_term_string}"},"query-input":"required name=search_term_string"}],"inLanguage":"en-GB"},{"@type":"WebPage","@id":"https:\/\/arhiva.aimm.eu\/turism-in-maramures\/#webpage","url":"https:\/\/arhiva.aimm.eu\/turism-in-maramures\/","name":"Turism \u00een Maramures - AIMM","isPartOf":{"@id":"https:\/\/arhiva.aimm.eu\/#website"},"datePublished":"2020-11-09T10:34:23+00:00","dateModified":"2020-11-19T18:14:12+00:00","breadcrumb":{"@id":"https:\/\/arhiva.aimm.eu\/turism-in-maramures\/#breadcrumb"},"inLanguage":"en-GB","potentialAction":[{"@type":"ReadAction","target":["https:\/\/arhiva.aimm.eu\/turism-in-maramures\/"]}]},{"@type":"BreadcrumbList","@id":"https:\/\/arhiva.aimm.eu\/turism-in-maramures\/#breadcrumb","itemListElement":[{"@type":"ListItem","position":1,"name":"Home","item":"https:\/\/arhiva.aimm.eu\/"},{"@type":"ListItem","position":2,"name":"Turism \u00een Maramures"}]}]}},"_links":{"self":[{"href":"https:\/\/arhiva.aimm.eu\/en\/wp-json\/wp\/v2\/pages\/610"}],"collection":[{"href":"https:\/\/arhiva.aimm.eu\/en\/wp-json\/wp\/v2\/pages"}],"about":[{"href":"https:\/\/arhiva.aimm.eu\/en\/wp-json\/wp\/v2\/types\/page"}],"author":[{"embeddable":true,"href":"https:\/\/arhiva.aimm.eu\/en\/wp-json\/wp\/v2\/users\/1"}],"replies":[{"embeddable":true,"href":"https:\/\/arhiva.aimm.eu\/en\/wp-json\/wp\/v2\/comments?post=610"}],"version-history":[{"count":3,"href":"https:\/\/arhiva.aimm.eu\/en\/wp-json\/wp\/v2\/pages\/610\/revisions"}],"predecessor-version":[{"id":799,"href":"https:\/\/arhiva.aimm.eu\/en\/wp-json\/wp\/v2\/pages\/610\/revisions\/799"}],"wp:attachment":[{"href":"https:\/\/arhiva.aimm.eu\/en\/wp-json\/wp\/v2\/media?parent=610"}],"curies":[{"name":"wp","href":"https:\/\/api.w.org\/{rel}","templated":true}]}}