{"id":616,"date":"2020-11-09T12:35:06","date_gmt":"2020-11-09T10:35:06","guid":{"rendered":"https:\/\/aimm.tutoriale.pro\/?page_id=616"},"modified":"2021-11-09T13:50:57","modified_gmt":"2021-11-09T11:50:57","slug":"hotarari-ale-consiliului-de-administratie","status":"publish","type":"page","link":"https:\/\/arhiva.aimm.eu\/en\/hotarari-ale-consiliului-de-administratie\/","title":{"rendered":"Hot\u0103r\u00e2ri ale consiliului de administra\u021bie"},"content":{"rendered":"<p><strong><em>Hot\u0103r\u00e2ri ale consiliului de administra\u021bie al AIMM emise \u00een cursul anului 2021:<\/em><\/strong><\/p>\n<p>.\u00a0 \u00a0 \u00a0 \u00a0 \u00a0 \u00a0 \u00a0 \u00a0 \u00a0 \u00a0 \u00a0 \u00a0 \u00a0 \u00a0Hot\u0103r\u00e2rea nr.13 din 09.09.2021 poate fi consultat\u0103 <a href=\"https:\/\/arhiva.aimm.eu\/wp-content\/uploads\/2021\/09\/hotararea-13-CA-2021.pdf\" target=\"_blank\" rel=\"noopener\">aici.<\/a><\/p>\n<p>.\u00a0 \u00a0 \u00a0 \u00a0 \u00a0 \u00a0 \u00a0 \u00a0 \u00a0 \u00a0 \u00a0 \u00a0 \u00a0 \u00a0Hot\u0103r\u00e2rea nr.12 din 04.08.2021 poate fi consultat\u0103 <a href=\"https:\/\/arhiva.aimm.eu\/wp-content\/uploads\/2021\/09\/hotararea-12-CA-2021.pdf\" target=\"_blank\" rel=\"noopener\">aici.<\/a><\/p>\n<p>.\u00a0 \u00a0 \u00a0 \u00a0 \u00a0 \u00a0 \u00a0 \u00a0 \u00a0 \u00a0 \u00a0 \u00a0 \u00a0 \u00a0Hot\u0103r\u00e2rea nr.11 din 04.08.2021 poate fi consultat\u0103 <a href=\"https:\/\/arhiva.aimm.eu\/wp-content\/uploads\/2021\/09\/hotararea-11-CA-2021.pdf\" target=\"_blank\" rel=\"noopener\">aici.<\/a><\/p>\n<p>.\u00a0 \u00a0 \u00a0 \u00a0 \u00a0 \u00a0 \u00a0 \u00a0 \u00a0 \u00a0 \u00a0 \u00a0 \u00a0 \u00a0Hot\u0103r\u00e2rea nr.10 din 12.07.2021 poate fi consultat\u0103 <a href=\"https:\/\/arhiva.aimm.eu\/wp-content\/uploads\/2021\/07\/hotararea-10-CA-2021.pdf\" target=\"_blank\" rel=\"noopener\">aici.<\/a><\/p>\n<p>.\u00a0 \u00a0 \u00a0 \u00a0 \u00a0 \u00a0 \u00a0 \u00a0 \u00a0 \u00a0 \u00a0 \u00a0 \u00a0 \u00a0Hot\u0103r\u00e2rea nr.09 din 12.07.2021 poate fi consultat\u0103 <a href=\"https:\/\/arhiva.aimm.eu\/wp-content\/uploads\/2021\/07\/hotararea-9-CA-2021.pdf\" target=\"_blank\" rel=\"noopener\">aici.<\/a><\/p>\n<p>.\u00a0 \u00a0 \u00a0 \u00a0 \u00a0 \u00a0 \u00a0 \u00a0 \u00a0 \u00a0 \u00a0 \u00a0 \u00a0 \u00a0Hot\u0103r\u00e2rea nr.08 din 12.07.2021 poate fi consultat\u0103 <a href=\"https:\/\/arhiva.aimm.eu\/wp-content\/uploads\/2021\/07\/hotararea-8-CA-2021.pdf\" target=\"_blank\" rel=\"noopener\">aici.<\/a><\/p>\n<p>.\u00a0 \u00a0 \u00a0 \u00a0 \u00a0 \u00a0 \u00a0 \u00a0 \u00a0 \u00a0 \u00a0 \u00a0 \u00a0 \u00a0Hot\u0103r\u00e2rea nr.07 din 13.05.2021 poate fi consultat\u0103 <a href=\"https:\/\/arhiva.aimm.eu\/wp-content\/uploads\/2021\/07\/hotarare-7-CA-2021.pdf\" target=\"_blank\" rel=\"noopener\">aici.<\/a><\/p>\n<p>.\u00a0 \u00a0 \u00a0 \u00a0 \u00a0 \u00a0 \u00a0 \u00a0 \u00a0 \u00a0 \u00a0 \u00a0 \u00a0 \u00a0Hot\u0103r\u00e2rea nr.06 din 13.05.2021 poate fi consultat\u0103 <a href=\"https:\/\/arhiva.aimm.eu\/wp-content\/uploads\/2021\/07\/hotarare-6-CA-2021-.pdf\" target=\"_blank\" rel=\"noopener\">aici.<\/a><\/p>\n<p>.\u00a0 \u00a0 \u00a0 \u00a0 \u00a0 \u00a0 \u00a0 \u00a0 \u00a0 \u00a0 \u00a0 \u00a0 \u00a0 \u00a0Hot\u0103r\u00e2rea nr.05 din 24.03.2021 poate fi consultat\u0103 <a href=\"https:\/\/arhiva.aimm.eu\/wp-content\/uploads\/2021\/04\/hotararea-5-CA-24.03.2021.pdf\" target=\"_blank\" rel=\"noopener\">aici.<\/a><\/p>\n<p>.\u00a0 \u00a0 \u00a0 \u00a0 \u00a0 \u00a0 \u00a0 \u00a0 \u00a0 \u00a0 \u00a0 \u00a0 \u00a0 \u00a0Hot\u0103r\u00e2rea nr.04 din 24.03.2021 poate fi consultat\u0103 <a href=\"https:\/\/arhiva.aimm.eu\/wp-content\/uploads\/2021\/04\/hotarare-4-CA-24.03.2021.pdf\" target=\"_blank\" rel=\"noopener\">aici<\/a>.<\/p>\n<p>.\u00a0 \u00a0 \u00a0 \u00a0 \u00a0 \u00a0 \u00a0 \u00a0 \u00a0 \u00a0 \u00a0 \u00a0 \u00a0 \u00a0Hot\u0103r\u00e2rea nr.03 din 05.02.2021 poate fi consultat\u0103 <a href=\"https:\/\/arhiva.aimm.eu\/wp-content\/uploads\/2021\/04\/hotarare-3-CA-05.02.pdf\" target=\"_blank\" rel=\"noopener\">aici.<\/a><\/p>\n<p>.\u00a0 \u00a0 \u00a0 \u00a0 \u00a0 \u00a0 \u00a0 \u00a0 \u00a0 \u00a0 \u00a0 \u00a0 \u00a0 \u00a0Hot\u0103r\u00e2rea nr.02 din 01.02.2021 poate fi consultat\u0103 <a href=\"https:\/\/arhiva.aimm.eu\/wp-content\/uploads\/2021\/04\/hotarare-2-CA-01.02.2021.pdf\" target=\"_blank\" rel=\"noopener\">aici.<\/a><\/p>\n<p>.\u00a0 \u00a0 \u00a0 \u00a0 \u00a0 \u00a0 \u00a0 \u00a0 \u00a0 \u00a0 \u00a0 \u00a0 \u00a0 \u00a0Hot\u0103r\u00e2rea nr.01 din 29.01.2021 poate fi consultat\u0103 <a href=\"https:\/\/arhiva.aimm.eu\/wp-content\/uploads\/2021\/04\/hotarare-1-CA-29.01.2020.pdf\" target=\"_blank\" rel=\"noopener\">aici.<\/a><\/p>\n<p><strong><em>Hot\u0103r\u00e2ri ale consiliului de administra\u021bie al AIMM emise \u00een cursul anului 2020:<\/em><\/strong><\/p>\n<p>.\u00a0 \u00a0 \u00a0 \u00a0 \u00a0 \u00a0 \u00a0 \u00a0 \u00a0 \u00a0 \u00a0 \u00a0 \u00a0 \u00a0Hot\u0103r\u00e2rea nr.08 din 26.06.2020 poate fi consultat\u0103 <a href=\"https:\/\/aimm.tutoriale.pro\/wp-content\/uploads\/2020\/12\/hotararea_08_CA_2020.pdf\" target=\"_blank\" rel=\"noopener\">aici<\/a> .<\/p>\n<p>.\u00a0 \u00a0 \u00a0 \u00a0 \u00a0 \u00a0 \u00a0 \u00a0 \u00a0 \u00a0 \u00a0 \u00a0 \u00a0 \u00a0Hot\u0103r\u00e2rea nr.07 din 26.06.2020 poate fi consultat\u0103 <a href=\"https:\/\/aimm.tutoriale.pro\/wp-content\/uploads\/2020\/12\/hotararea_07_CA_2020.pdf\" target=\"_blank\" rel=\"noopener\">aici<\/a> .<\/p>\n<p>.\u00a0 \u00a0 \u00a0 \u00a0 \u00a0 \u00a0 \u00a0 \u00a0 \u00a0 \u00a0 \u00a0 \u00a0 \u00a0 \u00a0Hot\u0103r\u00e2rea nr.06 din 26.06.2020 poate fi consultat\u0103 <a href=\"https:\/\/aimm.tutoriale.pro\/wp-content\/uploads\/2020\/12\/hotararea_06_CA_2020.pdf\" target=\"_blank\" rel=\"noopener\">aici<\/a> .<\/p>\n<p>.\u00a0 \u00a0 \u00a0 \u00a0 \u00a0 \u00a0 \u00a0 \u00a0 \u00a0 \u00a0 \u00a0 \u00a0 \u00a0 \u00a0Hot\u0103r\u00e2rea nr.05 din 13.03.2020 poate fi consultat\u0103 <a href=\"https:\/\/aimm.tutoriale.pro\/wp-content\/uploads\/2020\/12\/hotararea_05_CA_2020.pdf\" target=\"_blank\" rel=\"noopener\">aici<\/a> .<\/p>\n<p>.\u00a0 \u00a0 \u00a0 \u00a0 \u00a0 \u00a0 \u00a0 \u00a0 \u00a0 \u00a0 \u00a0 \u00a0 \u00a0 \u00a0Hot\u0103r\u00e2rea nr.04 din 13.03.2020 poate fi consultat\u0103 <a href=\"https:\/\/aimm.tutoriale.pro\/wp-content\/uploads\/2020\/12\/hotararea_04_CA_2020.pdf\" target=\"_blank\" rel=\"noopener\">aici<\/a> .<\/p>\n<p>.\u00a0 \u00a0 \u00a0 \u00a0 \u00a0 \u00a0 \u00a0 \u00a0 \u00a0 \u00a0 \u00a0 \u00a0 \u00a0 \u00a0Hot\u0103r\u00e2rea nr.03 din 13.03.2020 poate fi consultat\u0103 <a href=\"https:\/\/aimm.tutoriale.pro\/wp-content\/uploads\/2020\/12\/hotararea_03_CA_2020.pdf\" target=\"_blank\" rel=\"noopener\">aici<\/a> .<\/p>\n<p>.\u00a0 \u00a0 \u00a0 \u00a0 \u00a0 \u00a0 \u00a0 \u00a0 \u00a0 \u00a0 \u00a0 \u00a0 \u00a0 \u00a0Hot\u0103r\u00e2rea nr.02 din 28.01.2020 poate fi consultat\u0103 <a href=\"https:\/\/aimm.tutoriale.pro\/wp-content\/uploads\/2020\/12\/hotararea_02_CA_2020.pdf\" target=\"_blank\" rel=\"noopener\">aici<\/a> .<\/p>\n<p>.\u00a0 \u00a0 \u00a0 \u00a0 \u00a0 \u00a0 \u00a0 \u00a0 \u00a0 \u00a0 \u00a0 \u00a0 \u00a0 \u00a0Hot\u0103r\u00e2rea nr.01 din 28.01.2020 poate fi consultat\u0103 <a href=\"https:\/\/aimm.tutoriale.pro\/wp-content\/uploads\/2020\/12\/hotararea_01_CA_2020.pdf\" target=\"_blank\" rel=\"noopener\">aici<\/a> .<\/p>\n<p>.\u00a0 \u00a0 \u00a0 \u00a0 \u00a0 \u00a0 \u00a0 \u00a0 \u00a0 \u00a0 \u00a0 \u00a0 \u00a0 \u00a0Hot\u0103r\u00e2rea nr.09 din 17.08.2020 poate fi consultat\u0103 <a href=\"https:\/\/arhiva.aimm.eu\/wp-content\/uploads\/2021\/02\/Hotarare-9-CA-2020.pdf\" target=\"_blank\" rel=\"noopener\">aici<\/a>.<\/p>\n<p>.\u00a0 \u00a0 \u00a0 \u00a0 \u00a0 \u00a0 \u00a0 \u00a0 \u00a0 \u00a0 \u00a0 \u00a0 \u00a0 \u00a0Hot\u0103r\u00e2rea nr.10 din 17.08.2020 poate fi consultat\u0103 <a href=\"https:\/\/arhiva.aimm.eu\/wp-content\/uploads\/2021\/02\/Hotarare-10-CA-2020.pdf\" target=\"_blank\" rel=\"noopener\">aici<\/a> .<\/p>\n<p>.\u00a0 \u00a0 \u00a0 \u00a0 \u00a0 \u00a0 \u00a0 \u00a0 \u00a0 \u00a0 \u00a0 \u00a0 \u00a0 \u00a0Hot\u0103r\u00e2rea nr.11 din 17.08.2020 poate fi consultat\u0103 <a href=\"https:\/\/arhiva.aimm.eu\/wp-content\/uploads\/2021\/02\/Hotarare-11-CA-2020.pdf\" target=\"_blank\" rel=\"noopener\">aici<\/a>.<\/p>\n<p>.\u00a0 \u00a0 \u00a0 \u00a0 \u00a0 \u00a0 \u00a0 \u00a0 \u00a0 \u00a0 \u00a0 \u00a0 \u00a0 \u00a0Hot\u0103r\u00e2rea nr.12 din 23.09.2020 poate fi consultat\u0103 <a href=\"https:\/\/arhiva.aimm.eu\/wp-content\/uploads\/2021\/02\/hotararea-12-CA-2020-2.pdf\" target=\"_blank\" rel=\"noopener\">aici<\/a>.<\/p>\n<p>.\u00a0 \u00a0 \u00a0 \u00a0 \u00a0 \u00a0 \u00a0 \u00a0 \u00a0 \u00a0 \u00a0 \u00a0 \u00a0 \u00a0Hot\u0103r\u00e2rea nr.14 din 27.11.2020 poate fi consultat\u0103 <a href=\"https:\/\/arhiva.aimm.eu\/wp-content\/uploads\/2021\/02\/hotarare-14-CA.pdf\" target=\"_blank\" rel=\"noopener\">aici<\/a>.<\/p>\n<p>.\u00a0 \u00a0 \u00a0 \u00a0 \u00a0 \u00a0 \u00a0 \u00a0 \u00a0 \u00a0 \u00a0 \u00a0 \u00a0 \u00a0Hot\u0103r\u00e2rea nr.15 din 30.12.2020 poate fi consultat\u0103 <a href=\"https:\/\/arhiva.aimm.eu\/wp-content\/uploads\/2021\/02\/hotarare-CA-15-2020.pdf\" target=\"_blank\" rel=\"noopener\">aici<\/a>.<\/p>\n<p>&nbsp;<\/p>\n<p><strong><em>Hot\u0103r\u00e2ri ale consiliului de administra\u021bie al AIMM emise \u00een cursul anului 2019:<\/em><\/strong><\/p>\n<p>.\u00a0 \u00a0 \u00a0 \u00a0 \u00a0 \u00a0 \u00a0 \u00a0 \u00a0 \u00a0 \u00a0 \u00a0 \u00a0 \u00a0Hot\u0103r\u00e2rea nr.16 din 19.12.2019 poate fi consultat\u0103 <a href=\"https:\/\/aimm.tutoriale.pro\/wp-content\/uploads\/2020\/12\/hotararea_16_CA_2019.pdf\" target=\"_blank\" rel=\"noopener\">aici<\/a> .<br \/>\n.\u00a0 \u00a0 \u00a0 \u00a0 \u00a0 \u00a0 \u00a0 \u00a0 \u00a0 \u00a0 \u00a0 \u00a0 \u00a0 \u00a0Hot\u0103r\u00e2rea nr.15 din 18.11.2019 poate fi consultat\u0103 <a href=\"https:\/\/aimm.tutoriale.pro\/wp-content\/uploads\/2020\/12\/hotararea_15_CA_2019.pdf\" target=\"_blank\" rel=\"noopener\">aici<\/a> .<br \/>\n.\u00a0 \u00a0 \u00a0 \u00a0 \u00a0 \u00a0 \u00a0 \u00a0 \u00a0 \u00a0 \u00a0 \u00a0 \u00a0 \u00a0Hot\u0103r\u00e2rea nr.14 din 18.11.2019 poate fi consultat\u0103 <a href=\"https:\/\/aimm.tutoriale.pro\/wp-content\/uploads\/2020\/12\/hotararea_14_CA_2019.pdf\" target=\"_blank\" rel=\"noopener\">aici<\/a> .<br \/>\n.\u00a0 \u00a0 \u00a0 \u00a0 \u00a0 \u00a0 \u00a0 \u00a0 \u00a0 \u00a0 \u00a0 \u00a0 \u00a0 \u00a0Hot\u0103r\u00e2rea nr.13 din 28.10.2019 poate fi consultat\u0103 <a href=\"https:\/\/aimm.tutoriale.pro\/wp-content\/uploads\/2020\/12\/hotarare_13_Ca_2019.pdf\">aici<\/a> .<br \/>\n.\u00a0 \u00a0 \u00a0 \u00a0 \u00a0 \u00a0 \u00a0 \u00a0 \u00a0 \u00a0 \u00a0 \u00a0 \u00a0 \u00a0Hot\u0103r\u00e2rea nr.12 din 30.09.2019 poate fi consultat\u0103 <a href=\"https:\/\/aimm.tutoriale.pro\/wp-content\/uploads\/2020\/12\/hotarare_12_Ca_2019.pdf\" target=\"_blank\" rel=\"noopener\">aici<\/a> .<br \/>\n.\u00a0 \u00a0 \u00a0 \u00a0 \u00a0 \u00a0 \u00a0 \u00a0 \u00a0 \u00a0 \u00a0 \u00a0 \u00a0 \u00a0Hot\u0103r\u00e2rea nr.11 din 30.09.2019 poate fi consultat\u0103 <a href=\"https:\/\/aimm.tutoriale.pro\/wp-content\/uploads\/2020\/12\/hotarare_11_Ca_2019.pdf\" target=\"_blank\" rel=\"noopener\">aici<\/a> .<br \/>\n.\u00a0 \u00a0 \u00a0 \u00a0 \u00a0 \u00a0 \u00a0 \u00a0 \u00a0 \u00a0 \u00a0 \u00a0 \u00a0 \u00a0Hot\u0103r\u00e2rea nr.10 din 11.07.2019 poate fi consultat\u0103 <a href=\"https:\/\/aimm.tutoriale.pro\/wp-content\/uploads\/2020\/12\/hotarare_10_Ca_2019.pdf\" target=\"_blank\" rel=\"noopener\">aici<\/a> .<br \/>\n.\u00a0 \u00a0 \u00a0 \u00a0 \u00a0 \u00a0 \u00a0 \u00a0 \u00a0 \u00a0 \u00a0 \u00a0 \u00a0 \u00a0Hot\u0103r\u00e2rea nr.09 din 12.06.2019 poate fi consultat\u0103 <a href=\"https:\/\/aimm.tutoriale.pro\/wp-content\/uploads\/2020\/12\/hotarare_09_Ca_2019.pdf\" target=\"_blank\" rel=\"noopener\">aici<\/a> .<br \/>\n.\u00a0 \u00a0 \u00a0 \u00a0 \u00a0 \u00a0 \u00a0 \u00a0 \u00a0 \u00a0 \u00a0 \u00a0 \u00a0 \u00a0Hot\u0103r\u00e2rea nr.08 din 14.05.2019 poate fi consultat\u0103 <a href=\"https:\/\/aimm.tutoriale.pro\/wp-content\/uploads\/2020\/12\/hotarare_08_Ca_2019.pdf\" target=\"_blank\" rel=\"noopener\">aici<\/a> .<br \/>\n.\u00a0 \u00a0 \u00a0 \u00a0 \u00a0 \u00a0 \u00a0 \u00a0 \u00a0 \u00a0 \u00a0 \u00a0 \u00a0 \u00a0Hot\u0103r\u00e2rea nr.07 din 14.05.2019 poate fi consultat\u0103 <a href=\"https:\/\/aimm.tutoriale.pro\/wp-content\/uploads\/2020\/12\/hotarare_07_Ca_2019.pdf\" target=\"_blank\" rel=\"noopener\">aici<\/a> .<br \/>\n.\u00a0 \u00a0 \u00a0 \u00a0 \u00a0 \u00a0 \u00a0 \u00a0 \u00a0 \u00a0 \u00a0 \u00a0 \u00a0 \u00a0Hot\u0103r\u00e2rea nr.06 din 25.04.2019 poate fi consultat\u0103 <a href=\"https:\/\/aimm.tutoriale.pro\/wp-content\/uploads\/2020\/12\/hotarare_06_Ca_2019.pdf\" target=\"_blank\" rel=\"noopener\">aici<\/a> .<br \/>\n.\u00a0 \u00a0 \u00a0 \u00a0 \u00a0 \u00a0 \u00a0 \u00a0 \u00a0 \u00a0 \u00a0 \u00a0 \u00a0 \u00a0Hot\u0103r\u00e2rea nr.05 din 25.04.2019 poate fi consultat\u0103 <a href=\"https:\/\/aimm.tutoriale.pro\/wp-content\/uploads\/2020\/12\/hotarare_05_Ca_2019.pdf\" target=\"_blank\" rel=\"noopener\">aici<\/a> .<br \/>\n.\u00a0 \u00a0 \u00a0 \u00a0 \u00a0 \u00a0 \u00a0 \u00a0 \u00a0 \u00a0 \u00a0 \u00a0 \u00a0 \u00a0Hot\u0103r\u00e2rea nr.04 din 18.04.2019 poate fi consultat\u0103 <a href=\"https:\/\/aimm.tutoriale.pro\/wp-content\/uploads\/2020\/12\/hotarare_04_Ca_2019.pdf\" target=\"_blank\" rel=\"noopener\">aici<\/a> .<br \/>\n.\u00a0 \u00a0 \u00a0 \u00a0 \u00a0 \u00a0 \u00a0 \u00a0 \u00a0 \u00a0 \u00a0 \u00a0 \u00a0 \u00a0Hot\u0103r\u00e2rea nr.03 din 18.04.2019 poate fi consultat\u0103 <a href=\"https:\/\/aimm.tutoriale.pro\/wp-content\/uploads\/2020\/12\/hotarare_03_Ca_2019.pdf\" target=\"_blank\" rel=\"noopener\">aici<\/a> .<br \/>\n.\u00a0 \u00a0 \u00a0 \u00a0 \u00a0 \u00a0 \u00a0 \u00a0 \u00a0 \u00a0 \u00a0 \u00a0 \u00a0 \u00a0Hot\u0103r\u00e2rea nr.02 din 18.04.2019 poate fi consultat\u0103 <a href=\"https:\/\/aimm.tutoriale.pro\/wp-content\/uploads\/2020\/12\/hotarare_02_Ca_2019.pdf\" target=\"_blank\" rel=\"noopener\">aici<\/a> .<br \/>\n.\u00a0 \u00a0 \u00a0 \u00a0 \u00a0 \u00a0 \u00a0 \u00a0 \u00a0 \u00a0 \u00a0 \u00a0 \u00a0 \u00a0Hot\u0103r\u00e2rea nr.01 din 28.02.2019 poate fi consultat\u0103 <a href=\"https:\/\/aimm.tutoriale.pro\/wp-content\/uploads\/2020\/12\/hotarare_01_Ca_2019.pdf\" target=\"_blank\" rel=\"noopener\">aici<\/a> .<\/p>\n<p><strong><em>Hot\u0103r\u00e2ri ale consiliului de administra\u021bie al AIMM emise \u00een cursul anului 2018:<\/em><\/strong><\/p>\n<p>.\u00a0 \u00a0 \u00a0 \u00a0 \u00a0 \u00a0 \u00a0 \u00a0 \u00a0 \u00a0 \u00a0 \u00a0 \u00a0 \u00a0Hot\u0103r\u00e2rea nr.19 din 04.12.2018 poate fi consultat\u0103 <a href=\"https:\/\/aimm.tutoriale.pro\/wp-content\/uploads\/2020\/12\/hotarare_19_Ca_2018.pdf\" target=\"_blank\" rel=\"noopener\">aici<\/a> .<br \/>\n.\u00a0 \u00a0 \u00a0 \u00a0 \u00a0 \u00a0 \u00a0 \u00a0 \u00a0 \u00a0 \u00a0 \u00a0 \u00a0 \u00a0Hot\u0103r\u00e2rea nr.18 din 29.11.2018 poate fi consultat\u0103 <a href=\"https:\/\/aimm.tutoriale.pro\/wp-content\/uploads\/2020\/12\/hotarare_18_Ca_2018.pdf\" target=\"_blank\" rel=\"noopener\">aici<\/a> .<br \/>\n.\u00a0 \u00a0 \u00a0 \u00a0 \u00a0 \u00a0 \u00a0 \u00a0 \u00a0 \u00a0 \u00a0 \u00a0 \u00a0 \u00a0Hot\u0103r\u00e2rea nr.17 din 29.11.2018 poate fi consultat\u0103 <a href=\"https:\/\/aimm.tutoriale.pro\/wp-content\/uploads\/2020\/12\/hotarare_17_Ca_2018.pdf\" target=\"_blank\" rel=\"noopener\">aici<\/a> .<br \/>\n.\u00a0 \u00a0 \u00a0 \u00a0 \u00a0 \u00a0 \u00a0 \u00a0 \u00a0 \u00a0 \u00a0 \u00a0 \u00a0 \u00a0Hot\u0103r\u00e2rea nr.16 din 29.11.2018 poate fi consultat\u0103 <a href=\"https:\/\/aimm.tutoriale.pro\/wp-content\/uploads\/2020\/12\/hotarare_16_Ca_2018.pdf\" target=\"_blank\" rel=\"noopener\">aici<\/a> .<br \/>\n.\u00a0 \u00a0 \u00a0 \u00a0 \u00a0 \u00a0 \u00a0 \u00a0 \u00a0 \u00a0 \u00a0 \u00a0 \u00a0 \u00a0Hot\u0103r\u00e2rea nr.15 din 27.09.2018 poate fi consultat\u0103 <a href=\"https:\/\/aimm.tutoriale.pro\/wp-content\/uploads\/2020\/12\/hotarare_15_Ca_2018.pdf\" target=\"_blank\" rel=\"noopener\">aici<\/a> .<br \/>\n.\u00a0 \u00a0 \u00a0 \u00a0 \u00a0 \u00a0 \u00a0 \u00a0 \u00a0 \u00a0 \u00a0 \u00a0 \u00a0 \u00a0Hot\u0103r\u00e2rea nr.14 din 27.09.2018 poate fi consultat\u0103 <a href=\"https:\/\/aimm.tutoriale.pro\/wp-content\/uploads\/2020\/12\/hotarare_14_Ca_2018.pdf\" target=\"_blank\" rel=\"noopener\">aici<\/a> .<br \/>\n.\u00a0 \u00a0 \u00a0 \u00a0 \u00a0 \u00a0 \u00a0 \u00a0 \u00a0 \u00a0 \u00a0 \u00a0 \u00a0 \u00a0Hot\u0103r\u00e2rea nr.13 din 13.08.2018 poate fi consultat\u0103 <a href=\"https:\/\/aimm.tutoriale.pro\/wp-content\/uploads\/2020\/12\/hotarare_13_Ca_2018.pdf\" target=\"_blank\" rel=\"noopener\">aici<\/a> .<br \/>\n.\u00a0 \u00a0 \u00a0 \u00a0 \u00a0 \u00a0 \u00a0 \u00a0 \u00a0 \u00a0 \u00a0 \u00a0 \u00a0 \u00a0Hot\u0103r\u00e2rea nr.12 din 25.06.2018 poate fi consultat\u0103 <a href=\"https:\/\/aimm.tutoriale.pro\/wp-content\/uploads\/2020\/12\/hotarare_12_Ca_2018.pdf\" target=\"_blank\" rel=\"noopener\">aici<\/a> .<br \/>\n.\u00a0 \u00a0 \u00a0 \u00a0 \u00a0 \u00a0 \u00a0 \u00a0 \u00a0 \u00a0 \u00a0 \u00a0 \u00a0 \u00a0Hot\u0103r\u00e2rea nr.11 din 30.05.2018 poate fi consultat\u0103 <a href=\"https:\/\/aimm.tutoriale.pro\/wp-content\/uploads\/2020\/12\/hotarare_11_Ca_2018.pdf\">aici<\/a> .<br \/>\n.\u00a0 \u00a0 \u00a0 \u00a0 \u00a0 \u00a0 \u00a0 \u00a0 \u00a0 \u00a0 \u00a0 \u00a0 \u00a0 \u00a0Hot\u0103r\u00e2rea nr.10 din 30.05.2018 poate fi consultat\u0103 <a href=\"https:\/\/aimm.tutoriale.pro\/wp-content\/uploads\/2020\/12\/hotarare_10_Ca_2018.pdf\" target=\"_blank\" rel=\"noopener\">aici<\/a> .<br \/>\n.\u00a0 \u00a0 \u00a0 \u00a0 \u00a0 \u00a0 \u00a0 \u00a0 \u00a0 \u00a0 \u00a0 \u00a0 \u00a0 \u00a0Hot\u0103r\u00e2rea nr.09 din 27.04.2018 poate fi consultat\u0103 <a href=\"https:\/\/aimm.tutoriale.pro\/wp-content\/uploads\/2020\/12\/hotarare_09_Ca_2018.pdf\" target=\"_blank\" rel=\"noopener\">aici<\/a> .<br \/>\n.\u00a0 \u00a0 \u00a0 \u00a0 \u00a0 \u00a0 \u00a0 \u00a0 \u00a0 \u00a0 \u00a0 \u00a0 \u00a0 \u00a0Hot\u0103r\u00e2rea nr.08 din 27.04.2018 poate fi consultat\u0103 <a href=\"https:\/\/aimm.tutoriale.pro\/wp-content\/uploads\/2020\/12\/hotarare_08_Ca_2018.pdf\" target=\"_blank\" rel=\"noopener\">aici<\/a> .<br \/>\n.\u00a0 \u00a0 \u00a0 \u00a0 \u00a0 \u00a0 \u00a0 \u00a0 \u00a0 \u00a0 \u00a0 \u00a0 \u00a0 \u00a0Hot\u0103r\u00e2rea nr.07 din 27.04.2018 poate fi consultat\u0103 <a href=\"https:\/\/aimm.tutoriale.pro\/wp-content\/uploads\/2020\/12\/hotarare_07_Ca_2018.pdf\" target=\"_blank\" rel=\"noopener\">aici<\/a> .<br \/>\n.\u00a0 \u00a0 \u00a0 \u00a0 \u00a0 \u00a0 \u00a0 \u00a0 \u00a0 \u00a0 \u00a0 \u00a0 \u00a0 \u00a0Hot\u0103r\u00e2rea nr.06 din 27.04.2018 poate fi consultat\u0103 <a href=\"https:\/\/aimm.tutoriale.pro\/wp-content\/uploads\/2020\/12\/hotarare_06_Ca_2018.pdf\" target=\"_blank\" rel=\"noopener\">aici<\/a> .<br \/>\n.\u00a0 \u00a0 \u00a0 \u00a0 \u00a0 \u00a0 \u00a0 \u00a0 \u00a0 \u00a0 \u00a0 \u00a0 \u00a0 \u00a0Hot\u0103r\u00e2rea nr.05 din 29.03.2018 poate fi consultat\u0103 <a href=\"https:\/\/aimm.tutoriale.pro\/wp-content\/uploads\/2020\/12\/hotarare_05_Ca_2018.pdf\" target=\"_blank\" rel=\"noopener\">aici<\/a> .<br \/>\n.\u00a0 \u00a0 \u00a0 \u00a0 \u00a0 \u00a0 \u00a0 \u00a0 \u00a0 \u00a0 \u00a0 \u00a0 \u00a0 \u00a0Hot\u0103r\u00e2rea nr.04 din 02.02.2018 poate fi consultat\u0103 <a href=\"https:\/\/aimm.tutoriale.pro\/wp-content\/uploads\/2020\/12\/hotarare_04_Ca_2018.pdf\" target=\"_blank\" rel=\"noopener\">aici<\/a> .<br \/>\n.\u00a0 \u00a0 \u00a0 \u00a0 \u00a0 \u00a0 \u00a0 \u00a0 \u00a0 \u00a0 \u00a0 \u00a0 \u00a0 \u00a0Hot\u0103r\u00e2rea nr.03 din 29.01.2018 poate fi consultat\u0103 <a href=\"https:\/\/aimm.tutoriale.pro\/wp-content\/uploads\/2020\/12\/hotarare_03_Ca_2018.pdf\" target=\"_blank\" rel=\"noopener\">aici<\/a> .<\/p>\n<p><strong><em>Hot\u0103r\u00e2ri ale consiliului de administra\u021bie al AIMM emise \u00een cursul anului 2017:<\/em><\/strong><\/p>\n<p>.\u00a0 \u00a0 \u00a0 \u00a0 \u00a0 \u00a0 \u00a0 \u00a0 \u00a0 \u00a0 \u00a0 \u00a0 \u00a0 \u00a0Hot\u0103r\u00e2rea nr.02 din 22.12.2017 poate fi consultat\u0103 <a href=\"https:\/\/aimm.tutoriale.pro\/wp-content\/uploads\/2020\/12\/hotarare_02_Ca_2017.pdf\" target=\"_blank\" rel=\"noopener\">aici<\/a> .<br \/>\n.\u00a0 \u00a0 \u00a0 \u00a0 \u00a0 \u00a0 \u00a0 \u00a0 \u00a0 \u00a0 \u00a0 \u00a0 \u00a0 \u00a0Hot\u0103r\u00e2rea nr.01 din 22.12.2017 poate fi consultat\u0103 <a href=\"https:\/\/aimm.tutoriale.pro\/wp-content\/uploads\/2020\/12\/hotarare_01_Ca_2017.pdf\" target=\"_blank\" rel=\"noopener\">aici<\/a> .<\/p>","protected":false},"excerpt":{"rendered":"<p>Hot\u0103r\u00e2ri ale consiliului de administra\u021bie al AIMM emise \u00een cursul anului 2021: .\u00a0 \u00a0 \u00a0 \u00a0 \u00a0 \u00a0 \u00a0 \u00a0 \u00a0 \u00a0 \u00a0 \u00a0 \u00a0 \u00a0Hot\u0103r\u00e2rea nr.13 din 09.09.2021 poate fi consultat\u0103 aici. .\u00a0 \u00a0 \u00a0 \u00a0 \u00a0 \u00a0 \u00a0 \u00a0 \u00a0 \u00a0 \u00a0 \u00a0 \u00a0 \u00a0Hot\u0103r\u00e2rea nr.12 din 04.08.2021 poate fi consultat\u0103 aici. .\u00a0 [&hellip;]<\/p>","protected":false},"author":1,"featured_media":0,"parent":0,"menu_order":0,"comment_status":"closed","ping_status":"closed","template":"","meta":[],"acf":[],"yoast_head":"<!-- This site is optimized with the Yoast SEO plugin v17.5 - https:\/\/yoast.com\/wordpress\/plugins\/seo\/ -->\n<meta name=\"robots\" content=\"noindex, follow, max-snippet:-1, max-image-preview:large, max-video-preview:-1\" \/>\n<meta property=\"og:locale\" content=\"en_GB\" \/>\n<meta property=\"og:type\" content=\"article\" \/>\n<meta property=\"og:title\" content=\"Hot\u0103r\u00e2ri ale consiliului de administra\u021bie - AIMM\" \/>\n<meta property=\"og:description\" content=\"Hot\u0103r\u00e2ri ale consiliului de administra\u021bie al AIMM emise \u00een cursul anului 2021: .\u00a0 \u00a0 \u00a0 \u00a0 \u00a0 \u00a0 \u00a0 \u00a0 \u00a0 \u00a0 \u00a0 \u00a0 \u00a0 \u00a0Hot\u0103r\u00e2rea nr.13 din 09.09.2021 poate fi consultat\u0103 aici. .\u00a0 \u00a0 \u00a0 \u00a0 \u00a0 \u00a0 \u00a0 \u00a0 \u00a0 \u00a0 \u00a0 \u00a0 \u00a0 \u00a0Hot\u0103r\u00e2rea nr.12 din 04.08.2021 poate fi consultat\u0103 aici. .\u00a0 [&hellip;]\" \/>\n<meta property=\"og:url\" content=\"https:\/\/arhiva.aimm.eu\/en\/hotarari-ale-consiliului-de-administratie\/\" \/>\n<meta property=\"og:site_name\" content=\"AIMM\" \/>\n<meta property=\"article:modified_time\" content=\"2021-11-09T11:50:57+00:00\" \/>\n<meta name=\"twitter:card\" content=\"summary_large_image\" \/>\n<meta name=\"twitter:label1\" content=\"Estimated reading time\" \/>\n\t<meta name=\"twitter:data1\" content=\"3 minutes\" \/>\n<script type=\"application\/ld+json\" class=\"yoast-schema-graph\">{\"@context\":\"https:\/\/schema.org\",\"@graph\":[{\"@type\":\"WebSite\",\"@id\":\"https:\/\/arhiva.aimm.eu\/#website\",\"url\":\"https:\/\/arhiva.aimm.eu\/\",\"name\":\"AIMM\",\"description\":\"Aeroportul Interna\\u021bional Maramure\\u0219\",\"potentialAction\":[{\"@type\":\"SearchAction\",\"target\":{\"@type\":\"EntryPoint\",\"urlTemplate\":\"https:\/\/arhiva.aimm.eu\/?s={search_term_string}\"},\"query-input\":\"required name=search_term_string\"}],\"inLanguage\":\"en-GB\"},{\"@type\":\"WebPage\",\"@id\":\"https:\/\/arhiva.aimm.eu\/hotarari-ale-consiliului-de-administratie\/#webpage\",\"url\":\"https:\/\/arhiva.aimm.eu\/hotarari-ale-consiliului-de-administratie\/\",\"name\":\"Hot\\u0103r\\u00e2ri ale consiliului de administra\\u021bie - AIMM\",\"isPartOf\":{\"@id\":\"https:\/\/arhiva.aimm.eu\/#website\"},\"datePublished\":\"2020-11-09T10:35:06+00:00\",\"dateModified\":\"2021-11-09T11:50:57+00:00\",\"breadcrumb\":{\"@id\":\"https:\/\/arhiva.aimm.eu\/hotarari-ale-consiliului-de-administratie\/#breadcrumb\"},\"inLanguage\":\"en-GB\",\"potentialAction\":[{\"@type\":\"ReadAction\",\"target\":[\"https:\/\/arhiva.aimm.eu\/hotarari-ale-consiliului-de-administratie\/\"]}]},{\"@type\":\"BreadcrumbList\",\"@id\":\"https:\/\/arhiva.aimm.eu\/hotarari-ale-consiliului-de-administratie\/#breadcrumb\",\"itemListElement\":[{\"@type\":\"ListItem\",\"position\":1,\"name\":\"Home\",\"item\":\"https:\/\/arhiva.aimm.eu\/\"},{\"@type\":\"ListItem\",\"position\":2,\"name\":\"Hot\\u0103r\\u00e2ri ale consiliului de administra\\u021bie\"}]}]}<\/script>\n<!-- \/ Yoast SEO plugin. -->","yoast_head_json":{"robots":{"index":"noindex","follow":"follow","max-snippet":"max-snippet:-1","max-image-preview":"max-image-preview:large","max-video-preview":"max-video-preview:-1"},"og_locale":"en_GB","og_type":"article","og_title":"Hot\u0103r\u00e2ri ale consiliului de administra\u021bie - AIMM","og_description":"Hot\u0103r\u00e2ri ale consiliului de administra\u021bie al AIMM emise \u00een cursul anului 2021: .\u00a0 \u00a0 \u00a0 \u00a0 \u00a0 \u00a0 \u00a0 \u00a0 \u00a0 \u00a0 \u00a0 \u00a0 \u00a0 \u00a0Hot\u0103r\u00e2rea nr.13 din 09.09.2021 poate fi consultat\u0103 aici. .\u00a0 \u00a0 \u00a0 \u00a0 \u00a0 \u00a0 \u00a0 \u00a0 \u00a0 \u00a0 \u00a0 \u00a0 \u00a0 \u00a0Hot\u0103r\u00e2rea nr.12 din 04.08.2021 poate fi consultat\u0103 aici. .\u00a0 [&hellip;]","og_url":"https:\/\/arhiva.aimm.eu\/en\/hotarari-ale-consiliului-de-administratie\/","og_site_name":"AIMM","article_modified_time":"2021-11-09T11:50:57+00:00","twitter_card":"summary_large_image","twitter_misc":{"Estimated reading time":"3 minutes"},"schema":{"@context":"https:\/\/schema.org","@graph":[{"@type":"WebSite","@id":"https:\/\/arhiva.aimm.eu\/#website","url":"https:\/\/arhiva.aimm.eu\/","name":"AIMM","description":"Aeroportul Interna\u021bional Maramure\u0219","potentialAction":[{"@type":"SearchAction","target":{"@type":"EntryPoint","urlTemplate":"https:\/\/arhiva.aimm.eu\/?s={search_term_string}"},"query-input":"required name=search_term_string"}],"inLanguage":"en-GB"},{"@type":"WebPage","@id":"https:\/\/arhiva.aimm.eu\/hotarari-ale-consiliului-de-administratie\/#webpage","url":"https:\/\/arhiva.aimm.eu\/hotarari-ale-consiliului-de-administratie\/","name":"Hot\u0103r\u00e2ri ale consiliului de administra\u021bie - AIMM","isPartOf":{"@id":"https:\/\/arhiva.aimm.eu\/#website"},"datePublished":"2020-11-09T10:35:06+00:00","dateModified":"2021-11-09T11:50:57+00:00","breadcrumb":{"@id":"https:\/\/arhiva.aimm.eu\/hotarari-ale-consiliului-de-administratie\/#breadcrumb"},"inLanguage":"en-GB","potentialAction":[{"@type":"ReadAction","target":["https:\/\/arhiva.aimm.eu\/hotarari-ale-consiliului-de-administratie\/"]}]},{"@type":"BreadcrumbList","@id":"https:\/\/arhiva.aimm.eu\/hotarari-ale-consiliului-de-administratie\/#breadcrumb","itemListElement":[{"@type":"ListItem","position":1,"name":"Home","item":"https:\/\/arhiva.aimm.eu\/"},{"@type":"ListItem","position":2,"name":"Hot\u0103r\u00e2ri ale consiliului de administra\u021bie"}]}]}},"_links":{"self":[{"href":"https:\/\/arhiva.aimm.eu\/en\/wp-json\/wp\/v2\/pages\/616"}],"collection":[{"href":"https:\/\/arhiva.aimm.eu\/en\/wp-json\/wp\/v2\/pages"}],"about":[{"href":"https:\/\/arhiva.aimm.eu\/en\/wp-json\/wp\/v2\/types\/page"}],"author":[{"embeddable":true,"href":"https:\/\/arhiva.aimm.eu\/en\/wp-json\/wp\/v2\/users\/1"}],"replies":[{"embeddable":true,"href":"https:\/\/arhiva.aimm.eu\/en\/wp-json\/wp\/v2\/comments?post=616"}],"version-history":[{"count":62,"href":"https:\/\/arhiva.aimm.eu\/en\/wp-json\/wp\/v2\/pages\/616\/revisions"}],"predecessor-version":[{"id":1641,"href":"https:\/\/arhiva.aimm.eu\/en\/wp-json\/wp\/v2\/pages\/616\/revisions\/1641"}],"wp:attachment":[{"href":"https:\/\/arhiva.aimm.eu\/en\/wp-json\/wp\/v2\/media?parent=616"}],"curies":[{"name":"wp","href":"https:\/\/api.w.org\/{rel}","templated":true}]}}