{"id":62,"date":"2020-09-23T09:45:32","date_gmt":"2020-09-23T09:45:32","guid":{"rendered":"https:\/\/aimm.tutoriale.pro\/?page_id=62"},"modified":"2021-10-11T12:31:12","modified_gmt":"2021-10-11T10:31:12","slug":"tarife-aeroportuare","status":"publish","type":"page","link":"https:\/\/arhiva.aimm.eu\/en\/informatii-aeroportuare\/tarife-aeroportuare\/","title":{"rendered":"Tarife aeroportuare"},"content":{"rendered":"<p><strong>1. Tariful de aterizare<\/strong><\/p>\n<p>NIVELUL UNITAR AL TARIFULUI: 2.00 EURO \/ ton\u0103<\/p>\n<table style=\"height: 327px\" width=\"302\">\n<thead>\n<tr>\n<td>Nr. ateriz\u0103ri\/lun\u0103<\/td>\n<td>Reducere %<\/td>\n<\/tr>\n<\/thead>\n<tbody>\n<tr>\n<td class=\"border p-2 text-center\">2-3<\/td>\n<td class=\"border p-2 text-center\">5<\/td>\n<\/tr>\n<tr>\n<td class=\"border p-2 text-center\">4-5<\/td>\n<td class=\"border p-2 text-center\">10<\/td>\n<\/tr>\n<tr>\n<td class=\"border p-2 text-center\">6-7<\/td>\n<td class=\"border p-2 text-center\">15<\/td>\n<\/tr>\n<tr>\n<td class=\"border p-2 text-center\">8-9<\/td>\n<td class=\"border p-2 text-center\">20<\/td>\n<\/tr>\n<tr>\n<td class=\"border p-2 text-center\">10-11<\/td>\n<td class=\"border p-2 text-center\">25<\/td>\n<\/tr>\n<tr>\n<td class=\"border p-2 text-center\">12-14<\/td>\n<td class=\"border p-2 text-center\">30<\/td>\n<\/tr>\n<tr>\n<td class=\"border p-2 text-center\">15-17<\/td>\n<td class=\"border p-2 text-center\">35<\/td>\n<\/tr>\n<tr>\n<td class=\"border p-2 text-center\">18-21<\/td>\n<td class=\"border p-2 text-center\">40<\/td>\n<\/tr>\n<tr>\n<td class=\"border p-2 text-center\">22-24<\/td>\n<td class=\"border p-2 text-center\">45<\/td>\n<\/tr>\n<tr>\n<td class=\"border p-2 text-center\">&gt;24<\/td>\n<td class=\"border p-2 text-center\">50<\/td>\n<\/tr>\n<\/tbody>\n<\/table>\n<p><strong>2. Tariful de iluminare<\/strong><\/p>\n<p>NIVELUL UNITAR AL TARIFULUI: 1.5 EURO \/ ton\u0103<\/p>\n<table style=\"height: 115px\" width=\"299\">\n<tbody>\n<tr>\n<td width=\"170\">Nr. aterizari \/lun\u0103<\/td>\n<td width=\"76\">Reducere%<\/td>\n<\/tr>\n<tr>\n<td width=\"170\">5\u00a0\u00a0 &#8211; 14<\/td>\n<td width=\"76\">15%<\/td>\n<\/tr>\n<tr>\n<td width=\"170\">15 \u2013 23<\/td>\n<td width=\"76\">25%<\/td>\n<\/tr>\n<tr>\n<td width=\"170\">\u2265\u00a024<\/td>\n<td width=\"76\">50%<\/td>\n<\/tr>\n<\/tbody>\n<\/table>\n<p><strong>3. Tariful de sta\u0163ionare<\/strong><\/p>\n<p>NIVELUL UNITAR AL TARIFULUI: 0.15 EURO \/ ton\u0103 \/ or\u0103<\/p>\n<p><strong>4. Servicii pentru pasageri<\/strong><\/p>\n<p>NIVELUL UNITAR AL TARIFULUI: 1<span class=\"text-red-500\">.00 EURO<\/span>\u00a0\/ pasager<\/p>\n<p>TARIF DE SECURITATE: 1<span class=\"text-red-500\">.00 EURO<\/span> \/ pasager \u00eembarcat<\/p>\n<p><strong>5. Alte tarife<\/strong><\/p>\n<p><strong>5.1 Tarif pentru pasageri afla\u0163i \u00een transfer<\/strong><\/p>\n<p>NIVELUL UNITAR AL TARIFULUI:\u00a0<span class=\"text-red-500\">2.00 EURO<\/span>\u00a0\/ pasager<\/p>\n<p><strong>5.2 Tarif pentru pasageri afla\u0163i \u00een tranzit<\/strong><\/p>\n<p>NIVELUL UNITAR AL TARIFULUI: 1<span class=\"text-red-500\">.00 EURO<\/span> \/ pasager debarcat<\/p>\n<p><strong>Tarif suplimentar <\/strong>pentru descurajarea oper\u0103rii \u00een afara orelor normale de func\u021bionare a aeroportului.<\/p>\n<p>Pentru operarea \u00een afara orelor de program publicate \u00een AIP Rom\u00e2nia \u0219i NOTAM, toate tarifele se majoreaz\u0103 cu 100% .<\/p>\n<p>&nbsp;<\/p>","protected":false},"excerpt":{"rendered":"<p>1. Tariful de aterizare NIVELUL UNITAR AL TARIFULUI: 2.00 EURO \/ ton\u0103 Nr. ateriz\u0103ri\/lun\u0103 Reducere % 2-3 5 4-5 10 6-7 15 8-9 20 10-11 25 12-14 30 15-17 35 18-21 40 22-24 45 &gt;24 50 2. Tariful de iluminare NIVELUL UNITAR AL TARIFULUI: 1.5 EURO \/ ton\u0103 Nr. aterizari \/lun\u0103 Reducere% 5\u00a0\u00a0 &#8211; 14 [&hellip;]<\/p>","protected":false},"author":1,"featured_media":0,"parent":58,"menu_order":0,"comment_status":"closed","ping_status":"closed","template":"","meta":[],"acf":[],"yoast_head":"<!-- This site is optimized with the Yoast SEO plugin v17.5 - https:\/\/yoast.com\/wordpress\/plugins\/seo\/ -->\n<meta name=\"robots\" content=\"noindex, follow, max-snippet:-1, max-image-preview:large, max-video-preview:-1\" \/>\n<meta property=\"og:locale\" content=\"en_GB\" \/>\n<meta property=\"og:type\" content=\"article\" \/>\n<meta property=\"og:title\" content=\"Tarife aeroportuare - AIMM\" \/>\n<meta property=\"og:description\" content=\"1. Tariful de aterizare NIVELUL UNITAR AL TARIFULUI: 2.00 EURO \/ ton\u0103 Nr. ateriz\u0103ri\/lun\u0103 Reducere % 2-3 5 4-5 10 6-7 15 8-9 20 10-11 25 12-14 30 15-17 35 18-21 40 22-24 45 &gt;24 50 2. Tariful de iluminare NIVELUL UNITAR AL TARIFULUI: 1.5 EURO \/ ton\u0103 Nr. aterizari \/lun\u0103 Reducere% 5\u00a0\u00a0 &#8211; 14 [&hellip;]\" \/>\n<meta property=\"og:url\" content=\"https:\/\/arhiva.aimm.eu\/en\/informatii-aeroportuare\/tarife-aeroportuare\/\" \/>\n<meta property=\"og:site_name\" content=\"AIMM\" \/>\n<meta property=\"article:modified_time\" content=\"2021-10-11T10:31:12+00:00\" \/>\n<meta name=\"twitter:card\" content=\"summary_large_image\" \/>\n<meta name=\"twitter:label1\" content=\"Estimated reading time\" \/>\n\t<meta name=\"twitter:data1\" content=\"1 minute\" \/>\n<script type=\"application\/ld+json\" class=\"yoast-schema-graph\">{\"@context\":\"https:\/\/schema.org\",\"@graph\":[{\"@type\":\"WebSite\",\"@id\":\"https:\/\/arhiva.aimm.eu\/#website\",\"url\":\"https:\/\/arhiva.aimm.eu\/\",\"name\":\"AIMM\",\"description\":\"Aeroportul Interna\\u021bional Maramure\\u0219\",\"potentialAction\":[{\"@type\":\"SearchAction\",\"target\":{\"@type\":\"EntryPoint\",\"urlTemplate\":\"https:\/\/arhiva.aimm.eu\/?s={search_term_string}\"},\"query-input\":\"required name=search_term_string\"}],\"inLanguage\":\"en-GB\"},{\"@type\":\"WebPage\",\"@id\":\"https:\/\/arhiva.aimm.eu\/informatii-aeroportuare\/tarife-aeroportuare\/#webpage\",\"url\":\"https:\/\/arhiva.aimm.eu\/informatii-aeroportuare\/tarife-aeroportuare\/\",\"name\":\"Tarife aeroportuare - AIMM\",\"isPartOf\":{\"@id\":\"https:\/\/arhiva.aimm.eu\/#website\"},\"datePublished\":\"2020-09-23T09:45:32+00:00\",\"dateModified\":\"2021-10-11T10:31:12+00:00\",\"breadcrumb\":{\"@id\":\"https:\/\/arhiva.aimm.eu\/informatii-aeroportuare\/tarife-aeroportuare\/#breadcrumb\"},\"inLanguage\":\"en-GB\",\"potentialAction\":[{\"@type\":\"ReadAction\",\"target\":[\"https:\/\/arhiva.aimm.eu\/informatii-aeroportuare\/tarife-aeroportuare\/\"]}]},{\"@type\":\"BreadcrumbList\",\"@id\":\"https:\/\/arhiva.aimm.eu\/informatii-aeroportuare\/tarife-aeroportuare\/#breadcrumb\",\"itemListElement\":[{\"@type\":\"ListItem\",\"position\":1,\"name\":\"Home\",\"item\":\"https:\/\/arhiva.aimm.eu\/\"},{\"@type\":\"ListItem\",\"position\":2,\"name\":\"Informa\\u021bii aeroportuare\",\"item\":\"https:\/\/arhiva.aimm.eu\/informatii-aeroportuare\/\"},{\"@type\":\"ListItem\",\"position\":3,\"name\":\"Tarife aeroportuare\"}]}]}<\/script>\n<!-- \/ Yoast SEO plugin. -->","yoast_head_json":{"robots":{"index":"noindex","follow":"follow","max-snippet":"max-snippet:-1","max-image-preview":"max-image-preview:large","max-video-preview":"max-video-preview:-1"},"og_locale":"en_GB","og_type":"article","og_title":"Tarife aeroportuare - AIMM","og_description":"1. Tariful de aterizare NIVELUL UNITAR AL TARIFULUI: 2.00 EURO \/ ton\u0103 Nr. ateriz\u0103ri\/lun\u0103 Reducere % 2-3 5 4-5 10 6-7 15 8-9 20 10-11 25 12-14 30 15-17 35 18-21 40 22-24 45 &gt;24 50 2. Tariful de iluminare NIVELUL UNITAR AL TARIFULUI: 1.5 EURO \/ ton\u0103 Nr. aterizari \/lun\u0103 Reducere% 5\u00a0\u00a0 &#8211; 14 [&hellip;]","og_url":"https:\/\/arhiva.aimm.eu\/en\/informatii-aeroportuare\/tarife-aeroportuare\/","og_site_name":"AIMM","article_modified_time":"2021-10-11T10:31:12+00:00","twitter_card":"summary_large_image","twitter_misc":{"Estimated reading time":"1 minute"},"schema":{"@context":"https:\/\/schema.org","@graph":[{"@type":"WebSite","@id":"https:\/\/arhiva.aimm.eu\/#website","url":"https:\/\/arhiva.aimm.eu\/","name":"AIMM","description":"Aeroportul Interna\u021bional Maramure\u0219","potentialAction":[{"@type":"SearchAction","target":{"@type":"EntryPoint","urlTemplate":"https:\/\/arhiva.aimm.eu\/?s={search_term_string}"},"query-input":"required name=search_term_string"}],"inLanguage":"en-GB"},{"@type":"WebPage","@id":"https:\/\/arhiva.aimm.eu\/informatii-aeroportuare\/tarife-aeroportuare\/#webpage","url":"https:\/\/arhiva.aimm.eu\/informatii-aeroportuare\/tarife-aeroportuare\/","name":"Tarife aeroportuare - AIMM","isPartOf":{"@id":"https:\/\/arhiva.aimm.eu\/#website"},"datePublished":"2020-09-23T09:45:32+00:00","dateModified":"2021-10-11T10:31:12+00:00","breadcrumb":{"@id":"https:\/\/arhiva.aimm.eu\/informatii-aeroportuare\/tarife-aeroportuare\/#breadcrumb"},"inLanguage":"en-GB","potentialAction":[{"@type":"ReadAction","target":["https:\/\/arhiva.aimm.eu\/informatii-aeroportuare\/tarife-aeroportuare\/"]}]},{"@type":"BreadcrumbList","@id":"https:\/\/arhiva.aimm.eu\/informatii-aeroportuare\/tarife-aeroportuare\/#breadcrumb","itemListElement":[{"@type":"ListItem","position":1,"name":"Home","item":"https:\/\/arhiva.aimm.eu\/"},{"@type":"ListItem","position":2,"name":"Informa\u021bii aeroportuare","item":"https:\/\/arhiva.aimm.eu\/informatii-aeroportuare\/"},{"@type":"ListItem","position":3,"name":"Tarife aeroportuare"}]}]}},"_links":{"self":[{"href":"https:\/\/arhiva.aimm.eu\/en\/wp-json\/wp\/v2\/pages\/62"}],"collection":[{"href":"https:\/\/arhiva.aimm.eu\/en\/wp-json\/wp\/v2\/pages"}],"about":[{"href":"https:\/\/arhiva.aimm.eu\/en\/wp-json\/wp\/v2\/types\/page"}],"author":[{"embeddable":true,"href":"https:\/\/arhiva.aimm.eu\/en\/wp-json\/wp\/v2\/users\/1"}],"replies":[{"embeddable":true,"href":"https:\/\/arhiva.aimm.eu\/en\/wp-json\/wp\/v2\/comments?post=62"}],"version-history":[{"count":5,"href":"https:\/\/arhiva.aimm.eu\/en\/wp-json\/wp\/v2\/pages\/62\/revisions"}],"predecessor-version":[{"id":1626,"href":"https:\/\/arhiva.aimm.eu\/en\/wp-json\/wp\/v2\/pages\/62\/revisions\/1626"}],"up":[{"embeddable":true,"href":"https:\/\/arhiva.aimm.eu\/en\/wp-json\/wp\/v2\/pages\/58"}],"wp:attachment":[{"href":"https:\/\/arhiva.aimm.eu\/en\/wp-json\/wp\/v2\/media?parent=62"}],"curies":[{"name":"wp","href":"https:\/\/api.w.org\/{rel}","templated":true}]}}