{"id":66,"date":"2020-09-23T09:46:00","date_gmt":"2020-09-23T07:46:00","guid":{"rendered":"https:\/\/aimm.tutoriale.pro\/?page_id=66"},"modified":"2020-12-10T14:59:54","modified_gmt":"2020-12-10T12:59:54","slug":"protectia-mediului","status":"publish","type":"page","link":"https:\/\/arhiva.aimm.eu\/en\/informatii-aeroportuare\/protectia-mediului\/","title":{"rendered":"Protec\u021bia mediului"},"content":{"rendered":"<p>Pagin\u0103 \u00een curs de actualizare. V\u0103 mul\u021bumim pentru \u00een\u021belegere.<\/p>","protected":false},"excerpt":{"rendered":"<p>Pagin\u0103 \u00een curs de actualizare. V\u0103 mul\u021bumim pentru \u00een\u021belegere.<\/p>","protected":false},"author":1,"featured_media":0,"parent":58,"menu_order":0,"comment_status":"closed","ping_status":"closed","template":"","meta":[],"acf":[],"yoast_head":"<!-- This site is optimized with the Yoast SEO plugin v17.5 - https:\/\/yoast.com\/wordpress\/plugins\/seo\/ -->\n<meta name=\"robots\" content=\"noindex, follow, max-snippet:-1, max-image-preview:large, max-video-preview:-1\" \/>\n<meta property=\"og:locale\" content=\"en_GB\" \/>\n<meta property=\"og:type\" content=\"article\" \/>\n<meta property=\"og:title\" content=\"Protec\u021bia mediului - AIMM\" \/>\n<meta property=\"og:description\" content=\"Pagin\u0103 \u00een curs de actualizare. V\u0103 mul\u021bumim pentru \u00een\u021belegere.\" \/>\n<meta property=\"og:url\" content=\"https:\/\/arhiva.aimm.eu\/en\/informatii-aeroportuare\/protectia-mediului\/\" \/>\n<meta property=\"og:site_name\" content=\"AIMM\" \/>\n<meta property=\"article:modified_time\" content=\"2020-12-10T12:59:54+00:00\" \/>\n<meta name=\"twitter:card\" content=\"summary_large_image\" \/>\n<script type=\"application\/ld+json\" class=\"yoast-schema-graph\">{\"@context\":\"https:\/\/schema.org\",\"@graph\":[{\"@type\":\"WebSite\",\"@id\":\"https:\/\/arhiva.aimm.eu\/#website\",\"url\":\"https:\/\/arhiva.aimm.eu\/\",\"name\":\"AIMM\",\"description\":\"Aeroportul Interna\\u021bional Maramure\\u0219\",\"potentialAction\":[{\"@type\":\"SearchAction\",\"target\":{\"@type\":\"EntryPoint\",\"urlTemplate\":\"https:\/\/arhiva.aimm.eu\/?s={search_term_string}\"},\"query-input\":\"required name=search_term_string\"}],\"inLanguage\":\"en-GB\"},{\"@type\":\"WebPage\",\"@id\":\"https:\/\/arhiva.aimm.eu\/informatii-aeroportuare\/protectia-mediului\/#webpage\",\"url\":\"https:\/\/arhiva.aimm.eu\/informatii-aeroportuare\/protectia-mediului\/\",\"name\":\"Protec\\u021bia mediului - AIMM\",\"isPartOf\":{\"@id\":\"https:\/\/arhiva.aimm.eu\/#website\"},\"datePublished\":\"2020-09-23T07:46:00+00:00\",\"dateModified\":\"2020-12-10T12:59:54+00:00\",\"breadcrumb\":{\"@id\":\"https:\/\/arhiva.aimm.eu\/informatii-aeroportuare\/protectia-mediului\/#breadcrumb\"},\"inLanguage\":\"en-GB\",\"potentialAction\":[{\"@type\":\"ReadAction\",\"target\":[\"https:\/\/arhiva.aimm.eu\/informatii-aeroportuare\/protectia-mediului\/\"]}]},{\"@type\":\"BreadcrumbList\",\"@id\":\"https:\/\/arhiva.aimm.eu\/informatii-aeroportuare\/protectia-mediului\/#breadcrumb\",\"itemListElement\":[{\"@type\":\"ListItem\",\"position\":1,\"name\":\"Home\",\"item\":\"https:\/\/arhiva.aimm.eu\/\"},{\"@type\":\"ListItem\",\"position\":2,\"name\":\"Informa\\u021bii aeroportuare\",\"item\":\"https:\/\/arhiva.aimm.eu\/informatii-aeroportuare\/\"},{\"@type\":\"ListItem\",\"position\":3,\"name\":\"Protec\\u021bia mediului\"}]}]}<\/script>\n<!-- \/ Yoast SEO plugin. -->","yoast_head_json":{"robots":{"index":"noindex","follow":"follow","max-snippet":"max-snippet:-1","max-image-preview":"max-image-preview:large","max-video-preview":"max-video-preview:-1"},"og_locale":"en_GB","og_type":"article","og_title":"Protec\u021bia mediului - AIMM","og_description":"Pagin\u0103 \u00een curs de actualizare. V\u0103 mul\u021bumim pentru \u00een\u021belegere.","og_url":"https:\/\/arhiva.aimm.eu\/en\/informatii-aeroportuare\/protectia-mediului\/","og_site_name":"AIMM","article_modified_time":"2020-12-10T12:59:54+00:00","twitter_card":"summary_large_image","schema":{"@context":"https:\/\/schema.org","@graph":[{"@type":"WebSite","@id":"https:\/\/arhiva.aimm.eu\/#website","url":"https:\/\/arhiva.aimm.eu\/","name":"AIMM","description":"Aeroportul Interna\u021bional Maramure\u0219","potentialAction":[{"@type":"SearchAction","target":{"@type":"EntryPoint","urlTemplate":"https:\/\/arhiva.aimm.eu\/?s={search_term_string}"},"query-input":"required name=search_term_string"}],"inLanguage":"en-GB"},{"@type":"WebPage","@id":"https:\/\/arhiva.aimm.eu\/informatii-aeroportuare\/protectia-mediului\/#webpage","url":"https:\/\/arhiva.aimm.eu\/informatii-aeroportuare\/protectia-mediului\/","name":"Protec\u021bia mediului - AIMM","isPartOf":{"@id":"https:\/\/arhiva.aimm.eu\/#website"},"datePublished":"2020-09-23T07:46:00+00:00","dateModified":"2020-12-10T12:59:54+00:00","breadcrumb":{"@id":"https:\/\/arhiva.aimm.eu\/informatii-aeroportuare\/protectia-mediului\/#breadcrumb"},"inLanguage":"en-GB","potentialAction":[{"@type":"ReadAction","target":["https:\/\/arhiva.aimm.eu\/informatii-aeroportuare\/protectia-mediului\/"]}]},{"@type":"BreadcrumbList","@id":"https:\/\/arhiva.aimm.eu\/informatii-aeroportuare\/protectia-mediului\/#breadcrumb","itemListElement":[{"@type":"ListItem","position":1,"name":"Home","item":"https:\/\/arhiva.aimm.eu\/"},{"@type":"ListItem","position":2,"name":"Informa\u021bii aeroportuare","item":"https:\/\/arhiva.aimm.eu\/informatii-aeroportuare\/"},{"@type":"ListItem","position":3,"name":"Protec\u021bia mediului"}]}]}},"_links":{"self":[{"href":"https:\/\/arhiva.aimm.eu\/en\/wp-json\/wp\/v2\/pages\/66"}],"collection":[{"href":"https:\/\/arhiva.aimm.eu\/en\/wp-json\/wp\/v2\/pages"}],"about":[{"href":"https:\/\/arhiva.aimm.eu\/en\/wp-json\/wp\/v2\/types\/page"}],"author":[{"embeddable":true,"href":"https:\/\/arhiva.aimm.eu\/en\/wp-json\/wp\/v2\/users\/1"}],"replies":[{"embeddable":true,"href":"https:\/\/arhiva.aimm.eu\/en\/wp-json\/wp\/v2\/comments?post=66"}],"version-history":[{"count":3,"href":"https:\/\/arhiva.aimm.eu\/en\/wp-json\/wp\/v2\/pages\/66\/revisions"}],"predecessor-version":[{"id":1211,"href":"https:\/\/arhiva.aimm.eu\/en\/wp-json\/wp\/v2\/pages\/66\/revisions\/1211"}],"up":[{"embeddable":true,"href":"https:\/\/arhiva.aimm.eu\/en\/wp-json\/wp\/v2\/pages\/58"}],"wp:attachment":[{"href":"https:\/\/arhiva.aimm.eu\/en\/wp-json\/wp\/v2\/media?parent=66"}],"curies":[{"name":"wp","href":"https:\/\/api.w.org\/{rel}","templated":true}]}}