{"id":68,"date":"2020-09-23T09:46:12","date_gmt":"2020-09-23T07:46:12","guid":{"rendered":"https:\/\/aimm.tutoriale.pro\/?page_id=68"},"modified":"2021-02-12T10:39:46","modified_gmt":"2021-02-12T08:39:46","slug":"harti-de-zgomot","status":"publish","type":"page","link":"https:\/\/arhiva.aimm.eu\/en\/informatii-aeroportuare\/harti-de-zgomot\/","title":{"rendered":"H\u0103r\u021bi de zgomot"},"content":{"rendered":"<p style=\"text-align: center\"><a href=\"https:\/\/aimm.tutoriale.pro\/wp-content\/uploads\/2020\/11\/harta_zgomot_2020.pdf\">HART\u0102 ZGOMOT 2020<\/a><\/p>\n<p style=\"text-align: center\"><a href=\"https:\/\/aimm.tutoriale.pro\/wp-content\/uploads\/2020\/11\/harta_zgomot_2019.pdf\">HART\u0102 ZGOMOT 2019<\/a><\/p>\n<p style=\"text-align: center\"><a href=\"https:\/\/aimm.tutoriale.pro\/wp-content\/uploads\/2020\/11\/anexa_h_298_harta_zgomot.pdf\">HART\u0102 STRATEGIC\u0102 DE ZGOMOT AEROPORTUL INTERNA\u021aIONAL MARAMURE\u0218<\/a><\/p>\n<p style=\"text-align: center\"><a href=\"https:\/\/arhiva.aimm.eu\/wp-content\/uploads\/2021\/02\/Plan-actiune-Aeroport-Maramures.pdf\">PLAN AC\u021aIUNE PENTRU PREVENIRE ZGOMOT<\/a><\/p>\n<p style=\"text-align: center\">","protected":false},"excerpt":{"rendered":"<p>HART\u0102 ZGOMOT 2020 HART\u0102 ZGOMOT 2019 HART\u0102 STRATEGIC\u0102 DE ZGOMOT AEROPORTUL INTERNA\u021aIONAL MARAMURE\u0218 PLAN AC\u021aIUNE PENTRU PREVENIRE ZGOMOT<\/p>","protected":false},"author":1,"featured_media":0,"parent":58,"menu_order":0,"comment_status":"closed","ping_status":"closed","template":"","meta":[],"acf":[],"yoast_head":"<!-- This site is optimized with the Yoast SEO plugin v17.5 - https:\/\/yoast.com\/wordpress\/plugins\/seo\/ -->\n<meta name=\"robots\" content=\"noindex, follow, max-snippet:-1, max-image-preview:large, max-video-preview:-1\" \/>\n<meta property=\"og:locale\" content=\"en_GB\" \/>\n<meta property=\"og:type\" content=\"article\" \/>\n<meta property=\"og:title\" content=\"H\u0103r\u021bi de zgomot - AIMM\" \/>\n<meta property=\"og:description\" content=\"HART\u0102 ZGOMOT 2020 HART\u0102 ZGOMOT 2019 HART\u0102 STRATEGIC\u0102 DE ZGOMOT AEROPORTUL INTERNA\u021aIONAL MARAMURE\u0218 PLAN AC\u021aIUNE PENTRU PREVENIRE ZGOMOT\" \/>\n<meta property=\"og:url\" content=\"https:\/\/arhiva.aimm.eu\/en\/informatii-aeroportuare\/harti-de-zgomot\/\" \/>\n<meta property=\"og:site_name\" content=\"AIMM\" \/>\n<meta property=\"article:modified_time\" content=\"2021-02-12T08:39:46+00:00\" \/>\n<meta name=\"twitter:card\" content=\"summary_large_image\" \/>\n<meta name=\"twitter:label1\" content=\"Estimated reading time\" \/>\n\t<meta name=\"twitter:data1\" content=\"1 minute\" \/>\n<script type=\"application\/ld+json\" class=\"yoast-schema-graph\">{\"@context\":\"https:\/\/schema.org\",\"@graph\":[{\"@type\":\"WebSite\",\"@id\":\"https:\/\/arhiva.aimm.eu\/#website\",\"url\":\"https:\/\/arhiva.aimm.eu\/\",\"name\":\"AIMM\",\"description\":\"Aeroportul Interna\\u021bional Maramure\\u0219\",\"potentialAction\":[{\"@type\":\"SearchAction\",\"target\":{\"@type\":\"EntryPoint\",\"urlTemplate\":\"https:\/\/arhiva.aimm.eu\/?s={search_term_string}\"},\"query-input\":\"required name=search_term_string\"}],\"inLanguage\":\"en-GB\"},{\"@type\":\"WebPage\",\"@id\":\"https:\/\/arhiva.aimm.eu\/informatii-aeroportuare\/harti-de-zgomot\/#webpage\",\"url\":\"https:\/\/arhiva.aimm.eu\/informatii-aeroportuare\/harti-de-zgomot\/\",\"name\":\"H\\u0103r\\u021bi de zgomot - AIMM\",\"isPartOf\":{\"@id\":\"https:\/\/arhiva.aimm.eu\/#website\"},\"datePublished\":\"2020-09-23T07:46:12+00:00\",\"dateModified\":\"2021-02-12T08:39:46+00:00\",\"breadcrumb\":{\"@id\":\"https:\/\/arhiva.aimm.eu\/informatii-aeroportuare\/harti-de-zgomot\/#breadcrumb\"},\"inLanguage\":\"en-GB\",\"potentialAction\":[{\"@type\":\"ReadAction\",\"target\":[\"https:\/\/arhiva.aimm.eu\/informatii-aeroportuare\/harti-de-zgomot\/\"]}]},{\"@type\":\"BreadcrumbList\",\"@id\":\"https:\/\/arhiva.aimm.eu\/informatii-aeroportuare\/harti-de-zgomot\/#breadcrumb\",\"itemListElement\":[{\"@type\":\"ListItem\",\"position\":1,\"name\":\"Home\",\"item\":\"https:\/\/arhiva.aimm.eu\/\"},{\"@type\":\"ListItem\",\"position\":2,\"name\":\"Informa\\u021bii aeroportuare\",\"item\":\"https:\/\/arhiva.aimm.eu\/informatii-aeroportuare\/\"},{\"@type\":\"ListItem\",\"position\":3,\"name\":\"H\\u0103r\\u021bi de zgomot\"}]}]}<\/script>\n<!-- \/ Yoast SEO plugin. -->","yoast_head_json":{"robots":{"index":"noindex","follow":"follow","max-snippet":"max-snippet:-1","max-image-preview":"max-image-preview:large","max-video-preview":"max-video-preview:-1"},"og_locale":"en_GB","og_type":"article","og_title":"H\u0103r\u021bi de zgomot - AIMM","og_description":"HART\u0102 ZGOMOT 2020 HART\u0102 ZGOMOT 2019 HART\u0102 STRATEGIC\u0102 DE ZGOMOT AEROPORTUL INTERNA\u021aIONAL MARAMURE\u0218 PLAN AC\u021aIUNE PENTRU PREVENIRE ZGOMOT","og_url":"https:\/\/arhiva.aimm.eu\/en\/informatii-aeroportuare\/harti-de-zgomot\/","og_site_name":"AIMM","article_modified_time":"2021-02-12T08:39:46+00:00","twitter_card":"summary_large_image","twitter_misc":{"Estimated reading time":"1 minute"},"schema":{"@context":"https:\/\/schema.org","@graph":[{"@type":"WebSite","@id":"https:\/\/arhiva.aimm.eu\/#website","url":"https:\/\/arhiva.aimm.eu\/","name":"AIMM","description":"Aeroportul Interna\u021bional Maramure\u0219","potentialAction":[{"@type":"SearchAction","target":{"@type":"EntryPoint","urlTemplate":"https:\/\/arhiva.aimm.eu\/?s={search_term_string}"},"query-input":"required name=search_term_string"}],"inLanguage":"en-GB"},{"@type":"WebPage","@id":"https:\/\/arhiva.aimm.eu\/informatii-aeroportuare\/harti-de-zgomot\/#webpage","url":"https:\/\/arhiva.aimm.eu\/informatii-aeroportuare\/harti-de-zgomot\/","name":"H\u0103r\u021bi de zgomot - AIMM","isPartOf":{"@id":"https:\/\/arhiva.aimm.eu\/#website"},"datePublished":"2020-09-23T07:46:12+00:00","dateModified":"2021-02-12T08:39:46+00:00","breadcrumb":{"@id":"https:\/\/arhiva.aimm.eu\/informatii-aeroportuare\/harti-de-zgomot\/#breadcrumb"},"inLanguage":"en-GB","potentialAction":[{"@type":"ReadAction","target":["https:\/\/arhiva.aimm.eu\/informatii-aeroportuare\/harti-de-zgomot\/"]}]},{"@type":"BreadcrumbList","@id":"https:\/\/arhiva.aimm.eu\/informatii-aeroportuare\/harti-de-zgomot\/#breadcrumb","itemListElement":[{"@type":"ListItem","position":1,"name":"Home","item":"https:\/\/arhiva.aimm.eu\/"},{"@type":"ListItem","position":2,"name":"Informa\u021bii aeroportuare","item":"https:\/\/arhiva.aimm.eu\/informatii-aeroportuare\/"},{"@type":"ListItem","position":3,"name":"H\u0103r\u021bi de zgomot"}]}]}},"_links":{"self":[{"href":"https:\/\/arhiva.aimm.eu\/en\/wp-json\/wp\/v2\/pages\/68"}],"collection":[{"href":"https:\/\/arhiva.aimm.eu\/en\/wp-json\/wp\/v2\/pages"}],"about":[{"href":"https:\/\/arhiva.aimm.eu\/en\/wp-json\/wp\/v2\/types\/page"}],"author":[{"embeddable":true,"href":"https:\/\/arhiva.aimm.eu\/en\/wp-json\/wp\/v2\/users\/1"}],"replies":[{"embeddable":true,"href":"https:\/\/arhiva.aimm.eu\/en\/wp-json\/wp\/v2\/comments?post=68"}],"version-history":[{"count":7,"href":"https:\/\/arhiva.aimm.eu\/en\/wp-json\/wp\/v2\/pages\/68\/revisions"}],"predecessor-version":[{"id":1339,"href":"https:\/\/arhiva.aimm.eu\/en\/wp-json\/wp\/v2\/pages\/68\/revisions\/1339"}],"up":[{"embeddable":true,"href":"https:\/\/arhiva.aimm.eu\/en\/wp-json\/wp\/v2\/pages\/58"}],"wp:attachment":[{"href":"https:\/\/arhiva.aimm.eu\/en\/wp-json\/wp\/v2\/media?parent=68"}],"curies":[{"name":"wp","href":"https:\/\/api.w.org\/{rel}","templated":true}]}}