{"id":76,"date":"2020-09-23T09:47:05","date_gmt":"2020-09-23T07:47:05","guid":{"rendered":"https:\/\/aimm.tutoriale.pro\/?page_id=76"},"modified":"2021-02-08T12:28:11","modified_gmt":"2021-02-08T10:28:11","slug":"ultimele-stiri-si-informatii","status":"publish","type":"page","link":"https:\/\/arhiva.aimm.eu\/en\/stiri-si-infomatii\/ultimele-stiri-si-informatii\/","title":{"rendered":"Ultimele \u0219tiri \u0219i informa\u021bii"},"content":{"rendered":"<p><span class=\"fontstyle0\">Anun\u021b privind selec\u021bia pentru postul de Director Dezvoltare<br \/>\ncalendarul selec\u021biei \u0219i a documentelor din dosarele de candidatura<\/span><\/p>\n<p><span class=\"fontstyle0\">Consiliul de Administra\u021bie al Aeroportului Interna\u021bional Maramure\u0219 R.A. anun\u021b\u0103<br \/>\norganizarea selec\u021biei pentru postul de director dezvoltare, \u00een conformitate cu prevederile<br \/>\nOrdonan\u021bei de Urgen\u021b\u0103 a Guvernului nr. 109\/2011, privind guvernan\u021ba corporativ\u0103 a<br \/>\n\u00eentreprinderilor publice, cu modific\u0103rile \u015fi complet\u0103rile ulterioare \u0219i a NORMELOR<br \/>\nMETODOLOGICE din 28 septembrie 2016 pentru stabilirea criteriilor de selec\u0163ie, de<br \/>\n\u00eentocmire a listei scurte de p\u00e2n\u0103 la 5 candida\u0163i, a clasamentului acestora, a procedurii privind<br \/>\nnumirile finale, precum \u015fi a altor m\u0103suri necesare implement\u0103rii prevederilor Ordonan\u0163ei de<br \/>\nurgen\u0163\u0103 a Guvernului nr. <\/span><span class=\"fontstyle0\">109\/2011 <\/span><span class=\"fontstyle0\">aprobate prin HOT\u0102R\u00c2REA GUVERNULUI nr. 722 din<br \/>\n28 septembrie 2016.<br \/>\nSelec\u021bia se va organiza cu respectarea prevederilor Ordonan\u021bei de Urgen\u021b\u0103 a<br \/>\nGuvernului nr.109\/2011, privind guvernan\u021ba corporativ\u0103 a \u00eentreprinderilor publice modificat\u0103<br \/>\n\u0219i aprobat\u0103 prin Legea nr. 111\/2016, la sediul Aeroportului Interna\u021bional Maramure\u0219, din loc.<br \/>\nT\u0103u\u021bii M\u0103gher\u0103u\u0219, str. 66, nr. 22, jud. Maramure\u0219 \u0219i va consta \u00een depunerea de c\u0103tre<br \/>\ncandida\u021bi a unui dosar de candidatur\u0103, a unei declara\u021bii de inten\u021bie \u0219i sus\u021binerea de interviuri<br \/>\nde selec\u021bie, dup\u0103 urm\u0103torul calendar:<br \/>\n<\/span><span class=\"fontstyle2\">\uf0b7 <\/span><span class=\"fontstyle0\">Publicarea anuntului 08.02.2021<br \/>\n<\/span><span class=\"fontstyle2\">\uf0b7 <\/span><span class=\"fontstyle0\">Depunerea candidaturilor se va face p\u00e2n\u0103 \u00een data de 12.03.2021, orele 13:00<br \/>\n<\/span><span class=\"fontstyle2\">\uf0b7 <\/span><span class=\"fontstyle0\">Evaluarea dosarelor de candidatur\u0103 se va face p\u00e2n\u0103 \u00een data de 17.03.2021<br \/>\n<\/span><span class=\"fontstyle2\">\uf0b7 <\/span><span class=\"fontstyle0\">Informarea candida\u021bilor respin\u0219i de pe lista lung\u0103: 18.03.2021<br \/>\n<\/span><span class=\"fontstyle2\">\uf0b7 <\/span><span class=\"fontstyle0\">Realizarea listei scurte a candida\u021bilor : 18.03.2021<br \/>\n<\/span><span class=\"fontstyle2\">\uf0b7 <\/span><span class=\"fontstyle0\">Informarea candida\u021bilor elimina\u021bi de pe lista lung\u0103: 19.03.2021<br \/>\n<\/span><span class=\"fontstyle2\">\uf0b7 <\/span><span class=\"fontstyle0\">Afi\u0219area listei scurte \u0219i comunicarea c\u0103tre candida\u021bii din lista scurt\u0103 a faptului c\u0103 \u00een<br \/>\ntermen de 15 zile trebuie s\u0103 depun\u0103 \u00een scris la \u00eentreprinderea public\u0103, declara\u0163ia de<br \/>\ninten\u0163ie: 22.03.2021<br \/>\n<\/span><span class=\"fontstyle2\">\uf0b7 <\/span><span class=\"fontstyle0\">Publicarea Scrisorii de A\u0219tept\u0103ri pe site-ul Regiei Autonome: p\u00e2n\u0103 la data de<br \/>\n22.03.2021;<br \/>\n<\/span><span class=\"fontstyle2\">\uf0b7 <\/span><span class=\"fontstyle0\">Depunerea declara\u021biilor de inten\u021bie p\u00e2n\u0103 \u00een data de 08.04.2021, ora 14:00;<br \/>\n<\/span><span class=\"fontstyle2\">\uf0b7 <\/span><span class=\"fontstyle0\">Interviul de selec\u021bie a candida\u021bilor : \u00eencep\u00e2nd cu data de 12.04.2021, conform orarului<br \/>\ncomunicat telefonic fiec\u0103rui candidat;<br \/>\n<\/span><span class=\"fontstyle2\">\uf0b7 <\/span><span class=\"fontstyle0\">Finalizarea listei scurte a candida\u021bilor, \u00eentocmirea \u0219i transmiterea c\u0103tre membrii<br \/>\nConsiliului de administra\u021bie a raportului pentru numirile finale, care include clasificarea<br \/>\ncandida\u0163ilor cu motivarea acesteia, afisarea \/comunicarea listei scurte a candidatilor:<br \/>\n15.04.2021<br \/>\n<\/span><span class=\"fontstyle2\">\uf0b7 <\/span><span class=\"fontstyle0\">Numirea directorilor selecta\u021bi p\u00e2n\u0103 la data de 23.04.2021<br \/>\n<\/span><span class=\"fontstyle2\">\uf0b7 <\/span><span class=\"fontstyle0\">\u00cencheierea Contractelor de mandat: p\u00e2n\u0103 la data de 05.05.2021<br \/>\nComisia de Selec\u021bie va analiza documentele depuse, \u00een vederea select\u0103rii candida\u021bilor<br \/>\nce \u00eendeplinesc condi\u021biile de participare la interviu. Dosarele de candidatur\u0103 depuse \u00een termen<br \/>\nformeaz\u0103 \u00eempreun\u0103 lista lung\u0103, care are caracter confiden\u0163ial \u015fi nu se public\u0103. Dosarele de candidatur\u0103 sunt evaluate \u00een raport cu minimul de criterii stabilite pentru selec\u0163ie, iar cele ce<br \/>\nnu \u00eentrunesc minimul de criterii ale profilului de candidat sunt respinse din lista lung\u0103.<br \/>\nCandida\u0163ii r\u0103ma\u0219i \u00een lista lung\u0103 sunt elimina\u0163i ulterior \u00een ordinea descresc\u0103toare a punctajului<br \/>\nob\u0163inut conform matricei profilului, p\u00e2n\u0103 la limita a maximum 5 candida\u0163i pentru fiecare post<br \/>\nde director, rezult\u00e2nd astfel lista scurt\u0103.<br \/>\nCandida\u0163ii respin\u015fi sau elimina\u021bi de pe lista lung\u0103 sunt informa\u0163i \u00een scris de comisia de<br \/>\nselec\u021bie despre aceast\u0103 decizie. Selec\u0163ia final\u0103 a candida\u0163ilor afla\u0163i \u00een lista scurt\u0103 se face pe<br \/>\nbaza de interviu, organizat de c\u0103tre comisia de selec\u0163ie, \u00een baza planului de interviu. Dup\u0103<br \/>\nfinalizarea interviurilor, comisia de selec\u0163ie \u00eentocme\u015fte raportul pentru numirile finale, care<br \/>\ninclude clasificarea candida\u0163ilor cu motivarea acesteia. Lista scurt\u0103 se public\u0103 pe pagina de<br \/>\ninternet a regiei.<br \/>\n\u00cen cadrul interviului se testeaz\u0103 abilit\u0103\u021bile manageriale ale candida\u021bilor cu luarea \u00een<br \/>\nconsiderare a declara\u021biei de inten\u021bie, precum \u0219i cuno\u0219tin\u021bele din legisla\u021bia specific\u0103 sectorului<br \/>\n\u0219i func\u021biei pentru care candideaz\u0103 conform bibliografiei.<br \/>\n<span class=\"fontstyle2\">Posturi \u00een selec\u021bie:<br \/>\n<\/span><span class=\"fontstyle3\">&#8211; <\/span><span class=\"fontstyle2\">1 post director dezvoltare<br \/>\nCondi\u021biile de \u00eenscriere:<br \/>\n<\/span><span class=\"fontstyle4\">1. Pentru postul de director dezvoltare<br \/>\n<\/span>a) cet\u0103\u021benia rom\u00e2n\u0103, cet\u0103\u021benie a altor state membre ale UE sau a statelor apar\u021bin\u00e2nd SEE;<br \/>\nb) studii superioare de lung\u0103 durat\u0103 (sau licen\u021b\u0103 + master dup\u0103 sistemul Bologna) \u0219i\/sau<br \/>\nmaster \u00een domeniul marketing, management, rela\u021bii publice, juridice, economice, sau<br \/>\nsimilare;<br \/>\nc) experien\u021b\u0103 relevant\u0103 de minim 5 ani \u00een posturi de conducere \u00een domeniu, \u00een societ\u0103\u021bi, regii<br \/>\nautonome, alte tipuri de agen\u021bi economici, administra\u021bie public\u0103 sau alte domenii de activitate<br \/>\nasimilate acestora;<br \/>\nd) capacitate deplin\u0103 de exerci\u021biu, stare de s\u0103n\u0103tate corespunz\u0103toare func\u021biei pentru care<br \/>\ncandideaz\u0103, atestat\u0103 pe baz\u0103 de documente medicale valabile;<br \/>\ne) s\u0103 nu fie persoane incapabile, potrivit legii, ori care au fost condamnate pentru gestiune<br \/>\nfrauduloas\u0103, abuz de \u00eencredere, fals, uz de fals, \u00een\u0219el\u0103ciune, delapidare, m\u0103rturie<br \/>\nmincinoas\u0103, dare sau luare de mit\u0103, pentru infrac\u021biuni prev\u0103zute de Legea nr. 656\/2002<br \/>\npentru prevenirea \u0219i sanc\u021bionarea sp\u0103l\u0103rii banilor, precum \u0219i pentru instituirea unor m\u0103suri de<br \/>\nprevenire \u0219i combatere a finan\u021b\u0103rii actelor de terorism, cu modific\u0103rile \u0219i complet\u0103rile<br \/>\nulterioare, pentru infrac\u021biunile prev\u0103zute de art. 143-145 din Legea nr.85\/2006, privind<br \/>\nprocedura insolven\u021bei, cu modific\u0103rile \u0219i complet\u0103rile ulterioare;<br \/>\nf) cuno\u015ftin\u0163e de operare pe calculator: Microsoft Office (word, excel, power point), navigare<br \/>\nInternet;<br \/>\ng) cunoa\u015fterea unei limbi de circula\u0163ie interna\u0163ional\u0103;<br \/>\nh) abilit\u0103\u0163i de rela\u021bionare \u00een afaceri;<br \/>\n<span class=\"fontstyle4\">Documente necesare pentru depunerea candidaturii:<br \/>\n<\/span>a) copie dup\u0103 actul de identitate;<br \/>\nb) CV \u00een format EuroPass, \u00eenso\u021bit de documente care dovedesc toate sus\u021binerile referitoare<br \/>\nla studii, specializ\u0103ri, experien\u021b\u0103, pozi\u021bii profesionale anterioare; cele care nu sunt astfel sus\u021binute nu vor fi luate \u00een considerare<br \/>\nc) copii dup\u0103 acte de studii;<br \/>\nd) declara\u021bie de inten\u021bie &#8211; se va depune p\u00e2n\u0103 la data de 08.04.2021, ulterior public\u0103rii listei<br \/>\nscurte a candida\u021bilor \u0219i public\u0103rii scrisorii de a\u0219tept\u0103ri, conform calendarului mai sus<br \/>\nprezentat;<br \/>\ne) cazier judiciar;<br \/>\nf) declara\u021bie pe proprie r\u0103spundere prin care candidatul va confirma c\u0103 nu se afl\u0103 \u00eentr-una din<br \/>\nsitua\u021biile prev\u0103zute la art. 6 din O.U.G. nr. 109\/2011 privind guvernan\u021ba corporativ\u0103 a<br \/>\n\u00eentreprinderilor publice ori c\u0103 nu a suferit o condamnare pentru o infrac\u021biune legat\u0103 de<br \/>\nconduita profesional\u0103 (<span class=\"fontstyle2\">modelul declara\u021biei se va desc\u0103rca de pe site-ul regiei autonome);<br \/>\n<\/span>g) declara\u021bie de consim\u021b\u0103m\u00e2nt prin care candidatul \u00ee\u0219i exprim\u0103 acordul de a i se procesa<br \/>\ndatele personale \u00een scopul exclusiv al procedurii de recrutare \u0219i selec\u021bie (<span class=\"fontstyle2\">modelul declara\u021biei<br \/>\nse va desc\u0103rca de pe site-ul regiei autonome<\/span>);<br \/>\nh) adeverin\u021b\u0103 medical\u0103 valabil\u0103;<br \/>\ni) scrisoare de recomandare \u0219i caracterizare profesional\u0103, de la ultimul loc de munc\u0103.<br \/>\nScrisoarea va fi semnat\u0103 de c\u0103tre reprezentantul legal al entit\u0103\u021bii care o emite (\u00een cazul \u00een<br \/>\ncare ultimul loc de munc\u0103 a fost\/este un aeroport, documentul va fi semnat de c\u0103tre<br \/>\nreprezentatul legal al autorit\u0103\u021bii tutelare);<br \/>\nj) opis dosar \u00eenscriere ;<br \/>\nk) dosar plic.<br \/>\n<span class=\"fontstyle3\">Criterii de evaluare a candida\u021bilor:<br \/>\n<\/span>Criteriile de evaluare vor fi avute \u00een vedere astfel cum sunt reglementate de Ordonan\u021ba de<br \/>\nUrgen\u021b\u0103 a Guvernului nr. 109\/2011, privind guvernan\u021ba corporativ\u0103 a \u00eentreprinderilor publice,<br \/>\ncu modific\u0103rile \u015fi complet\u0103rile ulterioare \u0219i a NORMELOR METODOLOGICE din 28<br \/>\nseptembrie 2016 pentru stabilirea criteriilor de selec\u0163ie, de \u00eentocmire a listei scurte de p\u00e2n\u0103 la<br \/>\n5 candida\u0163i pentru fiecare post, a clasamentului acestora, a procedurii privind numirile finale,<br \/>\nprecum \u015fi a altor m\u0103suri necesare implement\u0103rii prevederilor Ordonan\u0163ei de urgen\u0163\u0103 a<br \/>\nGuvernului nr. 109\/2011 , aprobate prin HOT\u0102R\u00c2REA GUVERNULUI nr. 722 din 28<br \/>\nseptembrie 2016<br \/>\n<span class=\"fontstyle3\">Interviul <\/span>va verifica, conform actelor normative mai sus ar\u0103tate urm\u0103toarele domenii:<br \/>\nI. Cuno\u0219tin\u021be privind guvernan\u021ba corporativ\u0103<br \/>\nII. Cuno\u0219tin\u021be privind func\u021bionarea regiilor autonome<br \/>\nIII. Abilit\u0103\u021bi manageriale evaluate prin urm\u0103toarele competen\u021be:<br \/>\n1. Capacitate de luare a deciziei<br \/>\n2. Orientare c\u0103tre rezultate<br \/>\n3. Capacitate de rezolvare a problemelor<br \/>\n4. Capacitate de analiz\u0103 \u0219i sintez\u0103<br \/>\n5. Capacitate de control<br \/>\n6. Abilit\u0103\u021bi de comunicare<br \/>\nCandidaturile \u0219i documentele solicitate prin prezentul anun\u021b se depun p\u00e2n\u0103 la data<br \/>\n12.03.2021, orele 13.00, la secretariatul Aeroportului Interna\u021bional Maramure\u0219 R.A. din loc.<br \/>\nT\u0103u\u021bii M\u0103gher\u0103u\u0219, str. 66, nr. 22, jud. Maramure\u0219, \u00ceN DOSAR PLIC SIGILAT \u0218I SEMNAT,<br \/>\nunde vor primi un num\u0103r de \u00eenregistrare.<br \/>\nDosarul va avea men\u021bionat:\u00a0<\/span><\/p>\n<p><span class=\"fontstyle0\">\u201cCandidatura pentru func\u021bia de director al Aeroportului Interna\u021bional Maramure\u0219 R.A.\u201d, postul<br \/>\nvizat, precum \u0219i numele, prenumele, domiciliul, num\u0103rul de telefon \u0219i adresa de e-mail ale<br \/>\ncandidatului.<br \/>\n<\/span><span class=\"fontstyle2\">Comunicarea c\u0103tre candida\u021bi va fi efectuat\u0103 prin e-mail \u0219i optional telefonic cu privire<br \/>\nla actele, elementele \u0219i etapele procedurii de selec\u021bie precum \u0219i cu privire la eventuale<br \/>\nmodific\u0103ri \u00een calendarul planului de selec\u021bie.<br \/>\nPersoan\u0103 de contact: ANA BONDREA \u2013 TEL. 0262 22 33 94<br \/>\n<\/span><\/p>\n<p><span class=\"fontstyle2\">CONSILIUL DE ADMINISTRATIE<\/span><\/p>","protected":false},"excerpt":{"rendered":"<p>Anun\u021b privind selec\u021bia pentru postul de Director Dezvoltare calendarul selec\u021biei \u0219i a documentelor din dosarele de candidatura Consiliul de Administra\u021bie al Aeroportului Interna\u021bional Maramure\u0219 R.A. anun\u021b\u0103 organizarea selec\u021biei pentru postul de director dezvoltare, \u00een conformitate cu prevederile Ordonan\u021bei de Urgen\u021b\u0103 a Guvernului nr. 109\/2011, privind guvernan\u021ba corporativ\u0103 a \u00eentreprinderilor publice, cu modific\u0103rile \u015fi complet\u0103rile ulterioare [&hellip;]<\/p>","protected":false},"author":1,"featured_media":0,"parent":74,"menu_order":0,"comment_status":"closed","ping_status":"closed","template":"page-templates\/ultimele-stiri-si-informatii.php","meta":[],"acf":[],"yoast_head":"<!-- This site is optimized with the Yoast SEO plugin v17.5 - https:\/\/yoast.com\/wordpress\/plugins\/seo\/ -->\n<meta name=\"robots\" content=\"noindex, follow, max-snippet:-1, max-image-preview:large, max-video-preview:-1\" \/>\n<meta property=\"og:locale\" content=\"en_GB\" \/>\n<meta property=\"og:type\" content=\"article\" \/>\n<meta property=\"og:title\" content=\"Ultimele \u0219tiri \u0219i informa\u021bii - AIMM\" \/>\n<meta property=\"og:description\" content=\"Anun\u021b privind selec\u021bia pentru postul de Director Dezvoltare calendarul selec\u021biei \u0219i a documentelor din dosarele de candidatura Consiliul de Administra\u021bie al Aeroportului Interna\u021bional Maramure\u0219 R.A. anun\u021b\u0103 organizarea selec\u021biei pentru postul de director dezvoltare, \u00een conformitate cu prevederile Ordonan\u021bei de Urgen\u021b\u0103 a Guvernului nr. 109\/2011, privind guvernan\u021ba corporativ\u0103 a \u00eentreprinderilor publice, cu modific\u0103rile \u015fi complet\u0103rile ulterioare [&hellip;]\" \/>\n<meta property=\"og:url\" content=\"https:\/\/arhiva.aimm.eu\/en\/stiri-si-infomatii\/ultimele-stiri-si-informatii\/\" \/>\n<meta property=\"og:site_name\" content=\"AIMM\" \/>\n<meta property=\"article:modified_time\" content=\"2021-02-08T10:28:11+00:00\" \/>\n<meta name=\"twitter:card\" content=\"summary_large_image\" \/>\n<meta name=\"twitter:label1\" content=\"Estimated reading time\" \/>\n\t<meta name=\"twitter:data1\" content=\"7 minutes\" \/>\n<script type=\"application\/ld+json\" class=\"yoast-schema-graph\">{\"@context\":\"https:\/\/schema.org\",\"@graph\":[{\"@type\":\"WebSite\",\"@id\":\"https:\/\/arhiva.aimm.eu\/#website\",\"url\":\"https:\/\/arhiva.aimm.eu\/\",\"name\":\"AIMM\",\"description\":\"Aeroportul Interna\\u021bional Maramure\\u0219\",\"potentialAction\":[{\"@type\":\"SearchAction\",\"target\":{\"@type\":\"EntryPoint\",\"urlTemplate\":\"https:\/\/arhiva.aimm.eu\/?s={search_term_string}\"},\"query-input\":\"required name=search_term_string\"}],\"inLanguage\":\"en-GB\"},{\"@type\":\"WebPage\",\"@id\":\"https:\/\/arhiva.aimm.eu\/stiri-si-infomatii\/ultimele-stiri-si-informatii\/#webpage\",\"url\":\"https:\/\/arhiva.aimm.eu\/stiri-si-infomatii\/ultimele-stiri-si-informatii\/\",\"name\":\"Ultimele \\u0219tiri \\u0219i informa\\u021bii - AIMM\",\"isPartOf\":{\"@id\":\"https:\/\/arhiva.aimm.eu\/#website\"},\"datePublished\":\"2020-09-23T07:47:05+00:00\",\"dateModified\":\"2021-02-08T10:28:11+00:00\",\"breadcrumb\":{\"@id\":\"https:\/\/arhiva.aimm.eu\/stiri-si-infomatii\/ultimele-stiri-si-informatii\/#breadcrumb\"},\"inLanguage\":\"en-GB\",\"potentialAction\":[{\"@type\":\"ReadAction\",\"target\":[\"https:\/\/arhiva.aimm.eu\/stiri-si-infomatii\/ultimele-stiri-si-informatii\/\"]}]},{\"@type\":\"BreadcrumbList\",\"@id\":\"https:\/\/arhiva.aimm.eu\/stiri-si-infomatii\/ultimele-stiri-si-informatii\/#breadcrumb\",\"itemListElement\":[{\"@type\":\"ListItem\",\"position\":1,\"name\":\"Home\",\"item\":\"https:\/\/arhiva.aimm.eu\/\"},{\"@type\":\"ListItem\",\"position\":2,\"name\":\"\\u0218tiri \\u0219i informa\\u021bii\",\"item\":\"https:\/\/arhiva.aimm.eu\/stiri-si-infomatii\/\"},{\"@type\":\"ListItem\",\"position\":3,\"name\":\"Ultimele \\u0219tiri \\u0219i informa\\u021bii\"}]}]}<\/script>\n<!-- \/ Yoast SEO plugin. -->","yoast_head_json":{"robots":{"index":"noindex","follow":"follow","max-snippet":"max-snippet:-1","max-image-preview":"max-image-preview:large","max-video-preview":"max-video-preview:-1"},"og_locale":"en_GB","og_type":"article","og_title":"Ultimele \u0219tiri \u0219i informa\u021bii - AIMM","og_description":"Anun\u021b privind selec\u021bia pentru postul de Director Dezvoltare calendarul selec\u021biei \u0219i a documentelor din dosarele de candidatura Consiliul de Administra\u021bie al Aeroportului Interna\u021bional Maramure\u0219 R.A. anun\u021b\u0103 organizarea selec\u021biei pentru postul de director dezvoltare, \u00een conformitate cu prevederile Ordonan\u021bei de Urgen\u021b\u0103 a Guvernului nr. 109\/2011, privind guvernan\u021ba corporativ\u0103 a \u00eentreprinderilor publice, cu modific\u0103rile \u015fi complet\u0103rile ulterioare [&hellip;]","og_url":"https:\/\/arhiva.aimm.eu\/en\/stiri-si-infomatii\/ultimele-stiri-si-informatii\/","og_site_name":"AIMM","article_modified_time":"2021-02-08T10:28:11+00:00","twitter_card":"summary_large_image","twitter_misc":{"Estimated reading time":"7 minutes"},"schema":{"@context":"https:\/\/schema.org","@graph":[{"@type":"WebSite","@id":"https:\/\/arhiva.aimm.eu\/#website","url":"https:\/\/arhiva.aimm.eu\/","name":"AIMM","description":"Aeroportul Interna\u021bional Maramure\u0219","potentialAction":[{"@type":"SearchAction","target":{"@type":"EntryPoint","urlTemplate":"https:\/\/arhiva.aimm.eu\/?s={search_term_string}"},"query-input":"required name=search_term_string"}],"inLanguage":"en-GB"},{"@type":"WebPage","@id":"https:\/\/arhiva.aimm.eu\/stiri-si-infomatii\/ultimele-stiri-si-informatii\/#webpage","url":"https:\/\/arhiva.aimm.eu\/stiri-si-infomatii\/ultimele-stiri-si-informatii\/","name":"Ultimele \u0219tiri \u0219i informa\u021bii - AIMM","isPartOf":{"@id":"https:\/\/arhiva.aimm.eu\/#website"},"datePublished":"2020-09-23T07:47:05+00:00","dateModified":"2021-02-08T10:28:11+00:00","breadcrumb":{"@id":"https:\/\/arhiva.aimm.eu\/stiri-si-infomatii\/ultimele-stiri-si-informatii\/#breadcrumb"},"inLanguage":"en-GB","potentialAction":[{"@type":"ReadAction","target":["https:\/\/arhiva.aimm.eu\/stiri-si-infomatii\/ultimele-stiri-si-informatii\/"]}]},{"@type":"BreadcrumbList","@id":"https:\/\/arhiva.aimm.eu\/stiri-si-infomatii\/ultimele-stiri-si-informatii\/#breadcrumb","itemListElement":[{"@type":"ListItem","position":1,"name":"Home","item":"https:\/\/arhiva.aimm.eu\/"},{"@type":"ListItem","position":2,"name":"\u0218tiri \u0219i informa\u021bii","item":"https:\/\/arhiva.aimm.eu\/stiri-si-infomatii\/"},{"@type":"ListItem","position":3,"name":"Ultimele \u0219tiri \u0219i informa\u021bii"}]}]}},"_links":{"self":[{"href":"https:\/\/arhiva.aimm.eu\/en\/wp-json\/wp\/v2\/pages\/76"}],"collection":[{"href":"https:\/\/arhiva.aimm.eu\/en\/wp-json\/wp\/v2\/pages"}],"about":[{"href":"https:\/\/arhiva.aimm.eu\/en\/wp-json\/wp\/v2\/types\/page"}],"author":[{"embeddable":true,"href":"https:\/\/arhiva.aimm.eu\/en\/wp-json\/wp\/v2\/users\/1"}],"replies":[{"embeddable":true,"href":"https:\/\/arhiva.aimm.eu\/en\/wp-json\/wp\/v2\/comments?post=76"}],"version-history":[{"count":5,"href":"https:\/\/arhiva.aimm.eu\/en\/wp-json\/wp\/v2\/pages\/76\/revisions"}],"predecessor-version":[{"id":1316,"href":"https:\/\/arhiva.aimm.eu\/en\/wp-json\/wp\/v2\/pages\/76\/revisions\/1316"}],"up":[{"embeddable":true,"href":"https:\/\/arhiva.aimm.eu\/en\/wp-json\/wp\/v2\/pages\/74"}],"wp:attachment":[{"href":"https:\/\/arhiva.aimm.eu\/en\/wp-json\/wp\/v2\/media?parent=76"}],"curies":[{"name":"wp","href":"https:\/\/api.w.org\/{rel}","templated":true}]}}